{"id":996,"date":"2023-12-13T21:54:07","date_gmt":"2023-12-13T21:54:07","guid":{"rendered":"https:\/\/casadeoracionhouston.com\/?page_id=996"},"modified":"2026-04-08T03:13:40","modified_gmt":"2026-04-08T03:13:40","slug":"desafio-juvenil-2023","status":"publish","type":"page","link":"https:\/\/casadeoracionhouston.com\/index.php\/desafio-juvenil-2023\/","title":{"rendered":"Desafio Juvenil 2023"},"content":{"rendered":"<div class=\"brz-root__container brz-reset-all brz brz-root__container-page\">\n<section id=\"_rIEj3aUUCF_4\" class=\"brz-section brz-css-l0syjb brz-css-w8d2g0\">\n<div class=\"brz-section__content brz-section--boxed brz-css-1dbxg81 brz-css-k3pqgt\" data-brz-custom-id=\"pCyriRS6f2G5\">\n<div class=\"brz-container brz-css-3yk6rq\">\n<div class=\"brz-row__container brz-css-193gari\" data-brz-custom-id=\"oZto6Ei95kFx\">\n<div class=\"brz-bg\"><\/div>\n<div class=\"brz-row brz-css-12m63t7 brz-css-5r2n2\">\n<div class=\"brz-columns brz-css-qmibdf brz-css-cq10wo\" data-brz-custom-id=\"wCynuMEcFcUU\">\n<div class=\"brz-bg\"><\/div>\n<div class=\"brz-column__items brz-css-yskx57 brz-css-167rjzb\">\n<div id=\"\" class=\"brz-css-1vxzxb4 brz-css-1en7u3x brz-wrapper\">\n<div class=\"brz-image brz-css-mn8tqs\" data-brz-custom-id=\"q0RoP0lnQ20l\"><img data-recalc-dims=\"1\" decoding=\"async\" class=\"brz-img\" src=\"https:\/\/i0.wp.com\/casadeoracionhouston.com\/wp-content\/uploads\/2023\/11\/Transparent-Logo-Black.png?w=800&#038;ssl=1\" alt=\"\" loading=\"lazy\"><\/div>\n<\/div>\n<\/div>\n<\/div>\n<div class=\"brz-columns brz-css-qmibdf brz-css-1szds7y\" data-brz-custom-id=\"wgzqkiIeVV2d\">\n<div class=\"brz-bg\">\n<div class=\"brz-bg-color\"><\/div>\n<\/div>\n<div class=\"brz-column__items brz-css-yskx57 brz-css-7eb0un\">\n<div class=\"brz-wrapper-clone brz-css-14dpqrj brz-css-1bjfkd\">\n<div class=\"brz-d-xs-flex brz-flex-xs-wrap brz-css-ln5qth brz-css-965ipo\" data-brz-custom-id=\"\">\n<div class=\"brz-wrapper-clone__item\" id=\"m_u43ZSo_E2M\"><a class=\"brz-a brz-anchor brz-btn brz-css-18092pk brz-css-qs1v6e brz-css-8uo30 brz-css-1k0vlyk\" href=\"#_\" target=\"_self\" rel=\"noopener\" data-brz-link-type=\"anchor\" data-brz-custom-id=\"m_u43ZSo_E2M\"><span data-brz-translate-text=\"1\" class=\"brz-span brz-text__editor\"><\/span><\/a><\/div>\n<div class=\"brz-wrapper-clone__item\" id=\"yRXL7Ke0Ezgu\"><a class=\"brz-a brz-btn brz-css-18092pk brz-css-l6d4o0 brz-css-8uo30 brz-css-mvtx02\" href=\"\" target=\"_self\" rel=\"noopener\" data-brz-link-type=\"external\" data-brz-custom-id=\"yRXL7Ke0Ezgu\"><span data-brz-translate-text=\"1\" class=\"brz-span brz-text__editor\">Home<\/span><\/a><\/div>\n<div class=\"brz-wrapper-clone__item\" id=\"u8QqFnSQNksG\"><a class=\"brz-a brz-btn brz-css-18092pk brz-css-1blnljx brz-css-8uo30 brz-css-18nmq0j\" href=\"https:\/\/casadeoracionhouston.com\/index.php\/declaracion-de-fe\/\" target=\"_self\" rel=\"noopener\" data-brz-link-type=\"external\" data-brz-custom-id=\"u8QqFnSQNksG\"><span data-brz-translate-text=\"1\" class=\"brz-span brz-text__editor\">Declaraci\u00f3n de Fe<br \/>\n<\/span><\/a><\/div>\n<div class=\"brz-wrapper-clone__item\" id=\"nFTkcLWMvXgg\"><a class=\"brz-a brz-btn brz-css-18092pk brz-css-119bfpl brz-css-8uo30 brz-css-vopt0w\" href=\"https:\/\/casadeoracionhouston.com\/index.php\/series-completa\/\" target=\"_self\" rel=\"noopener\" data-brz-link-type=\"external\" data-brz-custom-id=\"nFTkcLWMvXgg\"><span data-brz-translate-text=\"1\" class=\"brz-span brz-text__editor\">Series<\/span><\/a><\/div>\n<div class=\"brz-wrapper-clone__item\" id=\"wxxy2EqSk76G\"><a class=\"brz-a brz-btn brz-css-18092pk brz-css-1qfnv3 brz-css-8uo30 brz-css-ve8o0w\" href=\"https:\/\/casadeoracionhouston.com\/index.php\/series-en-audio\/\" target=\"_self\" rel=\"noopener\" data-brz-link-type=\"external\" data-brz-custom-id=\"wxxy2EqSk76G\"><span data-brz-translate-text=\"1\" class=\"brz-span brz-text__editor\">Series en Audio<\/span><\/a><\/div>\n<div class=\"brz-wrapper-clone__item\" id=\"fofqzl8fsfMS\"><a class=\"brz-a brz-btn brz-css-18092pk brz-css-1agsgbv brz-css-8uo30 brz-css-ku2a7o\" href=\"https:\/\/casadeoracionhouston.com\/index.php\/contacto\/\" target=\"_self\" rel=\"noopener\" data-brz-link-type=\"external\" data-brz-custom-id=\"fofqzl8fsfMS\"><span data-brz-translate-text=\"1\" class=\"brz-span brz-text__editor\">Contacto<\/span><\/a><\/div>\n<div class=\"brz-wrapper-clone__item\" id=\"iaBt0BOpUFFc\"><a class=\"brz-a brz-btn brz-css-18092pk brz-css-y39tp2 brz-css-8uo30 brz-css-1jxukxg\" href=\"https:\/\/docs.google.com\/forms\/d\/e\/1FAIpQLSfuZf2lBFYOMT2oXWV5O12I_-M9YZXBWiHxJqMKzABX4j9lTQ\/viewform\" target=\"_blank\" rel=\"noopener\" data-brz-link-type=\"external\" data-brz-custom-id=\"iaBt0BOpUFFc\"><span data-brz-translate-text=\"1\" class=\"brz-span brz-text__editor\">Ser miembro<\/span><\/a><\/div>\n<\/div>\n<\/div>\n<\/div>\n<\/div>\n<\/div>\n<\/div>\n<\/div>\n<\/div>\n<\/section>\n<section id=\"_hZY4TetMx3PO\" class=\"brz-section brz-css-l0syjb\">\n<div class=\"brz-section__content brz-section--boxed brz-css-1dbxg81\" data-brz-custom-id=\"c4mjLour5dr7\">\n<div class=\"brz-container brz-css-3yk6rq\">\n<div id=\"\" class=\"brz-css-1vxzxb4 brz-wrapper\">\n<div class=\"brz-wp-shortcode brz-css-1rnz8l4\" data-brz-custom-id=\"k7OdPv8DkXTn\">\n<div>\t\t\t<div \n\t\t\tclass=\"yotu-playlist yotuwp yotu-limit-min yotu-limit-max   yotu-thumb-169  yotu-template-list\" \n\t\t\tdata-page=\"1\"\n\t\t\tid=\"yotuwp-69e245b6d11b6\"\n\t\t\tdata-yotu=\"69e245b71d69b\"\n\t\t\tdata-total=\"1\"\n\t\t\tdata-settings=\"eyJ0eXBlIjoicGxheWxpc3QiLCJpZCI6IlBMM2hLcktrMlpJcXFQa2VoRXUyNll2dTlKcFhYODA4UEgiLCJwYWdpbmF0aW9uIjoib24iLCJwYWdpdHlwZSI6InBhZ2VyIiwiY29sdW1uIjoiNiIsInBlcl9wYWdlIjoiNTAiLCJ0ZW1wbGF0ZSI6Imxpc3QiLCJ0aXRsZSI6Im9uIiwiZGVzY3JpcHRpb24iOiJvZmYiLCJ0aHVtYnJhdGlvIjoiMTY5IiwibWV0YSI6Im9mZiIsIm1ldGFfZGF0YSI6Im9mZiIsIm1ldGFfcG9zaXRpb24iOiJvZmYiLCJkYXRlX2Zvcm1hdCI6Im9mZiIsIm1ldGFfYWxpZ24iOiJvZmYiLCJzdWJzY3JpYmUiOiJvZmYiLCJkdXJhdGlvbiI6Im9mZiIsIm1ldGFfaWNvbiI6Im9mZiIsIm5leHR0ZXh0IjoiIiwicHJldnRleHQiOiIiLCJsb2FkbW9yZXRleHQiOiIiLCJwbGF5ZXIiOnsibW9kZSI6ImxhcmdlIiwid2lkdGgiOiI2MDAiLCJzY3JvbGxpbmciOiIxMDAiLCJhdXRvcGxheSI6MSwiY29udHJvbHMiOjEsIm1vZGVzdGJyYW5kaW5nIjoxLCJsb29wIjowLCJhdXRvbmV4dCI6MCwic2hvd2luZm8iOjEsInJlbCI6MSwicGxheWluZyI6MCwicGxheWluZ19kZXNjcmlwdGlvbiI6MCwidGh1bWJuYWlscyI6MCwiY2NfbG9hZF9wb2xpY3kiOiIxIiwiY2NfbGFuZ19wcmVmIjoiMSIsImhsIjoiIiwiaXZfbG9hZF9wb2xpY3kiOiIxIiwiYW1wO2F1dG9uZXh0IjoxfSwibGFzdF90YWIiOiJhcGkiLCJ1c2VfYXNfbW9kYWwiOiJvZmYiLCJtb2RhbF9pZCI6Im9mZiIsImxhc3RfdXBkYXRlIjoiMTcwMDU4OTkxMiIsInN0eWxpbmciOnsicGFnZXJfbGF5b3V0IjoiZGVmYXVsdCIsImJ1dHRvbiI6IjEiLCJidXR0b25fY29sb3IiOiIiLCJidXR0b25fYmdfY29sb3IiOiIiLCJidXR0b25fY29sb3JfaG92ZXIiOiIiLCJidXR0b25fYmdfY29sb3JfaG92ZXIiOiIiLCJ2aWRlb19zdHlsZSI6IiIsInBsYXlpY29uX2NvbG9yIjoiIiwiaG92ZXJfaWNvbiI6IiIsImdhbGxlcnlfYmciOiIifSwiZWZmZWN0cyI6eyJ2aWRlb19ib3giOiIiLCJmbGlwX2VmZmVjdCI6IiJ9LCJnYWxsZXJ5X2lkIjoiNjllMjQ1YjZkMTFiNiIsIm5leHQiOiIiLCJwcmV2IjoiIn0=\"\n\t\t\tdata-player=\"large\"\n\t\t\tdata-showdesc=\"off\" >\n\t\t\t\t<div>\n\t\t\t\t\t\t\t\t\t\t<div class=\"yotu-wrapper-player\" style=\"width:600px\">\n\t\t\t\t\t\t\t\t\t\t\t\t<div class=\"yotu-player\">\n\t\t\t\t\t\t\t<div class=\"yotu-video-placeholder\" id=\"yotu-player-69e245b71d69b\"><\/div>\n\t\t\t\t\t\t<\/div>\n\t\t\t\t\t\t<div class=\"yotu-playing-status\"><\/div>\n\t\t\t\t\t\t\t\t\t\t\t<\/div>\n\n\t\t\t\t\t<div class=\"yotu-pagination yotu-hide yotu-pager_layout-default yotu-pagination-top\">\n<a href=\"#\" class=\"yotu-pagination-prev yotu-button-prs yotu-button-prs-1\" data-page=\"prev\">Prev<\/a>\n<span class=\"yotu-pagination-current\">1<\/span> <span>of<\/span> <span class=\"yotu-pagination-total\">1<\/span>\n<a href=\"#\" class=\"yotu-pagination-next yotu-button-prs yotu-button-prs-1\" data-page=\"next\">Next<\/a>\n<\/div>\n<div class=\"yotu-videos yotu-mode-list yotu-column-6 yotu-player-mode-large\">\n\t<ul>\n\t\t\t\t\t<li class=\" yotu-first\">\n\t\t\t\t\t\t\t\t<a href=\"#4OhRQ2XeF8I\" class=\"yotu-video\" data-videoid=\"4OhRQ2XeF8I\" data-title=\"01 | David Guevara | Los d\u00edas de No\u00e9 | Desaf\u00edo Juvenil | 06\/01\/2023\">\n\t\t\t\t\t<div class=\"yotu-video-thumb-wrp\">\n\t\t\t\t\t\t<div>\n\t\t\t\t\t\t\t\t\t\t\t\t\t\t<img data-recalc-dims=\"1\" decoding=\"async\" class=\"yotu-video-thumb\" src=\"https:\/\/i0.wp.com\/i.ytimg.com\/vi\/4OhRQ2XeF8I\/sddefault.jpg?w=800&#038;ssl=1\" alt=\"01 | David Guevara | Los d\u00edas de No\u00e9 | Desaf\u00edo Juvenil | 06\/01\/2023\" \/>\n\t\t\t\t\t\t\t\t\t\t\t\t\t<\/div>\n\t\t\t\t\t<\/div>\n\t\t\t\t\t\t\t\t\t\t\t<h3 class=\"yotu-video-title\">01 | David Guevara | Los d\u00edas de No\u00e9 | Desaf\u00edo Juvenil | 06\/01\/2023<\/h3>\n\t\t\t\t\t\t\t\t\t\t\t\t\t\t\t\t\t\t\t<\/a>\n\t\t\t\t\t\t\t<\/li>\n\t\t\t\t\n\t\t\t\t\t\t<li class=\"\">\n\t\t\t\t\t\t\t\t<a href=\"#bLmi38KqQUk\" class=\"yotu-video\" data-videoid=\"bLmi38KqQUk\" data-title=\"02 | Antonio Espinoza | Amo su venida | Desaf\u00edo Juvenil | 06\/01\/2023\">\n\t\t\t\t\t<div class=\"yotu-video-thumb-wrp\">\n\t\t\t\t\t\t<div>\n\t\t\t\t\t\t\t\t\t\t\t\t\t\t<img data-recalc-dims=\"1\" decoding=\"async\" class=\"yotu-video-thumb\" src=\"https:\/\/i0.wp.com\/i.ytimg.com\/vi\/bLmi38KqQUk\/sddefault.jpg?w=800&#038;ssl=1\" alt=\"02 | Antonio Espinoza | Amo su venida | Desaf\u00edo Juvenil | 06\/01\/2023\" \/>\n\t\t\t\t\t\t\t\t\t\t\t\t\t<\/div>\n\t\t\t\t\t<\/div>\n\t\t\t\t\t\t\t\t\t\t\t<h3 class=\"yotu-video-title\">02 | Antonio Espinoza | Amo su venida | Desaf\u00edo Juvenil | 06\/01\/2023<\/h3>\n\t\t\t\t\t\t\t\t\t\t\t\t\t\t\t\t\t\t\t<\/a>\n\t\t\t\t\t\t\t<\/li>\n\t\t\t\t\n\t\t\t\t\t\t<li class=\"\">\n\t\t\t\t\t\t\t\t<a href=\"#vCaFreIyMDA\" class=\"yotu-video\" data-videoid=\"vCaFreIyMDA\" data-title=\"03 | Arsenio Ram\u00edrez | Amores fr\u00edos | Desaf\u00edo Juvenil | 06\/02\/2023\">\n\t\t\t\t\t<div class=\"yotu-video-thumb-wrp\">\n\t\t\t\t\t\t<div>\n\t\t\t\t\t\t\t\t\t\t\t\t\t\t<img data-recalc-dims=\"1\" decoding=\"async\" class=\"yotu-video-thumb\" src=\"https:\/\/i0.wp.com\/i.ytimg.com\/vi\/vCaFreIyMDA\/sddefault.jpg?w=800&#038;ssl=1\" alt=\"03 | Arsenio Ram\u00edrez | Amores fr\u00edos | Desaf\u00edo Juvenil | 06\/02\/2023\" \/>\n\t\t\t\t\t\t\t\t\t\t\t\t\t<\/div>\n\t\t\t\t\t<\/div>\n\t\t\t\t\t\t\t\t\t\t\t<h3 class=\"yotu-video-title\">03 | Arsenio Ram\u00edrez | Amores fr\u00edos | Desaf\u00edo Juvenil | 06\/02\/2023<\/h3>\n\t\t\t\t\t\t\t\t\t\t\t\t\t\t\t\t\t\t\t<\/a>\n\t\t\t\t\t\t\t<\/li>\n\t\t\t\t\n\t\t\t\t\t\t<li class=\"\">\n\t\t\t\t\t\t\t\t<a href=\"#O4vljNeo9ZE\" class=\"yotu-video\" data-videoid=\"O4vljNeo9ZE\" data-title=\"04 | Daniel Ruvalcaba | Superando las distracciones | Desaf\u00edo Juvenil | 06\/02\/2023\">\n\t\t\t\t\t<div class=\"yotu-video-thumb-wrp\">\n\t\t\t\t\t\t<div>\n\t\t\t\t\t\t\t\t\t\t\t\t\t\t<img data-recalc-dims=\"1\" decoding=\"async\" class=\"yotu-video-thumb\" src=\"https:\/\/i0.wp.com\/i.ytimg.com\/vi\/O4vljNeo9ZE\/sddefault.jpg?w=800&#038;ssl=1\" alt=\"04 | Daniel Ruvalcaba | Superando las distracciones | Desaf\u00edo Juvenil | 06\/02\/2023\" \/>\n\t\t\t\t\t\t\t\t\t\t\t\t\t<\/div>\n\t\t\t\t\t<\/div>\n\t\t\t\t\t\t\t\t\t\t\t<h3 class=\"yotu-video-title\">04 | Daniel Ruvalcaba | Superando las distracciones | Desaf\u00edo Juvenil | 06\/02\/2023<\/h3>\n\t\t\t\t\t\t\t\t\t\t\t\t\t\t\t\t\t\t\t<\/a>\n\t\t\t\t\t\t\t<\/li>\n\t\t\t\t\n\t\t\t\t\t\t<li class=\"\">\n\t\t\t\t\t\t\t\t<a href=\"#OIzttJAdrWM\" class=\"yotu-video\" data-videoid=\"OIzttJAdrWM\" data-title=\"05 | Arsenio Ram\u00edrez | Vestido de Novia | Desaf\u00edo Juvenil | 06\/02\/2023\">\n\t\t\t\t\t<div class=\"yotu-video-thumb-wrp\">\n\t\t\t\t\t\t<div>\n\t\t\t\t\t\t\t\t\t\t\t\t\t\t<img data-recalc-dims=\"1\" decoding=\"async\" class=\"yotu-video-thumb\" src=\"https:\/\/i0.wp.com\/i.ytimg.com\/vi\/OIzttJAdrWM\/sddefault.jpg?w=800&#038;ssl=1\" alt=\"05 | Arsenio Ram\u00edrez | Vestido de Novia | Desaf\u00edo Juvenil | 06\/02\/2023\" \/>\n\t\t\t\t\t\t\t\t\t\t\t\t\t<\/div>\n\t\t\t\t\t<\/div>\n\t\t\t\t\t\t\t\t\t\t\t<h3 class=\"yotu-video-title\">05 | Arsenio Ram\u00edrez | Vestido de Novia | Desaf\u00edo Juvenil | 06\/02\/2023<\/h3>\n\t\t\t\t\t\t\t\t\t\t\t\t\t\t\t\t\t\t\t<\/a>\n\t\t\t\t\t\t\t<\/li>\n\t\t\t\t\n\t\t\t\t\t\t<li class=\"\">\n\t\t\t\t\t\t\t\t<a href=\"#NluB1N10opY\" class=\"yotu-video\" data-videoid=\"NluB1N10opY\" data-title=\"06 | Antonio Espinoza | El gran d\u00eda | Desaf\u00edo Juvenil | 06\/03\/2023\">\n\t\t\t\t\t<div class=\"yotu-video-thumb-wrp\">\n\t\t\t\t\t\t<div>\n\t\t\t\t\t\t\t\t\t\t\t\t\t\t<img data-recalc-dims=\"1\" decoding=\"async\" class=\"yotu-video-thumb\" src=\"https:\/\/i0.wp.com\/i.ytimg.com\/vi\/NluB1N10opY\/sddefault.jpg?w=800&#038;ssl=1\" alt=\"06 | Antonio Espinoza | El gran d\u00eda | Desaf\u00edo Juvenil | 06\/03\/2023\" \/>\n\t\t\t\t\t\t\t\t\t\t\t\t\t<\/div>\n\t\t\t\t\t<\/div>\n\t\t\t\t\t\t\t\t\t\t\t<h3 class=\"yotu-video-title\">06 | Antonio Espinoza | El gran d\u00eda | Desaf\u00edo Juvenil | 06\/03\/2023<\/h3>\n\t\t\t\t\t\t\t\t\t\t\t\t\t\t\t\t\t\t\t<\/a>\n\t\t\t\t\t\t\t<\/li>\n\t\t\t\t\n\t\t\t\t\t\t<li class=\"\">\n\t\t\t\t\t\t\t\t<a href=\"#EohoJGzpS74\" class=\"yotu-video\" data-videoid=\"EohoJGzpS74\" data-title=\"07 | Daniel Ruvalcaba | No hay tiempo que perder | Desaf\u00edo Juvenil | 06\/03\/2023\">\n\t\t\t\t\t<div class=\"yotu-video-thumb-wrp\">\n\t\t\t\t\t\t<div>\n\t\t\t\t\t\t\t\t\t\t\t\t\t\t<img data-recalc-dims=\"1\" decoding=\"async\" class=\"yotu-video-thumb\" src=\"https:\/\/i0.wp.com\/i.ytimg.com\/vi\/EohoJGzpS74\/sddefault.jpg?w=800&#038;ssl=1\" alt=\"07 | Daniel Ruvalcaba | No hay tiempo que perder | Desaf\u00edo Juvenil | 06\/03\/2023\" \/>\n\t\t\t\t\t\t\t\t\t\t\t\t\t<\/div>\n\t\t\t\t\t<\/div>\n\t\t\t\t\t\t\t\t\t\t\t<h3 class=\"yotu-video-title\">07 | Daniel Ruvalcaba | No hay tiempo que perder | Desaf\u00edo Juvenil | 06\/03\/2023<\/h3>\n\t\t\t\t\t\t\t\t\t\t\t\t\t\t\t\t\t\t\t<\/a>\n\t\t\t\t\t\t\t<\/li>\n\t\t\t\t\n\t\t\t\t<\/ul>\n<\/div><div class=\"yotu-pagination yotu-hide yotu-pager_layout-default yotu-pagination-bottom\">\n<a href=\"#\" class=\"yotu-pagination-prev yotu-button-prs yotu-button-prs-1\" data-page=\"prev\">Prev<\/a>\n<span class=\"yotu-pagination-current\">1<\/span> <span>of<\/span> <span class=\"yotu-pagination-total\">1<\/span>\n<a href=\"#\" class=\"yotu-pagination-next yotu-button-prs yotu-button-prs-1\" data-page=\"next\">Next<\/a>\n<\/div>\n\t\t\t\t<\/div>\n\t\t\t<\/div>\n\t\t\t<\/div>\n<\/div>\n<\/div>\n<\/div>\n<\/div>\n<\/section>\n<section id=\"_iF0HJzmtP_jP\" class=\"brz-section brz-css-l0syjb\">\n<div class=\"brz-section__content brz-section--boxed brz-css-1dbxg81 brz-css-13prbbo\" data-brz-custom-id=\"qIfGYj02gQcw\">\n<div class=\"brz-bg\">\n<div class=\"brz-bg-color\"><\/div>\n<\/div>\n<div class=\"brz-container brz-css-3yk6rq\">\n<div class=\"brz-row__container brz-css-193gari brz-css-1pqsora\" data-brz-custom-id=\"w4zgybTUpz2t\">\n<div class=\"brz-bg\"><\/div>\n<div class=\"brz-row brz-css-12m63t7 brz-css-5r2n2\">\n<div class=\"brz-columns brz-css-qmibdf brz-css-fo7tnj\" data-brz-custom-id=\"w5qctzFh5lzw\">\n<div class=\"brz-bg\"><\/div>\n<div class=\"brz-column__items brz-css-yskx57 brz-css-pdddtu\">\n<div id=\"\" class=\"brz-css-1vxzxb4 brz-css-nd3mco brz-wrapper\">\n<div class=\"brz-rich-text brz-rich-text__custom brz-css-qijnba\" data-brz-custom-id=\"rZJ8wNhsc_aX\">\n<div data-brz-translate-text=\"1\">\n<p class=\"brz-tp-lg-paragraph brz-tp-sm-paragraph brz-text-lg-left brz-text-xs-center brz-tp-xs-paragraph brz-css-fKemO\" data-generated-css=\"brz-css-tcdcw\" data-uniq-id=\"oqbtr\"><span class=\"brz-cp-color8\">Casa de Oraci\u00f3n Houston<\/span><\/p>\n<\/div>\n<\/div>\n<\/div>\n<\/div>\n<\/div>\n<div class=\"brz-columns brz-css-qmibdf\" data-brz-custom-id=\"gl6fMjijEXSX\">\n<div class=\"brz-bg\"><\/div>\n<div class=\"brz-column__items brz-css-yskx57 brz-css-6pny64\">\n<div class=\"brz-wrapper-clone brz-css-14dpqrj brz-css-qoy92j\">\n<div class=\"brz-d-xs-flex brz-flex-xs-wrap brz-css-ln5qth brz-css-1xmvwvn\" data-brz-custom-id=\"\">\n<div class=\"brz-wrapper-clone__item\" id=\"labRyiEGFbZa\">\n<div class=\"brz-icon__container\" data-brz-custom-id=\"labRyiEGFbZa\"><a class=\"brz-a\" href=\"https:\/\/soundcloud.com\/casadeoracionhoustontexas\" target=\"_self\" rel=\"noopener\" data-brz-link-type=\"external\"><span class=\"brz-icon brz-span brz-css-k7l32t brz-css-1l424qu\"><\/span><\/a><\/div>\n<\/div>\n<div class=\"brz-wrapper-clone__item\" id=\"g_fyyOtUhTBB\">\n<div class=\"brz-icon__container\" data-brz-custom-id=\"g_fyyOtUhTBB\"><a class=\"brz-a\" href=\"https:\/\/www.facebook.com\/casadeoracionhoustontx\" target=\"_self\" rel=\"noopener\" data-brz-link-type=\"external\"><span class=\"brz-icon brz-span brz-css-k7l32t brz-css-g01eg0\"><\/span><\/a><\/div>\n<\/div>\n<div class=\"brz-wrapper-clone__item\" id=\"fdnrk5334fio\">\n<div class=\"brz-icon__container\" data-brz-custom-id=\"fdnrk5334fio\"><a class=\"brz-a\" href=\"https:\/\/www.youtube.com\/@casadeoracionhoustontx-ofi656\" target=\"_self\" rel=\"noopener\" data-brz-link-type=\"external\"><span class=\"brz-icon brz-span brz-css-k7l32t brz-css-16wq89g\"><\/span><\/a><\/div>\n<\/div>\n<\/div>\n<\/div>\n<\/div>\n<\/div>\n<\/div>\n<\/div>\n<\/div>\n<\/div>\n<\/section>\n<\/div>\n<p>    <!-- version:1737121313 --><\/p>\n","protected":false},"excerpt":{"rendered":"<p>Home Declaraci\u00f3n de Fe Series Series en Audio Contacto Ser miembro Casa de Oraci\u00f3n Houston<\/p>\n","protected":false},"author":1,"featured_media":0,"parent":0,"menu_order":0,"comment_status":"closed","ping_status":"closed","template":"brizy-blank-template.php","meta":{"footnotes":""},"class_list":["post-996","page","type-page","status-publish","hentry"],"aioseo_notices":[],"jetpack_sharing_enabled":true,"brizy_media":[],"_links":{"self":[{"href":"https:\/\/casadeoracionhouston.com\/index.php\/wp-json\/wp\/v2\/pages\/996","targetHints":{"allow":["GET"]}}],"collection":[{"href":"https:\/\/casadeoracionhouston.com\/index.php\/wp-json\/wp\/v2\/pages"}],"about":[{"href":"https:\/\/casadeoracionhouston.com\/index.php\/wp-json\/wp\/v2\/types\/page"}],"author":[{"embeddable":true,"href":"https:\/\/casadeoracionhouston.com\/index.php\/wp-json\/wp\/v2\/users\/1"}],"replies":[{"embeddable":true,"href":"https:\/\/casadeoracionhouston.com\/index.php\/wp-json\/wp\/v2\/comments?post=996"}],"version-history":[{"count":5,"href":"https:\/\/casadeoracionhouston.com\/index.php\/wp-json\/wp\/v2\/pages\/996\/revisions"}],"predecessor-version":[{"id":1008,"href":"https:\/\/casadeoracionhouston.com\/index.php\/wp-json\/wp\/v2\/pages\/996\/revisions\/1008"}],"wp:attachment":[{"href":"https:\/\/casadeoracionhouston.com\/index.php\/wp-json\/wp\/v2\/media?parent=996"}],"curies":[{"name":"wp","href":"https:\/\/api.w.org\/{rel}","templated":true}]}}