{"id":272,"date":"2023-11-21T20:25:56","date_gmt":"2023-11-21T20:25:56","guid":{"rendered":"https:\/\/casadeoracionhouston.com\/?page_id=272"},"modified":"2026-04-09T00:32:31","modified_gmt":"2026-04-09T00:32:31","slug":"reuniones-cristianas-segun-la-biblia","status":"publish","type":"page","link":"https:\/\/casadeoracionhouston.com\/index.php\/reuniones-cristianas-segun-la-biblia\/","title":{"rendered":"Reuniones Cristianas Seg\u00fan La Biblia"},"content":{"rendered":"<div class=\"brz-root__container brz-reset-all brz brz-root__container-page\">\n<section id=\"_iqgobjihxsyahcymqisqacrzfoknrlhdhzpg\" class=\"brz-section brz-css-1fz3bj2 brz-css-p2kakc\">\n<div class=\"brz-section__content brz-section--boxed brz-css-vkzlnt brz-css-iq0upz\" data-brz-custom-id=\"fkvsgmcrfgrtfrprksxkrpylffjwfsnpofvm\">\n<div class=\"brz-container brz-css-84gobt\">\n<div class=\"brz-row__container brz-css-14yux8f\" data-brz-custom-id=\"mfopbnsbekicmwpzdujplgzjiflenhbdymxs\">\n<div class=\"brz-bg\"><\/div>\n<div class=\"brz-row brz-css-ve2tou brz-css-1i9vo60\">\n<div class=\"brz-columns brz-css-1hxm9sk brz-css-g6r98r\" data-brz-custom-id=\"eayvsjbhywqmakiaovpvscaljdrioouaemnq\">\n<div class=\"brz-bg\"><\/div>\n<div class=\"brz-column__items brz-css-ybofhk brz-css-1ls73ty\">\n<div id=\"\" class=\"brz-css-1dgz18x brz-css-37k3hx brz-wrapper\">\n<div class=\"brz-image brz-css-17yipfi\" data-brz-custom-id=\"ezgpqbsvwnuqirgcmeohvcthpbzlvceaycai\"><img data-recalc-dims=\"1\" decoding=\"async\" class=\"brz-img\" src=\"https:\/\/i0.wp.com\/casadeoracionhouston.com\/wp-content\/uploads\/2023\/11\/Transparent-Logo-Black.png?w=800&#038;ssl=1\" alt=\"\" loading=\"lazy\"><\/div>\n<\/div>\n<\/div>\n<\/div>\n<div class=\"brz-columns brz-css-1hxm9sk brz-css-x88adt\" data-brz-custom-id=\"btoihyqytmqoisyepebyutvlezijoyqalioh\">\n<div class=\"brz-bg\">\n<div class=\"brz-bg-color\"><\/div>\n<\/div>\n<div class=\"brz-column__items brz-css-ybofhk brz-css-6k2wfk\">\n<div class=\"brz-wrapper-clone brz-css-jufi5a brz-css-r5eoj6\">\n<div class=\"brz-d-xs-flex brz-flex-xs-wrap brz-css-1tauw90 brz-css-1nzixf1\" data-brz-custom-id=\"\">\n<div class=\"brz-wrapper-clone__item\" id=\"qxqjmuiyvdfpwrcwkmndmewbnybfhleivtpw\"><a class=\"brz-a brz-anchor brz-btn brz-css-2xue9z brz-css-1hxqnjd brz-css-79ss9g brz-css-1rvd5a4\" href=\"#_\" target=\"_self\" rel=\"noopener\" data-brz-link-type=\"anchor\" data-brz-custom-id=\"qxqjmuiyvdfpwrcwkmndmewbnybfhleivtpw\"><span data-brz-translate-text=\"1\" class=\"brz-span brz-text__editor\"><\/span><\/a><\/div>\n<div class=\"brz-wrapper-clone__item\" id=\"tuubgnwkbvvnmvjehlzhnwlsmgkxvzxheppb\"><a class=\"brz-a brz-btn brz-css-2xue9z brz-css-1ps1u2v brz-css-79ss9g brz-css-1e2417b\" href=\"https:\/\/casadeoracionhouston.com\/\" target=\"_self\" rel=\"noopener\" data-brz-link-type=\"external\" data-brz-custom-id=\"tuubgnwkbvvnmvjehlzhnwlsmgkxvzxheppb\"><span data-brz-translate-text=\"1\" class=\"brz-span brz-text__editor\">Home<\/span><\/a><\/div>\n<div class=\"brz-wrapper-clone__item\" id=\"ffacgghpjqafysnmxffulwucdueimvwvdbgm\"><a class=\"brz-a brz-btn brz-css-2xue9z brz-css-z4f4nc brz-css-79ss9g brz-css-1up1ybj\" href=\"https:\/\/casadeoracionhouston.com\/index.php\/declaracion-de-fe\/\" target=\"_self\" rel=\"noopener\" data-brz-link-type=\"external\" data-brz-custom-id=\"ffacgghpjqafysnmxffulwucdueimvwvdbgm\"><span data-brz-translate-text=\"1\" class=\"brz-span brz-text__editor\">Declaraci\u00f3n de Fe<br \/>\n<\/span><\/a><\/div>\n<div class=\"brz-wrapper-clone__item\" id=\"faduytvrgnxyxuifqumkoudncrggldmfnlzb\"><a class=\"brz-a brz-btn brz-css-2xue9z brz-css-zlcifg brz-css-79ss9g brz-css-1dmaai6\" href=\"https:\/\/casadeoracionhouston.com\/index.php\/series-completa\/\" target=\"_self\" rel=\"noopener\" data-brz-link-type=\"external\" data-brz-custom-id=\"faduytvrgnxyxuifqumkoudncrggldmfnlzb\"><span data-brz-translate-text=\"1\" class=\"brz-span brz-text__editor\">Series<\/span><\/a><\/div>\n<div class=\"brz-wrapper-clone__item\" id=\"iscciupqeruufieffcvtnizdbafkfkfwtcnw\"><a class=\"brz-a brz-btn brz-css-2xue9z brz-css-1iam678 brz-css-79ss9g brz-css-7gebz1\" href=\"https:\/\/casadeoracionhouston.com\/index.php\/series-en-audio\/\" target=\"_self\" rel=\"noopener\" data-brz-link-type=\"external\" data-brz-custom-id=\"iscciupqeruufieffcvtnizdbafkfkfwtcnw\"><span data-brz-translate-text=\"1\" class=\"brz-span brz-text__editor\">Series en Audio<\/span><\/a><\/div>\n<div class=\"brz-wrapper-clone__item\" id=\"lhwubmtnvdimtiimflqdaivlsucahszltsvs\"><a class=\"brz-a brz-btn brz-css-2xue9z brz-css-191unvz brz-css-79ss9g brz-css-4zbkx3\" href=\"https:\/\/casadeoracionhouston.com\/index.php\/contacto\/\" target=\"_self\" rel=\"noopener\" data-brz-link-type=\"external\" data-brz-custom-id=\"lhwubmtnvdimtiimflqdaivlsucahszltsvs\"><span data-brz-translate-text=\"1\" class=\"brz-span brz-text__editor\">Contacto<\/span><\/a><\/div>\n<div class=\"brz-wrapper-clone__item\" id=\"hvrdmulvynefsmzbvuaqmdpjontvxzlzmzvg\"><a class=\"brz-a brz-btn brz-css-2xue9z brz-css-wumm0t brz-css-79ss9g brz-css-447juc\" href=\"https:\/\/docs.google.com\/forms\/d\/e\/1FAIpQLSfuZf2lBFYOMT2oXWV5O12I_-M9YZXBWiHxJqMKzABX4j9lTQ\/viewform\" target=\"_blank\" rel=\"noopener\" data-brz-link-type=\"external\" data-brz-custom-id=\"hvrdmulvynefsmzbvuaqmdpjontvxzlzmzvg\"><span data-brz-translate-text=\"1\" class=\"brz-span brz-text__editor\">Ser miembro<\/span><\/a><\/div>\n<\/div>\n<\/div>\n<\/div>\n<\/div>\n<\/div>\n<\/div>\n<\/div>\n<\/div>\n<\/section>\n<section id=\"_vzzaivgjafjptqzxlkmylkyekmcnzztbkvvw\" class=\"brz-section brz-css-1fz3bj2\">\n<div class=\"brz-section__content brz-section--boxed brz-css-vkzlnt brz-css-uekdsd\" data-brz-custom-id=\"fvksiuuyxwvtmusydbmdsobyvcrkgamjzpia\">\n<div class=\"brz-container brz-css-84gobt\">\n<div id=\"\" class=\"brz-css-1dgz18x brz-wrapper\">\n<div class=\"brz-rich-text brz-rich-text__custom brz-css-7x8fqe\" data-brz-custom-id=\"nviwtjekvbtoyhjhokujtcdqsfeadoynskvw\">\n<div data-brz-translate-text=\"1\">\n<h1 class=\"brz-tp-lg-heading1 brz-text-lg-center brz-css-bikho\" data-generated-css=\"brz-css-izhzi\" data-uniq-id=\"gwyjl\"><strong>Reuniones Cristianas Seg\u00fan La Biblia<\/strong><\/h1>\n<\/div>\n<\/div>\n<\/div>\n<\/div>\n<\/div>\n<\/section>\n<section id=\"_yjiidojbdrkaljouisvjlvwaiefmtnccrkik\" class=\"brz-section brz-css-1fz3bj2\">\n<div class=\"brz-section__content brz-section--boxed brz-css-vkzlnt brz-css-lnkj67\" data-brz-custom-id=\"mrlrpwqplbfamquwrllceaobdfkkbhrvuwei\">\n<div class=\"brz-container brz-css-84gobt\">\n<div id=\"\" class=\"brz-css-1dgz18x brz-wrapper\">\n<div class=\"brz-wp-shortcode brz-css-zpakrk\" data-brz-custom-id=\"nsxwbygdnayvuehcivybuhgojiazkswfwjam\">\n<div>\t\t\t<div \n\t\t\tclass=\"yotu-playlist yotuwp yotu-limit-min yotu-limit-max   yotu-thumb-169  yotu-template-list\" \n\t\t\tdata-page=\"1\"\n\t\t\tid=\"yotuwp-69e2470331bf4\"\n\t\t\tdata-yotu=\"69e2470373e55\"\n\t\t\tdata-total=\"1\"\n\t\t\tdata-settings=\"eyJ0eXBlIjoicGxheWxpc3QiLCJpZCI6IlBMM2hLcktrMlpJcXBSY0xNc2xVVGk4MTJFb1FWdkFNTm8iLCJwYWdpbmF0aW9uIjoib24iLCJwYWdpdHlwZSI6InBhZ2VyIiwiY29sdW1uIjoiMSIsInBlcl9wYWdlIjoiMTMiLCJ0ZW1wbGF0ZSI6Imxpc3QiLCJ0aXRsZSI6Im9uIiwiZGVzY3JpcHRpb24iOiJvZmYiLCJ0aHVtYnJhdGlvIjoiMTY5IiwibWV0YSI6Im9mZiIsIm1ldGFfZGF0YSI6Im9mZiIsIm1ldGFfcG9zaXRpb24iOiJvZmYiLCJkYXRlX2Zvcm1hdCI6Im9mZiIsIm1ldGFfYWxpZ24iOiJvZmYiLCJzdWJzY3JpYmUiOiJvZmYiLCJkdXJhdGlvbiI6Im9mZiIsIm1ldGFfaWNvbiI6Im9mZiIsIm5leHR0ZXh0IjoiIiwicHJldnRleHQiOiIiLCJsb2FkbW9yZXRleHQiOiIiLCJwbGF5ZXIiOnsibW9kZSI6ImxhcmdlIiwid2lkdGgiOiI2MDAiLCJzY3JvbGxpbmciOiIxMDAiLCJhdXRvcGxheSI6MSwiY29udHJvbHMiOjEsIm1vZGVzdGJyYW5kaW5nIjoxLCJsb29wIjowLCJhdXRvbmV4dCI6MCwic2hvd2luZm8iOjEsInJlbCI6MSwicGxheWluZyI6MCwicGxheWluZ19kZXNjcmlwdGlvbiI6MCwidGh1bWJuYWlscyI6MCwiY2NfbG9hZF9wb2xpY3kiOiIxIiwiY2NfbGFuZ19wcmVmIjoiMSIsImhsIjoiIiwiaXZfbG9hZF9wb2xpY3kiOiIxIiwiYW1wO2F1dG9uZXh0IjoxfSwibGFzdF90YWIiOiJhcGkiLCJ1c2VfYXNfbW9kYWwiOiJvZmYiLCJtb2RhbF9pZCI6Im9mZiIsImxhc3RfdXBkYXRlIjoiMTcwMDU4OTkxMiIsInN0eWxpbmciOnsicGFnZXJfbGF5b3V0IjoiZGVmYXVsdCIsImJ1dHRvbiI6IjEiLCJidXR0b25fY29sb3IiOiIiLCJidXR0b25fYmdfY29sb3IiOiIiLCJidXR0b25fY29sb3JfaG92ZXIiOiIiLCJidXR0b25fYmdfY29sb3JfaG92ZXIiOiIiLCJ2aWRlb19zdHlsZSI6IiIsInBsYXlpY29uX2NvbG9yIjoiIiwiaG92ZXJfaWNvbiI6IiIsImdhbGxlcnlfYmciOiIifSwiZWZmZWN0cyI6eyJ2aWRlb19ib3giOiIiLCJmbGlwX2VmZmVjdCI6IiJ9LCJnYWxsZXJ5X2lkIjoiNjllMjQ3MDMzMWJmNCIsIm5leHQiOiIiLCJwcmV2IjoiIn0=\"\n\t\t\tdata-player=\"large\"\n\t\t\tdata-showdesc=\"off\" >\n\t\t\t\t<div>\n\t\t\t\t\t\t\t\t\t\t<div class=\"yotu-wrapper-player\" style=\"width:600px\">\n\t\t\t\t\t\t\t\t\t\t\t\t<div class=\"yotu-player\">\n\t\t\t\t\t\t\t<div class=\"yotu-video-placeholder\" id=\"yotu-player-69e2470373e55\"><\/div>\n\t\t\t\t\t\t<\/div>\n\t\t\t\t\t\t<div class=\"yotu-playing-status\"><\/div>\n\t\t\t\t\t\t\t\t\t\t\t<\/div>\n\n\t\t\t\t\t<div class=\"yotu-pagination yotu-hide yotu-pager_layout-default yotu-pagination-top\">\n<a href=\"#\" class=\"yotu-pagination-prev yotu-button-prs yotu-button-prs-1\" data-page=\"prev\">Prev<\/a>\n<span class=\"yotu-pagination-current\">1<\/span> <span>of<\/span> <span class=\"yotu-pagination-total\">1<\/span>\n<a href=\"#\" class=\"yotu-pagination-next yotu-button-prs yotu-button-prs-1\" data-page=\"next\">Next<\/a>\n<\/div>\n<div class=\"yotu-videos yotu-mode-list yotu-column-1 yotu-player-mode-large\">\n\t<ul>\n\t\t\t\t\t<li class=\" yotu-first\">\n\t\t\t\t\t\t\t\t<a href=\"#T23T4mImRss\" class=\"yotu-video\" data-videoid=\"T23T4mImRss\" data-title=\"01 | David Guevara | La Biblia es el modelo para nuestras reuniones | 06\/30\/23\">\n\t\t\t\t\t<div class=\"yotu-video-thumb-wrp\">\n\t\t\t\t\t\t<div>\n\t\t\t\t\t\t\t\t\t\t\t\t\t\t<img data-recalc-dims=\"1\" decoding=\"async\" class=\"yotu-video-thumb\" src=\"https:\/\/i0.wp.com\/i.ytimg.com\/vi\/T23T4mImRss\/sddefault.jpg?w=800&#038;ssl=1\" alt=\"01 | David Guevara | La Biblia es el modelo para nuestras reuniones | 06\/30\/23\" \/>\n\t\t\t\t\t\t\t\t\t\t\t\t\t<\/div>\n\t\t\t\t\t<\/div>\n\t\t\t\t\t\t\t\t\t\t\t<h3 class=\"yotu-video-title\">01 | David Guevara | La Biblia es el modelo para nuestras reuniones | 06\/30\/23<\/h3>\n\t\t\t\t\t\t\t\t\t\t\t\t\t\t\t\t\t\t\t<\/a>\n\t\t\t\t\t\t\t<\/li>\n\t\t\t\t\n\t\t\t\t\t\t<li class=\"\">\n\t\t\t\t\t\t\t\t<a href=\"#XvYJBhgNvuk\" class=\"yotu-video\" data-videoid=\"XvYJBhgNvuk\" data-title=\"02 | David Guevara | La comuni\u00f3n con Dios | 07\/07\/23\">\n\t\t\t\t\t<div class=\"yotu-video-thumb-wrp\">\n\t\t\t\t\t\t<div>\n\t\t\t\t\t\t\t\t\t\t\t\t\t\t<img data-recalc-dims=\"1\" decoding=\"async\" class=\"yotu-video-thumb\" src=\"https:\/\/i0.wp.com\/i.ytimg.com\/vi\/XvYJBhgNvuk\/sddefault.jpg?w=800&#038;ssl=1\" alt=\"02 | David Guevara | La comuni\u00f3n con Dios | 07\/07\/23\" \/>\n\t\t\t\t\t\t\t\t\t\t\t\t\t<\/div>\n\t\t\t\t\t<\/div>\n\t\t\t\t\t\t\t\t\t\t\t<h3 class=\"yotu-video-title\">02 | David Guevara | La comuni\u00f3n con Dios | 07\/07\/23<\/h3>\n\t\t\t\t\t\t\t\t\t\t\t\t\t\t\t\t\t\t\t<\/a>\n\t\t\t\t\t\t\t<\/li>\n\t\t\t\t\n\t\t\t\t\t\t<li class=\"\">\n\t\t\t\t\t\t\t\t<a href=\"#Th6CHSJZ0WE\" class=\"yotu-video\" data-videoid=\"Th6CHSJZ0WE\" data-title=\"03 | David Guevara | \u00bfSon malas las emociones? | 07\/21\/23\">\n\t\t\t\t\t<div class=\"yotu-video-thumb-wrp\">\n\t\t\t\t\t\t<div>\n\t\t\t\t\t\t\t\t\t\t\t\t\t\t<img data-recalc-dims=\"1\" decoding=\"async\" class=\"yotu-video-thumb\" src=\"https:\/\/i0.wp.com\/i.ytimg.com\/vi\/Th6CHSJZ0WE\/sddefault.jpg?w=800&#038;ssl=1\" alt=\"03 | David Guevara | \u00bfSon malas las emociones? | 07\/21\/23\" \/>\n\t\t\t\t\t\t\t\t\t\t\t\t\t<\/div>\n\t\t\t\t\t<\/div>\n\t\t\t\t\t\t\t\t\t\t\t<h3 class=\"yotu-video-title\">03 | David Guevara | \u00bfSon malas las emociones? | 07\/21\/23<\/h3>\n\t\t\t\t\t\t\t\t\t\t\t\t\t\t\t\t\t\t\t<\/a>\n\t\t\t\t\t\t\t<\/li>\n\t\t\t\t\n\t\t\t\t\t\t<li class=\"\">\n\t\t\t\t\t\t\t\t<a href=\"#Ns1nYbfqFX8\" class=\"yotu-video\" data-videoid=\"Ns1nYbfqFX8\" data-title=\"04 | David Guevara | Todos participamos en la reuni\u00f3n | 08\/04\/23\">\n\t\t\t\t\t<div class=\"yotu-video-thumb-wrp\">\n\t\t\t\t\t\t<div>\n\t\t\t\t\t\t\t\t\t\t\t\t\t\t<img data-recalc-dims=\"1\" decoding=\"async\" class=\"yotu-video-thumb\" src=\"https:\/\/i0.wp.com\/i.ytimg.com\/vi\/Ns1nYbfqFX8\/sddefault.jpg?w=800&#038;ssl=1\" alt=\"04 | David Guevara | Todos participamos en la reuni\u00f3n | 08\/04\/23\" \/>\n\t\t\t\t\t\t\t\t\t\t\t\t\t<\/div>\n\t\t\t\t\t<\/div>\n\t\t\t\t\t\t\t\t\t\t\t<h3 class=\"yotu-video-title\">04 | David Guevara | Todos participamos en la reuni\u00f3n | 08\/04\/23<\/h3>\n\t\t\t\t\t\t\t\t\t\t\t\t\t\t\t\t\t\t\t<\/a>\n\t\t\t\t\t\t\t<\/li>\n\t\t\t\t\n\t\t\t\t\t\t<li class=\"\">\n\t\t\t\t\t\t\t\t<a href=\"#tvHF17WYzUQ\" class=\"yotu-video\" data-videoid=\"tvHF17WYzUQ\" data-title=\"05 | David Guevara | La alabanza y sus expresiones | 08\/18\/23\">\n\t\t\t\t\t<div class=\"yotu-video-thumb-wrp\">\n\t\t\t\t\t\t<div>\n\t\t\t\t\t\t\t\t\t\t\t\t\t\t<img data-recalc-dims=\"1\" decoding=\"async\" class=\"yotu-video-thumb\" src=\"https:\/\/i0.wp.com\/i.ytimg.com\/vi\/tvHF17WYzUQ\/sddefault.jpg?w=800&#038;ssl=1\" alt=\"05 | David Guevara | La alabanza y sus expresiones | 08\/18\/23\" \/>\n\t\t\t\t\t\t\t\t\t\t\t\t\t<\/div>\n\t\t\t\t\t<\/div>\n\t\t\t\t\t\t\t\t\t\t\t<h3 class=\"yotu-video-title\">05 | David Guevara | La alabanza y sus expresiones | 08\/18\/23<\/h3>\n\t\t\t\t\t\t\t\t\t\t\t\t\t\t\t\t\t\t\t<\/a>\n\t\t\t\t\t\t\t<\/li>\n\t\t\t\t\n\t\t\t\t\t\t<li class=\"\">\n\t\t\t\t\t\t\t\t<a href=\"#s7VmuA33Fjs\" class=\"yotu-video\" data-videoid=\"s7VmuA33Fjs\" data-title=\"06 | David Guevara | La oraci\u00f3n y sus expresiones | 09\/01\/23\">\n\t\t\t\t\t<div class=\"yotu-video-thumb-wrp\">\n\t\t\t\t\t\t<div>\n\t\t\t\t\t\t\t\t\t\t\t\t\t\t<img data-recalc-dims=\"1\" decoding=\"async\" class=\"yotu-video-thumb\" src=\"https:\/\/i0.wp.com\/i.ytimg.com\/vi\/s7VmuA33Fjs\/sddefault.jpg?w=800&#038;ssl=1\" alt=\"06 | David Guevara | La oraci\u00f3n y sus expresiones | 09\/01\/23\" \/>\n\t\t\t\t\t\t\t\t\t\t\t\t\t<\/div>\n\t\t\t\t\t<\/div>\n\t\t\t\t\t\t\t\t\t\t\t<h3 class=\"yotu-video-title\">06 | David Guevara | La oraci\u00f3n y sus expresiones | 09\/01\/23<\/h3>\n\t\t\t\t\t\t\t\t\t\t\t\t\t\t\t\t\t\t\t<\/a>\n\t\t\t\t\t\t\t<\/li>\n\t\t\t\t\n\t\t\t\t\t\t<li class=\"\">\n\t\t\t\t\t\t\t\t<a href=\"#rdao4yThZJc\" class=\"yotu-video\" data-videoid=\"rdao4yThZJc\" data-title=\"07 | David Guevara | En una reuni\u00f3n cristiana hay doctrina | 09\/08\/23\">\n\t\t\t\t\t<div class=\"yotu-video-thumb-wrp\">\n\t\t\t\t\t\t<div>\n\t\t\t\t\t\t\t\t\t\t\t\t\t\t<img data-recalc-dims=\"1\" decoding=\"async\" class=\"yotu-video-thumb\" src=\"https:\/\/i0.wp.com\/i.ytimg.com\/vi\/rdao4yThZJc\/sddefault.jpg?w=800&#038;ssl=1\" alt=\"07 | David Guevara | En una reuni\u00f3n cristiana hay doctrina | 09\/08\/23\" \/>\n\t\t\t\t\t\t\t\t\t\t\t\t\t<\/div>\n\t\t\t\t\t<\/div>\n\t\t\t\t\t\t\t\t\t\t\t<h3 class=\"yotu-video-title\">07 | David Guevara | En una reuni\u00f3n cristiana hay doctrina | 09\/08\/23<\/h3>\n\t\t\t\t\t\t\t\t\t\t\t\t\t\t\t\t\t\t\t<\/a>\n\t\t\t\t\t\t\t<\/li>\n\t\t\t\t\n\t\t\t\t\t\t<li class=\"\">\n\t\t\t\t\t\t\t\t<a href=\"#4nve9tFaadY\" class=\"yotu-video\" data-videoid=\"4nve9tFaadY\" data-title=\"08 | En una reuni\u00f3n cristiana hay lengua | 09\/29\/23\">\n\t\t\t\t\t<div class=\"yotu-video-thumb-wrp\">\n\t\t\t\t\t\t<div>\n\t\t\t\t\t\t\t\t\t\t\t\t\t\t<img data-recalc-dims=\"1\" decoding=\"async\" class=\"yotu-video-thumb\" src=\"https:\/\/i0.wp.com\/i.ytimg.com\/vi\/4nve9tFaadY\/sddefault.jpg?w=800&#038;ssl=1\" alt=\"08 | En una reuni\u00f3n cristiana hay lengua | 09\/29\/23\" \/>\n\t\t\t\t\t\t\t\t\t\t\t\t\t<\/div>\n\t\t\t\t\t<\/div>\n\t\t\t\t\t\t\t\t\t\t\t<h3 class=\"yotu-video-title\">08 | En una reuni\u00f3n cristiana hay lengua | 09\/29\/23<\/h3>\n\t\t\t\t\t\t\t\t\t\t\t\t\t\t\t\t\t\t\t<\/a>\n\t\t\t\t\t\t\t<\/li>\n\t\t\t\t\n\t\t\t\t\t\t<li class=\"\">\n\t\t\t\t\t\t\t\t<a href=\"#i5yTXNsyOQM\" class=\"yotu-video\" data-videoid=\"i5yTXNsyOQM\" data-title=\"09 | David Guevara | En una reuni\u00f3n cristiana hay interpretac\u00f3n | 10\/06\/23\">\n\t\t\t\t\t<div class=\"yotu-video-thumb-wrp\">\n\t\t\t\t\t\t<div>\n\t\t\t\t\t\t\t\t\t\t\t\t\t\t<img data-recalc-dims=\"1\" decoding=\"async\" class=\"yotu-video-thumb\" src=\"https:\/\/i0.wp.com\/i.ytimg.com\/vi\/i5yTXNsyOQM\/sddefault.jpg?w=800&#038;ssl=1\" alt=\"09 | David Guevara | En una reuni\u00f3n cristiana hay interpretac\u00f3n | 10\/06\/23\" \/>\n\t\t\t\t\t\t\t\t\t\t\t\t\t<\/div>\n\t\t\t\t\t<\/div>\n\t\t\t\t\t\t\t\t\t\t\t<h3 class=\"yotu-video-title\">09 | David Guevara | En una reuni\u00f3n cristiana hay interpretac\u00f3n | 10\/06\/23<\/h3>\n\t\t\t\t\t\t\t\t\t\t\t\t\t\t\t\t\t\t\t<\/a>\n\t\t\t\t\t\t\t<\/li>\n\t\t\t\t\n\t\t\t\t\t\t<li class=\"\">\n\t\t\t\t\t\t\t\t<a href=\"#-wwKRrlVo60\" class=\"yotu-video\" data-videoid=\"-wwKRrlVo60\" data-title=\"10 | David Guevara | En una reuni\u00f3n cristiana hay revelaci\u00f3n | 10\/13\/23\">\n\t\t\t\t\t<div class=\"yotu-video-thumb-wrp\">\n\t\t\t\t\t\t<div>\n\t\t\t\t\t\t\t\t\t\t\t\t\t\t<img data-recalc-dims=\"1\" decoding=\"async\" class=\"yotu-video-thumb\" src=\"https:\/\/i0.wp.com\/i.ytimg.com\/vi\/-wwKRrlVo60\/sddefault.jpg?w=800&#038;ssl=1\" alt=\"10 | David Guevara | En una reuni\u00f3n cristiana hay revelaci\u00f3n | 10\/13\/23\" \/>\n\t\t\t\t\t\t\t\t\t\t\t\t\t<\/div>\n\t\t\t\t\t<\/div>\n\t\t\t\t\t\t\t\t\t\t\t<h3 class=\"yotu-video-title\">10 | David Guevara | En una reuni\u00f3n cristiana hay revelaci\u00f3n | 10\/13\/23<\/h3>\n\t\t\t\t\t\t\t\t\t\t\t\t\t\t\t\t\t\t\t<\/a>\n\t\t\t\t\t\t\t<\/li>\n\t\t\t\t\n\t\t\t\t\t\t<li class=\"\">\n\t\t\t\t\t\t\t\t<a href=\"#i6UL_G28n1I\" class=\"yotu-video\" data-videoid=\"i6UL_G28n1I\" data-title=\"12 | David Guevara | En una reuni\u00f3n cristiana hay cena del Se\u00f1or | 10\/27\/23\">\n\t\t\t\t\t<div class=\"yotu-video-thumb-wrp\">\n\t\t\t\t\t\t<div>\n\t\t\t\t\t\t\t\t\t\t\t\t\t\t<img data-recalc-dims=\"1\" decoding=\"async\" class=\"yotu-video-thumb\" src=\"https:\/\/i0.wp.com\/i.ytimg.com\/vi\/i6UL_G28n1I\/sddefault.jpg?w=800&#038;ssl=1\" alt=\"12 | David Guevara | En una reuni\u00f3n cristiana hay cena del Se\u00f1or | 10\/27\/23\" \/>\n\t\t\t\t\t\t\t\t\t\t\t\t\t<\/div>\n\t\t\t\t\t<\/div>\n\t\t\t\t\t\t\t\t\t\t\t<h3 class=\"yotu-video-title\">12 | David Guevara | En una reuni\u00f3n cristiana hay cena del Se\u00f1or | 10\/27\/23<\/h3>\n\t\t\t\t\t\t\t\t\t\t\t\t\t\t\t\t\t\t\t<\/a>\n\t\t\t\t\t\t\t<\/li>\n\t\t\t\t\n\t\t\t\t\t\t<li class=\"\">\n\t\t\t\t\t\t\t\t<a href=\"#QHpReOo6b-A\" class=\"yotu-video\" data-videoid=\"QHpReOo6b-A\" data-title=\"13 | David Guevara | En una reuni\u00f3n cristiana hay compa\u00f1erismo | 11\/03\/23\">\n\t\t\t\t\t<div class=\"yotu-video-thumb-wrp\">\n\t\t\t\t\t\t<div>\n\t\t\t\t\t\t\t\t\t\t\t\t\t\t<img data-recalc-dims=\"1\" decoding=\"async\" class=\"yotu-video-thumb\" src=\"https:\/\/i0.wp.com\/i.ytimg.com\/vi\/QHpReOo6b-A\/sddefault.jpg?w=800&#038;ssl=1\" alt=\"13 | David Guevara | En una reuni\u00f3n cristiana hay compa\u00f1erismo | 11\/03\/23\" \/>\n\t\t\t\t\t\t\t\t\t\t\t\t\t<\/div>\n\t\t\t\t\t<\/div>\n\t\t\t\t\t\t\t\t\t\t\t<h3 class=\"yotu-video-title\">13 | David Guevara | En una reuni\u00f3n cristiana hay compa\u00f1erismo | 11\/03\/23<\/h3>\n\t\t\t\t\t\t\t\t\t\t\t\t\t\t\t\t\t\t\t<\/a>\n\t\t\t\t\t\t\t<\/li>\n\t\t\t\t\n\t\t\t\t<\/ul>\n<\/div><div class=\"yotu-pagination yotu-hide yotu-pager_layout-default yotu-pagination-bottom\">\n<a href=\"#\" class=\"yotu-pagination-prev yotu-button-prs yotu-button-prs-1\" data-page=\"prev\">Prev<\/a>\n<span class=\"yotu-pagination-current\">1<\/span> <span>of<\/span> <span class=\"yotu-pagination-total\">1<\/span>\n<a href=\"#\" class=\"yotu-pagination-next yotu-button-prs yotu-button-prs-1\" data-page=\"next\">Next<\/a>\n<\/div>\n\t\t\t\t<\/div>\n\t\t\t<\/div>\n\t\t\t<\/div>\n<\/div>\n<\/div>\n<\/div>\n<\/div>\n<\/section>\n<section id=\"_tszrpmcuxpeimcnoqkqevnwjklcuqddrpmbo\" class=\"brz-section brz-css-1fz3bj2\">\n<div class=\"brz-section__content brz-section--boxed brz-css-vkzlnt brz-css-1nbjjl3\" data-brz-custom-id=\"jzdwvcnyuyakrgkpsffqozrumjxkweuylwfn\">\n<div class=\"brz-bg\">\n<div class=\"brz-bg-color\"><\/div>\n<\/div>\n<div class=\"brz-container brz-css-84gobt\">\n<div class=\"brz-row__container brz-css-14yux8f brz-css-fl2vfi\" data-brz-custom-id=\"rfhxciqdgcgrkgbgrzbibtyfwaedvkokmscg\">\n<div class=\"brz-bg\"><\/div>\n<div class=\"brz-row brz-css-ve2tou brz-css-1i9vo60\">\n<div class=\"brz-columns brz-css-1hxm9sk brz-css-41ja2f\" data-brz-custom-id=\"jjfhgvbpbzrkncjrucfekxdwwupkhowzspje\">\n<div class=\"brz-bg\"><\/div>\n<div class=\"brz-column__items brz-css-ybofhk brz-css-13wahxs\">\n<div id=\"\" class=\"brz-css-1dgz18x brz-css-mpl1t8 brz-wrapper\">\n<div class=\"brz-rich-text brz-rich-text__custom brz-css-7x8fqe\" data-brz-custom-id=\"jcrnlzhjusezrbipcgumlsnisrluawbwcqsb\">\n<div data-brz-translate-text=\"1\">\n<p class=\"brz-tp-lg-paragraph brz-tp-sm-paragraph brz-text-lg-left brz-text-xs-center brz-tp-xs-paragraph brz-css-gyCPG\" data-generated-css=\"brz-css-tcdcw\" data-uniq-id=\"oqbtr\"><span class=\"brz-cp-color8\">Casa de Oraci\u00f3n Houston<\/span><\/p>\n<\/div>\n<\/div>\n<\/div>\n<\/div>\n<\/div>\n<div class=\"brz-columns brz-css-1hxm9sk\" data-brz-custom-id=\"gdwdspqlpbmzatoerlajjzdwrbqtvzowskhy\">\n<div class=\"brz-bg\"><\/div>\n<div class=\"brz-column__items brz-css-ybofhk brz-css-zarlxt\">\n<div class=\"brz-wrapper-clone brz-css-jufi5a brz-css-fuo6vf\">\n<div class=\"brz-d-xs-flex brz-flex-xs-wrap brz-css-1tauw90 brz-css-q9w321\" data-brz-custom-id=\"\">\n<div class=\"brz-wrapper-clone__item\" id=\"wyvbokxnjpnswypcfnhylorysypmnrulcckp\">\n<div class=\"brz-icon__container\" data-brz-custom-id=\"wyvbokxnjpnswypcfnhylorysypmnrulcckp\"><a class=\"brz-a\" href=\"https:\/\/soundcloud.com\/casadeoracionhoustontexas\" target=\"_self\" rel=\"noopener\" data-brz-link-type=\"external\"><span class=\"brz-icon brz-span brz-css-6gmtex brz-css-16u2zk2\"><\/span><\/a><\/div>\n<\/div>\n<div class=\"brz-wrapper-clone__item\" id=\"xipcsudivpwylainucvmoxydlvvbbetabkxh\">\n<div class=\"brz-icon__container\" data-brz-custom-id=\"xipcsudivpwylainucvmoxydlvvbbetabkxh\"><a class=\"brz-a\" href=\"https:\/\/www.facebook.com\/casadeoracionhoustontx\" target=\"_self\" rel=\"noopener\" data-brz-link-type=\"external\"><span class=\"brz-icon brz-span brz-css-6gmtex brz-css-158yaic\"><\/span><\/a><\/div>\n<\/div>\n<div class=\"brz-wrapper-clone__item\" id=\"porfnctuuguluayaesitmciutvxzkvujtbxy\">\n<div class=\"brz-icon__container\" data-brz-custom-id=\"porfnctuuguluayaesitmciutvxzkvujtbxy\"><a class=\"brz-a\" href=\"https:\/\/www.youtube.com\/@casadeoracionhoustontx-ofi656\" target=\"_self\" rel=\"noopener\" data-brz-link-type=\"external\"><span class=\"brz-icon brz-span brz-css-6gmtex brz-css-1uwumdu\"><\/span><\/a><\/div>\n<\/div>\n<\/div>\n<\/div>\n<\/div>\n<\/div>\n<\/div>\n<\/div>\n<\/div>\n<\/div>\n<\/section>\n<\/div>\n<p>    <!-- version:1737143966 --><\/p>\n","protected":false},"excerpt":{"rendered":"<p>Home Declaraci\u00f3n de Fe Series Series en Audio Contacto Ser miembro Reuniones Cristianas Seg\u00fan La Biblia Casa de Oraci\u00f3n Houston<\/p>\n","protected":false},"author":1,"featured_media":0,"parent":0,"menu_order":0,"comment_status":"closed","ping_status":"closed","template":"brizy-blank-template.php","meta":{"footnotes":""},"class_list":["post-272","page","type-page","status-publish","hentry"],"aioseo_notices":[],"jetpack_sharing_enabled":true,"brizy_media":[],"_links":{"self":[{"href":"https:\/\/casadeoracionhouston.com\/index.php\/wp-json\/wp\/v2\/pages\/272","targetHints":{"allow":["GET"]}}],"collection":[{"href":"https:\/\/casadeoracionhouston.com\/index.php\/wp-json\/wp\/v2\/pages"}],"about":[{"href":"https:\/\/casadeoracionhouston.com\/index.php\/wp-json\/wp\/v2\/types\/page"}],"author":[{"embeddable":true,"href":"https:\/\/casadeoracionhouston.com\/index.php\/wp-json\/wp\/v2\/users\/1"}],"replies":[{"embeddable":true,"href":"https:\/\/casadeoracionhouston.com\/index.php\/wp-json\/wp\/v2\/comments?post=272"}],"version-history":[{"count":15,"href":"https:\/\/casadeoracionhouston.com\/index.php\/wp-json\/wp\/v2\/pages\/272\/revisions"}],"predecessor-version":[{"id":648,"href":"https:\/\/casadeoracionhouston.com\/index.php\/wp-json\/wp\/v2\/pages\/272\/revisions\/648"}],"wp:attachment":[{"href":"https:\/\/casadeoracionhouston.com\/index.php\/wp-json\/wp\/v2\/media?parent=272"}],"curies":[{"name":"wp","href":"https:\/\/api.w.org\/{rel}","templated":true}]}}