{"id":252,"date":"2023-11-21T20:38:30","date_gmt":"2023-11-21T20:38:30","guid":{"rendered":"https:\/\/casadeoracionhouston.com\/?page_id=252"},"modified":"2026-04-07T21:28:39","modified_gmt":"2026-04-07T21:28:39","slug":"identidad-en-cristo-2","status":"publish","type":"page","link":"https:\/\/casadeoracionhouston.com\/index.php\/identidad-en-cristo-2\/","title":{"rendered":"Identidad en Cristo"},"content":{"rendered":"<div class=\"brz-root__container brz-reset-all brz brz-root__container-page\">\n<section id=\"_ioaaenyooufwcrchecqbwfvjbsgkcbkhhfsf\" class=\"brz-section brz-css-1d2nxvk brz-css-1yhycf3\">\n<div class=\"brz-section__content brz-section--boxed brz-css-o27wls brz-css-1u1blow\" data-brz-custom-id=\"ljueaeceutaezasufaaasfmfolandtchcnsx\">\n<div class=\"brz-container brz-css-1rk6ovq\">\n<div class=\"brz-row__container brz-css-258yiq\" data-brz-custom-id=\"qwnwubrrloxbrxwsslocfeyvysjjeumsvxlw\">\n<div class=\"brz-bg\"><\/div>\n<div class=\"brz-row brz-css-ap93pq brz-css-zitd4g\">\n<div class=\"brz-columns brz-css-i0g1nm brz-css-1vp3lmd\" data-brz-custom-id=\"qcsjtysblimgpmqcocrgldndnholfpijynre\">\n<div class=\"brz-bg\"><\/div>\n<div class=\"brz-column__items brz-css-1k040gz brz-css-1y5vgzo\">\n<div id=\"\" class=\"brz-css-17fevf6 brz-css-1lj9eya brz-wrapper\">\n<div class=\"brz-image brz-css-rhxnfl\" data-brz-custom-id=\"eqpxdkugqtcxvboapznumwnjjihjalmkhwsz\"><img data-recalc-dims=\"1\" decoding=\"async\" class=\"brz-img\" src=\"https:\/\/i0.wp.com\/casadeoracionhouston.com\/wp-content\/uploads\/2023\/11\/Transparent-Logo-Black.png?w=800&#038;ssl=1\" alt=\"\" loading=\"lazy\"><\/div>\n<\/div>\n<\/div>\n<\/div>\n<div class=\"brz-columns brz-css-i0g1nm brz-css-1jrdwrc\" data-brz-custom-id=\"buhqtewrkaednthkvzrfrddihlfhrsgnfkux\">\n<div class=\"brz-bg\">\n<div class=\"brz-bg-color\"><\/div>\n<\/div>\n<div class=\"brz-column__items brz-css-1k040gz brz-css-ue6cib\">\n<div class=\"brz-wrapper-clone brz-css-l68z15 brz-css-v8wmx9\">\n<div class=\"brz-d-xs-flex brz-flex-xs-wrap brz-css-sggv1n brz-css-1ty5n8i\" data-brz-custom-id=\"\">\n<div class=\"brz-wrapper-clone__item\" id=\"qmnhoylesclftbnrecwojufgxloixllokahj\"><a class=\"brz-a brz-anchor brz-btn brz-css-7o7tzc brz-css-rme8cr brz-css-1vfl265 brz-css-18232qz\" href=\"#_\" target=\"_self\" rel=\"noopener\" data-brz-link-type=\"anchor\" data-brz-custom-id=\"qmnhoylesclftbnrecwojufgxloixllokahj\"><span data-brz-translate-text=\"1\" class=\"brz-span brz-text__editor\"><\/span><\/a><\/div>\n<div class=\"brz-wrapper-clone__item\" id=\"pstwxgtdrmhzatloaesiwpmrrluwphqwajoj\"><a class=\"brz-a brz-btn brz-css-7o7tzc brz-css-1qugdll brz-css-1vfl265 brz-css-304q2f\" href=\"\" target=\"_self\" rel=\"noopener\" data-brz-link-type=\"external\" data-brz-custom-id=\"pstwxgtdrmhzatloaesiwpmrrluwphqwajoj\"><span data-brz-translate-text=\"1\" class=\"brz-span brz-text__editor\">Home<\/span><\/a><\/div>\n<div class=\"brz-wrapper-clone__item\" id=\"dpovudpzudxqevrprvyqudkoznavpqblrmcl\"><a class=\"brz-a brz-btn brz-css-7o7tzc brz-css-1s6kovn brz-css-1vfl265 brz-css-cc9egc\" href=\"https:\/\/casadeoracionhouston.com\/index.php\/declaracion-de-fe\/\" target=\"_self\" rel=\"noopener\" data-brz-link-type=\"external\" data-brz-custom-id=\"dpovudpzudxqevrprvyqudkoznavpqblrmcl\"><span data-brz-translate-text=\"1\" class=\"brz-span brz-text__editor\">Declaraci\u00f3n de Fe<br \/>\n<\/span><\/a><\/div>\n<div class=\"brz-wrapper-clone__item\" id=\"lmolrdtxdyzwduvxlsreyzdgmnhizyhizfdn\"><a class=\"brz-a brz-btn brz-css-7o7tzc brz-css-ellw2g brz-css-1vfl265 brz-css-rld76y\" href=\"https:\/\/casadeoracionhouston.com\/index.php\/series-completa\/\" target=\"_self\" rel=\"noopener\" data-brz-link-type=\"external\" data-brz-custom-id=\"lmolrdtxdyzwduvxlsreyzdgmnhizyhizfdn\"><span data-brz-translate-text=\"1\" class=\"brz-span brz-text__editor\">Series<\/span><\/a><\/div>\n<div class=\"brz-wrapper-clone__item\" id=\"qwzkohifhlykezsbkkenspzafguqbcamefmw\"><a class=\"brz-a brz-btn brz-css-7o7tzc brz-css-85wuxk brz-css-1vfl265 brz-css-1n8d8vm\" href=\"https:\/\/casadeoracionhouston.com\/index.php\/series-en-audio\/\" target=\"_self\" rel=\"noopener\" data-brz-link-type=\"external\" data-brz-custom-id=\"qwzkohifhlykezsbkkenspzafguqbcamefmw\"><span data-brz-translate-text=\"1\" class=\"brz-span brz-text__editor\">Series en Audio<\/span><\/a><\/div>\n<div class=\"brz-wrapper-clone__item\" id=\"kmocgreleolwsutocyruqcubvsnhavbktlxi\"><a class=\"brz-a brz-btn brz-css-7o7tzc brz-css-1fqiizi brz-css-1vfl265 brz-css-yaknrc\" href=\"https:\/\/casadeoracionhouston.com\/index.php\/contacto\/\" target=\"_self\" rel=\"noopener\" data-brz-link-type=\"external\" data-brz-custom-id=\"kmocgreleolwsutocyruqcubvsnhavbktlxi\"><span data-brz-translate-text=\"1\" class=\"brz-span brz-text__editor\">Contacto<\/span><\/a><\/div>\n<div class=\"brz-wrapper-clone__item\" id=\"kadaembvpuziouwygdvlqvelqkpbyxifprvy\"><a class=\"brz-a brz-btn brz-css-7o7tzc brz-css-2ckxtp brz-css-1vfl265 brz-css-1ydp0gb\" href=\"https:\/\/docs.google.com\/forms\/d\/e\/1FAIpQLSfuZf2lBFYOMT2oXWV5O12I_-M9YZXBWiHxJqMKzABX4j9lTQ\/viewform\" target=\"_blank\" rel=\"noopener\" data-brz-link-type=\"external\" data-brz-custom-id=\"kadaembvpuziouwygdvlqvelqkpbyxifprvy\"><span data-brz-translate-text=\"1\" class=\"brz-span brz-text__editor\">Ser miembro<\/span><\/a><\/div>\n<\/div>\n<\/div>\n<\/div>\n<\/div>\n<\/div>\n<\/div>\n<\/div>\n<\/div>\n<\/section>\n<section id=\"_ecwtbsnoucqrmvhglrrwdzpyqsmgjoaufhzq\" class=\"brz-section brz-css-1d2nxvk\">\n<div class=\"brz-section__content brz-section--boxed brz-css-o27wls brz-css-zhwtnr\" data-brz-custom-id=\"nenqwepmtgnmknqkkzxtmqvpruexhufmpqsh\">\n<div class=\"brz-container brz-css-1rk6ovq\">\n<div id=\"\" class=\"brz-css-17fevf6 brz-wrapper\">\n<div class=\"brz-rich-text brz-rich-text__custom brz-css-9g88rz\" data-brz-custom-id=\"ggwmxzrheoejsojazvaxpyyncrrcqmscetab\">\n<div data-brz-translate-text=\"1\">\n<p data-generated-css=\"brz-css-vxcbj\" data-uniq-id=\"cenqi\" class=\"brz-lh-lg-1_3 brz-ls-lg-m_1_5 brz-fw-lg-700 brz-fss-lg-px brz-fs-lg-65 brz-ft-google brz-ff-overpass brz-tp-lg-empty brz-text-lg-center brz-fss-xs-px brz-fw-xs-700 brz-ls-xs-m_1_5 brz-lh-xs-1_3 brz-tp-xs-empty brz-fs-xs-33 brz-css-yJkZr\"><strong>Serie: Identidad en Cristo &#8211; Reuni\u00f3n para j\u00f3venes<\/strong><\/p>\n<\/div>\n<\/div>\n<\/div>\n<\/div>\n<\/div>\n<\/section>\n<section id=\"_tqznoambvbzwdroejrbtlltzmnrbzlfyrreu\" class=\"brz-section brz-css-1d2nxvk\">\n<div class=\"brz-section__content brz-section--boxed brz-css-o27wls brz-css-pdzmjo\" data-brz-custom-id=\"rajxxznwsbcoybxckplfrzloxnrnmfzfupyd\">\n<div class=\"brz-container brz-css-1rk6ovq\">\n<div id=\"\" class=\"brz-css-17fevf6 brz-wrapper\">\n<div class=\"brz-wp-shortcode brz-css-1m2ofte\" data-brz-custom-id=\"uqvjkhacsikibbwfknpwydpiggyfiftxrylr\">\n<div>\t\t\t<div \n\t\t\tclass=\"yotu-playlist yotuwp yotu-limit-min   yotu-thumb-169  yotu-template-list\" \n\t\t\tdata-page=\"1\"\n\t\t\tid=\"yotuwp-69e245bd531ef\"\n\t\t\tdata-yotu=\"69e245bd95501\"\n\t\t\tdata-total=\"5\"\n\t\t\tdata-settings=\"eyJ0eXBlIjoicGxheWxpc3QiLCJpZCI6IlBMM2hLcktrMlpJcW9tNFp5M0VtSkVETHliRjI2eGxoejUiLCJwYWdpbmF0aW9uIjoib24iLCJwYWdpdHlwZSI6InBhZ2VyIiwiY29sdW1uIjoiMSIsInBlcl9wYWdlIjoiMyIsInRlbXBsYXRlIjoibGlzdCIsInRpdGxlIjoib24iLCJkZXNjcmlwdGlvbiI6Im9mZiIsInRodW1icmF0aW8iOiIxNjkiLCJtZXRhIjoib2ZmIiwibWV0YV9kYXRhIjoib2ZmIiwibWV0YV9wb3NpdGlvbiI6Im9mZiIsImRhdGVfZm9ybWF0Ijoib2ZmIiwibWV0YV9hbGlnbiI6Im9mZiIsInN1YnNjcmliZSI6Im9mZiIsImR1cmF0aW9uIjoib2ZmIiwibWV0YV9pY29uIjoib2ZmIiwibmV4dHRleHQiOiIiLCJwcmV2dGV4dCI6IiIsImxvYWRtb3JldGV4dCI6IiIsInBsYXllciI6eyJtb2RlIjoibGFyZ2UiLCJ3aWR0aCI6IjYwMCIsInNjcm9sbGluZyI6IjEwMCIsImF1dG9wbGF5IjoxLCJjb250cm9scyI6MSwibW9kZXN0YnJhbmRpbmciOjEsImxvb3AiOjAsImF1dG9uZXh0IjowLCJzaG93aW5mbyI6MSwicmVsIjoxLCJwbGF5aW5nIjowLCJwbGF5aW5nX2Rlc2NyaXB0aW9uIjowLCJ0aHVtYm5haWxzIjowLCJjY19sb2FkX3BvbGljeSI6IjEiLCJjY19sYW5nX3ByZWYiOiIxIiwiaGwiOiIiLCJpdl9sb2FkX3BvbGljeSI6IjEiLCJhbXA7YXV0b25leHQiOjF9LCJsYXN0X3RhYiI6ImFwaSIsInVzZV9hc19tb2RhbCI6Im9mZiIsIm1vZGFsX2lkIjoib2ZmIiwibGFzdF91cGRhdGUiOiIxNzAwNTg5OTEyIiwic3R5bGluZyI6eyJwYWdlcl9sYXlvdXQiOiJkZWZhdWx0IiwiYnV0dG9uIjoiMSIsImJ1dHRvbl9jb2xvciI6IiIsImJ1dHRvbl9iZ19jb2xvciI6IiIsImJ1dHRvbl9jb2xvcl9ob3ZlciI6IiIsImJ1dHRvbl9iZ19jb2xvcl9ob3ZlciI6IiIsInZpZGVvX3N0eWxlIjoiIiwicGxheWljb25fY29sb3IiOiIiLCJob3Zlcl9pY29uIjoiIiwiZ2FsbGVyeV9iZyI6IiJ9LCJlZmZlY3RzIjp7InZpZGVvX2JveCI6IiIsImZsaXBfZWZmZWN0IjoiIn0sImdhbGxlcnlfaWQiOiI2OWUyNDViZDUzMWVmIiwibmV4dCI6IkVBQWFIbEJVT2tOQlRXbEZSRlY1VFZSVmVWRnFVVFZPUkZwRVRXdFpNMDB3V1EiLCJwcmV2IjoiIn0=\"\n\t\t\tdata-player=\"large\"\n\t\t\tdata-showdesc=\"off\" >\n\t\t\t\t<div>\n\t\t\t\t\t\t\t\t\t\t<div class=\"yotu-wrapper-player\" style=\"width:600px\">\n\t\t\t\t\t\t\t\t\t\t\t\t<div class=\"yotu-player\">\n\t\t\t\t\t\t\t<div class=\"yotu-video-placeholder\" id=\"yotu-player-69e245bd95501\"><\/div>\n\t\t\t\t\t\t<\/div>\n\t\t\t\t\t\t<div class=\"yotu-playing-status\"><\/div>\n\t\t\t\t\t\t\t\t\t\t\t<\/div>\n\n\t\t\t\t\t<div class=\"yotu-pagination yotu-pager_layout-default yotu-pagination-top\">\n<a href=\"#\" class=\"yotu-pagination-prev yotu-button-prs yotu-button-prs-1\" data-page=\"prev\">Prev<\/a>\n<span class=\"yotu-pagination-current\">1<\/span> <span>of<\/span> <span class=\"yotu-pagination-total\">5<\/span>\n<a href=\"#\" class=\"yotu-pagination-next yotu-button-prs yotu-button-prs-1\" data-page=\"next\">Next<\/a>\n<\/div>\n<div class=\"yotu-videos yotu-mode-list yotu-column-1 yotu-player-mode-large\">\n\t<ul>\n\t\t\t\t\t<li class=\" yotu-first\">\n\t\t\t\t\t\t\t\t<a href=\"#Pykuo_FGrcc\" class=\"yotu-video\" data-videoid=\"Pykuo_FGrcc\" data-title=\"01 | Juan Luna | Identidad en Cristo | Reuni\u00f3n para j\u00f3venes | 9\/02\/2023\">\n\t\t\t\t\t<div class=\"yotu-video-thumb-wrp\">\n\t\t\t\t\t\t<div>\n\t\t\t\t\t\t\t\t\t\t\t\t\t\t<img data-recalc-dims=\"1\" decoding=\"async\" class=\"yotu-video-thumb\" src=\"https:\/\/i0.wp.com\/i.ytimg.com\/vi\/Pykuo_FGrcc\/sddefault.jpg?w=800&#038;ssl=1\" alt=\"01 | Juan Luna | Identidad en Cristo | Reuni\u00f3n para j\u00f3venes | 9\/02\/2023\" \/>\n\t\t\t\t\t\t\t\t\t\t\t\t\t<\/div>\n\t\t\t\t\t<\/div>\n\t\t\t\t\t\t\t\t\t\t\t<h3 class=\"yotu-video-title\">01 | Juan Luna | Identidad en Cristo | Reuni\u00f3n para j\u00f3venes | 9\/02\/2023<\/h3>\n\t\t\t\t\t\t\t\t\t\t\t\t\t\t\t\t\t\t\t<\/a>\n\t\t\t\t\t\t\t<\/li>\n\t\t\t\t\n\t\t\t\t\t\t<li class=\"\">\n\t\t\t\t\t\t\t\t<a href=\"#w8D1DI7E3H0\" class=\"yotu-video\" data-videoid=\"w8D1DI7E3H0\" data-title=\"02 | Juan Luna | hijos de Dios | Reuni\u00f3n para j\u00f3venes | 10\/07\/23\">\n\t\t\t\t\t<div class=\"yotu-video-thumb-wrp\">\n\t\t\t\t\t\t<div>\n\t\t\t\t\t\t\t\t\t\t\t\t\t\t<img data-recalc-dims=\"1\" decoding=\"async\" class=\"yotu-video-thumb\" src=\"https:\/\/i0.wp.com\/i.ytimg.com\/vi\/w8D1DI7E3H0\/sddefault.jpg?w=800&#038;ssl=1\" alt=\"02 | Juan Luna | hijos de Dios | Reuni\u00f3n para j\u00f3venes | 10\/07\/23\" \/>\n\t\t\t\t\t\t\t\t\t\t\t\t\t<\/div>\n\t\t\t\t\t<\/div>\n\t\t\t\t\t\t\t\t\t\t\t<h3 class=\"yotu-video-title\">02 | Juan Luna | hijos de Dios | Reuni\u00f3n para j\u00f3venes | 10\/07\/23<\/h3>\n\t\t\t\t\t\t\t\t\t\t\t\t\t\t\t\t\t\t\t<\/a>\n\t\t\t\t\t\t\t<\/li>\n\t\t\t\t\n\t\t\t\t\t\t<li class=\"\">\n\t\t\t\t\t\t\t\t<a href=\"#jvDiJ30bRx0\" class=\"yotu-video\" data-videoid=\"jvDiJ30bRx0\" data-title=\"03 | Juan Luna | Hijos de Dios (parte 2) | Reuni\u00f3n para j\u00f3venes 11\/04\/23\">\n\t\t\t\t\t<div class=\"yotu-video-thumb-wrp\">\n\t\t\t\t\t\t<div>\n\t\t\t\t\t\t\t\t\t\t\t\t\t\t<img data-recalc-dims=\"1\" decoding=\"async\" class=\"yotu-video-thumb\" src=\"https:\/\/i0.wp.com\/i.ytimg.com\/vi\/jvDiJ30bRx0\/sddefault.jpg?w=800&#038;ssl=1\" alt=\"03 | Juan Luna | Hijos de Dios (parte 2) | Reuni\u00f3n para j\u00f3venes 11\/04\/23\" \/>\n\t\t\t\t\t\t\t\t\t\t\t\t\t<\/div>\n\t\t\t\t\t<\/div>\n\t\t\t\t\t\t\t\t\t\t\t<h3 class=\"yotu-video-title\">03 | Juan Luna | Hijos de Dios (parte 2) | Reuni\u00f3n para j\u00f3venes 11\/04\/23<\/h3>\n\t\t\t\t\t\t\t\t\t\t\t\t\t\t\t\t\t\t\t<\/a>\n\t\t\t\t\t\t\t<\/li>\n\t\t\t\t\n\t\t\t\t<\/ul>\n<\/div><div class=\"yotu-pagination yotu-pager_layout-default yotu-pagination-bottom\">\n<a href=\"#\" class=\"yotu-pagination-prev yotu-button-prs yotu-button-prs-1\" data-page=\"prev\">Prev<\/a>\n<span class=\"yotu-pagination-current\">1<\/span> <span>of<\/span> <span class=\"yotu-pagination-total\">5<\/span>\n<a href=\"#\" class=\"yotu-pagination-next yotu-button-prs yotu-button-prs-1\" data-page=\"next\">Next<\/a>\n<\/div>\n\t\t\t\t<\/div>\n\t\t\t<\/div>\n\t\t\t<\/div>\n<\/div>\n<\/div>\n<\/div>\n<\/div>\n<\/section>\n<section id=\"_wluutxmnqplgxfynxqwfdsegbhyzcaqjmmqe\" class=\"brz-section brz-css-1d2nxvk\">\n<div class=\"brz-section__content brz-section--boxed brz-css-o27wls brz-css-f89a1u\" data-brz-custom-id=\"pkvxrtndqbvflhbybtqsudnkuyzdhnpaypgo\">\n<div class=\"brz-bg\">\n<div class=\"brz-bg-color\"><\/div>\n<\/div>\n<div class=\"brz-container brz-css-1rk6ovq\">\n<div class=\"brz-row__container brz-css-258yiq brz-css-18681b8\" data-brz-custom-id=\"wkoyiuuqxbaulxuexxgcigtxlqfqwgpgzkto\">\n<div class=\"brz-bg\"><\/div>\n<div class=\"brz-row brz-css-ap93pq brz-css-zitd4g\">\n<div class=\"brz-columns brz-css-i0g1nm brz-css-b3lpa3\" data-brz-custom-id=\"tphwtkhozfcenfntnlqxbtookyckxsbcmsky\">\n<div class=\"brz-bg\"><\/div>\n<div class=\"brz-column__items brz-css-1k040gz brz-css-okxqdk\">\n<div id=\"\" class=\"brz-css-17fevf6 brz-css-73vctj brz-wrapper\">\n<div class=\"brz-rich-text brz-rich-text__custom brz-css-9g88rz\" data-brz-custom-id=\"zwszlvvvyogudqhmlwvieyseuwizoexxoxdf\">\n<div data-brz-translate-text=\"1\">\n<p class=\"brz-tp-lg-paragraph brz-tp-sm-paragraph brz-text-lg-left brz-text-xs-center brz-tp-xs-paragraph brz-css-jGbAA\" data-generated-css=\"brz-css-tcdcw\" data-uniq-id=\"oqbtr\"><span class=\"brz-cp-color8\">Casa de Oraci\u00f3n Houston<\/span><\/p>\n<\/div>\n<\/div>\n<\/div>\n<\/div>\n<\/div>\n<div class=\"brz-columns brz-css-i0g1nm\" data-brz-custom-id=\"tvkhubovdjeosqfueyyiwzoxnamgygggfpdb\">\n<div class=\"brz-bg\"><\/div>\n<div class=\"brz-column__items brz-css-1k040gz brz-css-1nkcajp\">\n<div class=\"brz-wrapper-clone brz-css-l68z15 brz-css-igo0kl\">\n<div class=\"brz-d-xs-flex brz-flex-xs-wrap brz-css-sggv1n brz-css-1aqrse6\" data-brz-custom-id=\"\">\n<div class=\"brz-wrapper-clone__item\" id=\"vujtmykztsujaecjgecewmjebqzvbtremlxs\">\n<div class=\"brz-icon__container\" data-brz-custom-id=\"vujtmykztsujaecjgecewmjebqzvbtremlxs\"><a class=\"brz-a\" href=\"https:\/\/soundcloud.com\/casadeoracionhoustontexas\" target=\"_self\" rel=\"noopener\" data-brz-link-type=\"external\"><span class=\"brz-icon brz-span brz-css-1k3t0sf brz-css-ij458f\"><\/span><\/a><\/div>\n<\/div>\n<div class=\"brz-wrapper-clone__item\" id=\"pjncikansamuudihtadqhjvhsskyvuxqyhyw\">\n<div class=\"brz-icon__container\" data-brz-custom-id=\"pjncikansamuudihtadqhjvhsskyvuxqyhyw\"><a class=\"brz-a\" href=\"https:\/\/www.facebook.com\/casadeoracionhoustontx\" target=\"_self\" rel=\"noopener\" data-brz-link-type=\"external\"><span class=\"brz-icon brz-span brz-css-1k3t0sf brz-css-1ocdg8r\"><\/span><\/a><\/div>\n<\/div>\n<div class=\"brz-wrapper-clone__item\" id=\"tpantvkbdvyqldretycfxcndvmqialiwnxiw\">\n<div class=\"brz-icon__container\" data-brz-custom-id=\"tpantvkbdvyqldretycfxcndvmqialiwnxiw\"><a class=\"brz-a\" href=\"https:\/\/www.youtube.com\/@casadeoracionhoustontx-ofi656\" target=\"_self\" rel=\"noopener\" data-brz-link-type=\"external\"><span class=\"brz-icon brz-span brz-css-1k3t0sf brz-css-1n1n9t5\"><\/span><\/a><\/div>\n<\/div>\n<\/div>\n<\/div>\n<\/div>\n<\/div>\n<\/div>\n<\/div>\n<\/div>\n<\/div>\n<\/section>\n<\/div>\n<p>    <!-- version:1737134005 --><\/p>\n","protected":false},"excerpt":{"rendered":"<p>Home Declaraci\u00f3n de Fe Series Series en Audio Contacto Ser miembro Serie: Identidad en Cristo &#8211; Reuni\u00f3n para j\u00f3venes Casa de Oraci\u00f3n Houston<\/p>\n","protected":false},"author":1,"featured_media":0,"parent":0,"menu_order":0,"comment_status":"closed","ping_status":"closed","template":"brizy-blank-template.php","meta":{"footnotes":""},"class_list":["post-252","page","type-page","status-publish","hentry"],"aioseo_notices":[],"jetpack_sharing_enabled":true,"brizy_media":[],"_links":{"self":[{"href":"https:\/\/casadeoracionhouston.com\/index.php\/wp-json\/wp\/v2\/pages\/252","targetHints":{"allow":["GET"]}}],"collection":[{"href":"https:\/\/casadeoracionhouston.com\/index.php\/wp-json\/wp\/v2\/pages"}],"about":[{"href":"https:\/\/casadeoracionhouston.com\/index.php\/wp-json\/wp\/v2\/types\/page"}],"author":[{"embeddable":true,"href":"https:\/\/casadeoracionhouston.com\/index.php\/wp-json\/wp\/v2\/users\/1"}],"replies":[{"embeddable":true,"href":"https:\/\/casadeoracionhouston.com\/index.php\/wp-json\/wp\/v2\/comments?post=252"}],"version-history":[{"count":13,"href":"https:\/\/casadeoracionhouston.com\/index.php\/wp-json\/wp\/v2\/pages\/252\/revisions"}],"predecessor-version":[{"id":631,"href":"https:\/\/casadeoracionhouston.com\/index.php\/wp-json\/wp\/v2\/pages\/252\/revisions\/631"}],"wp:attachment":[{"href":"https:\/\/casadeoracionhouston.com\/index.php\/wp-json\/wp\/v2\/media?parent=252"}],"curies":[{"name":"wp","href":"https:\/\/api.w.org\/{rel}","templated":true}]}}