{"id":1472,"date":"2023-12-13T23:51:33","date_gmt":"2023-12-13T23:51:33","guid":{"rendered":"https:\/\/casadeoracionhouston.com\/?page_id=1472"},"modified":"2026-04-07T14:26:15","modified_gmt":"2026-04-07T14:26:15","slug":"tercer-aniversario-visita-pastoral","status":"publish","type":"page","link":"https:\/\/casadeoracionhouston.com\/index.php\/tercer-aniversario-visita-pastoral\/","title":{"rendered":"Tercer Aniversario | Visita Pastoral"},"content":{"rendered":"<div class=\"brz-root__container brz-reset-all brz brz-root__container-page\">\n<section id=\"_bVOkUBZEKjPj\" class=\"brz-section brz-css-1ycfj7u brz-css-1fhebb5\">\n<div class=\"brz-section__content brz-section--boxed brz-css-1p8igh5 brz-css-13c7qfu\" data-brz-custom-id=\"z04SZGqDI0vO\">\n<div class=\"brz-container brz-css-14nogw5\">\n<div class=\"brz-row__container brz-css-1evwani\" data-brz-custom-id=\"p7Z_vPSXBYxx\">\n<div class=\"brz-bg\"><\/div>\n<div class=\"brz-row brz-css-1g74yi6 brz-css-165gbok\">\n<div class=\"brz-columns brz-css-caya9o brz-css-1lpc9u5\" data-brz-custom-id=\"sRtXDSpvCZbe\">\n<div class=\"brz-bg\"><\/div>\n<div class=\"brz-column__items brz-css-213v4f brz-css-thsn5t\">\n<div id=\"\" class=\"brz-css-dhiqw2 brz-css-17sdcid brz-wrapper\">\n<div class=\"brz-image brz-css-ma6fie\" data-brz-custom-id=\"okw4NXS_hRRi\"><img data-recalc-dims=\"1\" decoding=\"async\" class=\"brz-img\" src=\"https:\/\/i0.wp.com\/casadeoracionhouston.com\/wp-content\/uploads\/2023\/11\/Transparent-Logo-Black.png?w=800&#038;ssl=1\" alt=\"\" loading=\"lazy\"><\/div>\n<\/div>\n<\/div>\n<\/div>\n<div class=\"brz-columns brz-css-caya9o brz-css-kdpx0e\" data-brz-custom-id=\"ajhtTTqusmGh\">\n<div class=\"brz-bg\">\n<div class=\"brz-bg-color\"><\/div>\n<\/div>\n<div class=\"brz-column__items brz-css-213v4f brz-css-1rffz66\">\n<div class=\"brz-wrapper-clone brz-css-oju3ay brz-css-pmsmcy\">\n<div class=\"brz-d-xs-flex brz-flex-xs-wrap brz-css-13b2r0i brz-css-1re48r3\" data-brz-custom-id=\"\">\n<div class=\"brz-wrapper-clone__item\" id=\"fHxOmcNbmgZm\"><a class=\"brz-a brz-anchor brz-btn brz-css-16s00rt brz-css-cc6e brz-css-62nd1r brz-css-1fttc3a\" href=\"#_\" target=\"_self\" rel=\"noopener\" data-brz-link-type=\"anchor\" data-brz-custom-id=\"fHxOmcNbmgZm\"><span data-brz-translate-text=\"1\" class=\"brz-span brz-text__editor\"><\/span><\/a><\/div>\n<div class=\"brz-wrapper-clone__item\" id=\"kJBvE4nvj4Cs\"><a class=\"brz-a brz-btn brz-css-16s00rt brz-css-qj6unh brz-css-62nd1r brz-css-82bax5\" href=\"https:\/\/casadeoracionhouston.com\/\" target=\"_self\" rel=\"noopener\" data-brz-link-type=\"external\" data-brz-custom-id=\"kJBvE4nvj4Cs\"><span data-brz-translate-text=\"1\" class=\"brz-span brz-text__editor\">Home<\/span><\/a><\/div>\n<div class=\"brz-wrapper-clone__item\" id=\"gCB7xB21_eOi\"><a class=\"brz-a brz-btn brz-css-16s00rt brz-css-rciavr brz-css-62nd1r brz-css-4uboc6\" href=\"https:\/\/casadeoracionhouston.com\/index.php\/declaracion-de-fe\/\" target=\"_self\" rel=\"noopener\" data-brz-link-type=\"external\" data-brz-custom-id=\"gCB7xB21_eOi\"><span data-brz-translate-text=\"1\" class=\"brz-span brz-text__editor\">Declaraci\u00f3n de Fe<br \/>\n<\/span><\/a><\/div>\n<div class=\"brz-wrapper-clone__item\" id=\"oKtXFdl4Rc39\"><a class=\"brz-a brz-btn brz-css-16s00rt brz-css-nglat6 brz-css-62nd1r brz-css-1pj87tu\" href=\"https:\/\/casadeoracionhouston.com\/index.php\/series-completa\/\" target=\"_self\" rel=\"noopener\" data-brz-link-type=\"external\" data-brz-custom-id=\"oKtXFdl4Rc39\"><span data-brz-translate-text=\"1\" class=\"brz-span brz-text__editor\">Series<\/span><\/a><\/div>\n<div class=\"brz-wrapper-clone__item\" id=\"u8zDsGF8sIf1\"><a class=\"brz-a brz-btn brz-css-16s00rt brz-css-ia6b86 brz-css-62nd1r brz-css-4u0hyn\" href=\"https:\/\/casadeoracionhouston.com\/index.php\/series-en-audio\/\" target=\"_self\" rel=\"noopener\" data-brz-link-type=\"external\" data-brz-custom-id=\"u8zDsGF8sIf1\"><span data-brz-translate-text=\"1\" class=\"brz-span brz-text__editor\">Series en Audio<\/span><\/a><\/div>\n<div class=\"brz-wrapper-clone__item\" id=\"q2bY79mnzbmP\"><a class=\"brz-a brz-btn brz-css-16s00rt brz-css-yl33zb brz-css-62nd1r brz-css-bwn78u\" href=\"https:\/\/casadeoracionhouston.com\/index.php\/contacto\/\" target=\"_self\" rel=\"noopener\" data-brz-link-type=\"external\" data-brz-custom-id=\"q2bY79mnzbmP\"><span data-brz-translate-text=\"1\" class=\"brz-span brz-text__editor\">Contacto<\/span><\/a><\/div>\n<div class=\"brz-wrapper-clone__item\" id=\"q7c0hPpyXZTI\"><a class=\"brz-a brz-btn brz-css-16s00rt brz-css-uahm1 brz-css-62nd1r brz-css-1dskht3\" href=\"https:\/\/docs.google.com\/forms\/d\/e\/1FAIpQLSfuZf2lBFYOMT2oXWV5O12I_-M9YZXBWiHxJqMKzABX4j9lTQ\/viewform\" target=\"_blank\" rel=\"noopener\" data-brz-link-type=\"external\" data-brz-custom-id=\"q7c0hPpyXZTI\"><span data-brz-translate-text=\"1\" class=\"brz-span brz-text__editor\">Ser miembro<\/span><\/a><\/div>\n<\/div>\n<\/div>\n<\/div>\n<\/div>\n<\/div>\n<\/div>\n<\/div>\n<\/div>\n<\/section>\n<section id=\"_imqEGro_IPSM\" class=\"brz-section brz-css-1ycfj7u\">\n<div class=\"brz-section__content brz-section--boxed brz-css-1p8igh5\" data-brz-custom-id=\"i5ZiLQ6jX3zM\">\n<div class=\"brz-container brz-css-14nogw5\">\n<div id=\"\" class=\"brz-css-dhiqw2 brz-wrapper\">\n<div class=\"brz-wp-shortcode brz-css-gppatm\" data-brz-custom-id=\"dCrRhkjgrA1Y\">\n<div>\t\t\t<div \n\t\t\tclass=\"yotu-playlist yotuwp yotu-limit-min yotu-limit-max   yotu-thumb-169  yotu-template-list\" \n\t\t\tdata-page=\"1\"\n\t\t\tid=\"yotuwp-69e247244e476\"\n\t\t\tdata-yotu=\"69e247247c2aa\"\n\t\t\tdata-total=\"1\"\n\t\t\tdata-settings=\"eyJ0eXBlIjoicGxheWxpc3QiLCJpZCI6IlBMM2hLcktrMlpJcXJKaTVvSTRqNXA4alE1azFpeExzZmciLCJwYWdpbmF0aW9uIjoib24iLCJwYWdpdHlwZSI6InBhZ2VyIiwiY29sdW1uIjoiNiIsInBlcl9wYWdlIjoiNTAiLCJ0ZW1wbGF0ZSI6Imxpc3QiLCJ0aXRsZSI6Im9uIiwiZGVzY3JpcHRpb24iOiJvZmYiLCJ0aHVtYnJhdGlvIjoiMTY5IiwibWV0YSI6Im9mZiIsIm1ldGFfZGF0YSI6Im9mZiIsIm1ldGFfcG9zaXRpb24iOiJvZmYiLCJkYXRlX2Zvcm1hdCI6Im9mZiIsIm1ldGFfYWxpZ24iOiJvZmYiLCJzdWJzY3JpYmUiOiJvZmYiLCJkdXJhdGlvbiI6Im9mZiIsIm1ldGFfaWNvbiI6Im9mZiIsIm5leHR0ZXh0IjoiIiwicHJldnRleHQiOiIiLCJsb2FkbW9yZXRleHQiOiIiLCJwbGF5ZXIiOnsibW9kZSI6ImxhcmdlIiwid2lkdGgiOiI2MDAiLCJzY3JvbGxpbmciOiIxMDAiLCJhdXRvcGxheSI6MSwiY29udHJvbHMiOjEsIm1vZGVzdGJyYW5kaW5nIjoxLCJsb29wIjowLCJhdXRvbmV4dCI6MCwic2hvd2luZm8iOjEsInJlbCI6MSwicGxheWluZyI6MCwicGxheWluZ19kZXNjcmlwdGlvbiI6MCwidGh1bWJuYWlscyI6MCwiY2NfbG9hZF9wb2xpY3kiOiIxIiwiY2NfbGFuZ19wcmVmIjoiMSIsImhsIjoiIiwiaXZfbG9hZF9wb2xpY3kiOiIxIiwiYW1wO2F1dG9uZXh0IjoxfSwibGFzdF90YWIiOiJhcGkiLCJ1c2VfYXNfbW9kYWwiOiJvZmYiLCJtb2RhbF9pZCI6Im9mZiIsImxhc3RfdXBkYXRlIjoiMTcwMDU4OTkxMiIsInN0eWxpbmciOnsicGFnZXJfbGF5b3V0IjoiZGVmYXVsdCIsImJ1dHRvbiI6IjEiLCJidXR0b25fY29sb3IiOiIiLCJidXR0b25fYmdfY29sb3IiOiIiLCJidXR0b25fY29sb3JfaG92ZXIiOiIiLCJidXR0b25fYmdfY29sb3JfaG92ZXIiOiIiLCJ2aWRlb19zdHlsZSI6IiIsInBsYXlpY29uX2NvbG9yIjoiIiwiaG92ZXJfaWNvbiI6IiIsImdhbGxlcnlfYmciOiIifSwiZWZmZWN0cyI6eyJ2aWRlb19ib3giOiIiLCJmbGlwX2VmZmVjdCI6IiJ9LCJnYWxsZXJ5X2lkIjoiNjllMjQ3MjQ0ZTQ3NiIsIm5leHQiOiIiLCJwcmV2IjoiIn0=\"\n\t\t\tdata-player=\"large\"\n\t\t\tdata-showdesc=\"off\" >\n\t\t\t\t<div>\n\t\t\t\t\t\t\t\t\t\t<div class=\"yotu-wrapper-player\" style=\"width:600px\">\n\t\t\t\t\t\t\t\t\t\t\t\t<div class=\"yotu-player\">\n\t\t\t\t\t\t\t<div class=\"yotu-video-placeholder\" id=\"yotu-player-69e247247c2aa\"><\/div>\n\t\t\t\t\t\t<\/div>\n\t\t\t\t\t\t<div class=\"yotu-playing-status\"><\/div>\n\t\t\t\t\t\t\t\t\t\t\t<\/div>\n\n\t\t\t\t\t<div class=\"yotu-pagination yotu-hide yotu-pager_layout-default yotu-pagination-top\">\n<a href=\"#\" class=\"yotu-pagination-prev yotu-button-prs yotu-button-prs-1\" data-page=\"prev\">Prev<\/a>\n<span class=\"yotu-pagination-current\">1<\/span> <span>of<\/span> <span class=\"yotu-pagination-total\">1<\/span>\n<a href=\"#\" class=\"yotu-pagination-next yotu-button-prs yotu-button-prs-1\" data-page=\"next\">Next<\/a>\n<\/div>\n<div class=\"yotu-videos yotu-mode-list yotu-column-6 yotu-player-mode-large\">\n\t<ul>\n\t\t\t\t\t<li class=\" yotu-first\">\n\t\t\t\t\t\t\t\t<a href=\"#pq9afXhr8SM\" class=\"yotu-video\" data-videoid=\"pq9afXhr8SM\" data-title=\"01 | Antonio Ort\u00edz | Cambia tu piloto autom\u00e1tico | 3er Aniversario CDO Houston | 09\/10\/21\">\n\t\t\t\t\t<div class=\"yotu-video-thumb-wrp\">\n\t\t\t\t\t\t<div>\n\t\t\t\t\t\t\t\t\t\t\t\t\t\t<img data-recalc-dims=\"1\" decoding=\"async\" class=\"yotu-video-thumb\" src=\"https:\/\/i0.wp.com\/i.ytimg.com\/vi\/pq9afXhr8SM\/sddefault.jpg?w=800&#038;ssl=1\" alt=\"01 | Antonio Ort\u00edz | Cambia tu piloto autom\u00e1tico | 3er Aniversario CDO Houston | 09\/10\/21\" \/>\n\t\t\t\t\t\t\t\t\t\t\t\t\t<\/div>\n\t\t\t\t\t<\/div>\n\t\t\t\t\t\t\t\t\t\t\t<h3 class=\"yotu-video-title\">01 | Antonio Ort\u00edz | Cambia tu piloto autom\u00e1tico | 3er Aniversario CDO Houston | 09\/10\/21<\/h3>\n\t\t\t\t\t\t\t\t\t\t\t\t\t\t\t\t\t\t\t<\/a>\n\t\t\t\t\t\t\t<\/li>\n\t\t\t\t\n\t\t\t\t\t\t<li class=\"\">\n\t\t\t\t\t\t\t\t<a href=\"#VOMKes4gjv4\" class=\"yotu-video\" data-videoid=\"VOMKes4gjv4\" data-title=\"Alabanza 10 de Septiembre de 2021 - David Guevara\">\n\t\t\t\t\t<div class=\"yotu-video-thumb-wrp\">\n\t\t\t\t\t\t<div>\n\t\t\t\t\t\t\t\t\t\t\t\t\t\t<img data-recalc-dims=\"1\" decoding=\"async\" class=\"yotu-video-thumb\" src=\"https:\/\/i0.wp.com\/i.ytimg.com\/vi\/VOMKes4gjv4\/sddefault.jpg?w=800&#038;ssl=1\" alt=\"Alabanza 10 de Septiembre de 2021 - David Guevara\" \/>\n\t\t\t\t\t\t\t\t\t\t\t\t\t<\/div>\n\t\t\t\t\t<\/div>\n\t\t\t\t\t\t\t\t\t\t\t<h3 class=\"yotu-video-title\">Alabanza 10 de Septiembre de 2021 - David Guevara<\/h3>\n\t\t\t\t\t\t\t\t\t\t\t\t\t\t\t\t\t\t\t<\/a>\n\t\t\t\t\t\t\t<\/li>\n\t\t\t\t\n\t\t\t\t\t\t<li class=\"\">\n\t\t\t\t\t\t\t\t<a href=\"#0yTf3uNyWHU\" class=\"yotu-video\" data-videoid=\"0yTf3uNyWHU\" data-title=\"02 | Antonio Ort\u00edz - Hasta aqu\u00ed nos ha ayudado el Se\u00f1or | 09\/12\/21\">\n\t\t\t\t\t<div class=\"yotu-video-thumb-wrp\">\n\t\t\t\t\t\t<div>\n\t\t\t\t\t\t\t\t\t\t\t\t\t\t<img data-recalc-dims=\"1\" decoding=\"async\" class=\"yotu-video-thumb\" src=\"https:\/\/i0.wp.com\/i.ytimg.com\/vi\/0yTf3uNyWHU\/sddefault.jpg?w=800&#038;ssl=1\" alt=\"02 | Antonio Ort\u00edz - Hasta aqu\u00ed nos ha ayudado el Se\u00f1or | 09\/12\/21\" \/>\n\t\t\t\t\t\t\t\t\t\t\t\t\t<\/div>\n\t\t\t\t\t<\/div>\n\t\t\t\t\t\t\t\t\t\t\t<h3 class=\"yotu-video-title\">02 | Antonio Ort\u00edz - Hasta aqu\u00ed nos ha ayudado el Se\u00f1or | 09\/12\/21<\/h3>\n\t\t\t\t\t\t\t\t\t\t\t\t\t\t\t\t\t\t\t<\/a>\n\t\t\t\t\t\t\t<\/li>\n\t\t\t\t\n\t\t\t\t\t\t<li class=\"\">\n\t\t\t\t\t\t\t\t<a href=\"#vqPa2rG5iTk\" class=\"yotu-video\" data-videoid=\"vqPa2rG5iTk\" data-title=\"Alabanza 12 de Septiembre de 2021 - David Guevara\">\n\t\t\t\t\t<div class=\"yotu-video-thumb-wrp\">\n\t\t\t\t\t\t<div>\n\t\t\t\t\t\t\t\t\t\t\t\t\t\t<img data-recalc-dims=\"1\" decoding=\"async\" class=\"yotu-video-thumb\" src=\"https:\/\/i0.wp.com\/i.ytimg.com\/vi\/vqPa2rG5iTk\/sddefault.jpg?w=800&#038;ssl=1\" alt=\"Alabanza 12 de Septiembre de 2021 - David Guevara\" \/>\n\t\t\t\t\t\t\t\t\t\t\t\t\t<\/div>\n\t\t\t\t\t<\/div>\n\t\t\t\t\t\t\t\t\t\t\t<h3 class=\"yotu-video-title\">Alabanza 12 de Septiembre de 2021 - David Guevara<\/h3>\n\t\t\t\t\t\t\t\t\t\t\t\t\t\t\t\t\t\t\t<\/a>\n\t\t\t\t\t\t\t<\/li>\n\t\t\t\t\n\t\t\t\t<\/ul>\n<\/div><div class=\"yotu-pagination yotu-hide yotu-pager_layout-default yotu-pagination-bottom\">\n<a href=\"#\" class=\"yotu-pagination-prev yotu-button-prs yotu-button-prs-1\" data-page=\"prev\">Prev<\/a>\n<span class=\"yotu-pagination-current\">1<\/span> <span>of<\/span> <span class=\"yotu-pagination-total\">1<\/span>\n<a href=\"#\" class=\"yotu-pagination-next yotu-button-prs yotu-button-prs-1\" data-page=\"next\">Next<\/a>\n<\/div>\n\t\t\t\t<\/div>\n\t\t\t<\/div>\n\t\t\t<\/div>\n<\/div>\n<\/div>\n<\/div>\n<\/div>\n<\/section>\n<section id=\"_fw3KVypcxzFC\" class=\"brz-section brz-css-1ycfj7u\">\n<div class=\"brz-section__content brz-section--boxed brz-css-1p8igh5 brz-css-auhh7q\" data-brz-custom-id=\"o_PWdO8T0Pgu\">\n<div class=\"brz-bg\">\n<div class=\"brz-bg-color\"><\/div>\n<\/div>\n<div class=\"brz-container brz-css-14nogw5\">\n<div class=\"brz-row__container brz-css-1evwani brz-css-1a6rt02\" data-brz-custom-id=\"vZobQKMDyBBJ\">\n<div class=\"brz-bg\"><\/div>\n<div class=\"brz-row brz-css-1g74yi6 brz-css-165gbok\">\n<div class=\"brz-columns brz-css-caya9o brz-css-jaohh2\" data-brz-custom-id=\"nUhBYFrhd6Hc\">\n<div class=\"brz-bg\"><\/div>\n<div class=\"brz-column__items brz-css-213v4f brz-css-11ehn89\">\n<div id=\"\" class=\"brz-css-dhiqw2 brz-css-1vmc33 brz-wrapper\">\n<div class=\"brz-rich-text brz-rich-text__custom brz-css-a7nbff\" data-brz-custom-id=\"dlvZxJMrqPZh\">\n<div data-brz-translate-text=\"1\">\n<p class=\"brz-tp-lg-paragraph brz-tp-sm-paragraph brz-text-lg-left brz-text-xs-center brz-tp-xs-paragraph brz-css-vtt1V\" data-generated-css=\"brz-css-tcdcw\" data-uniq-id=\"oqbtr\"><span class=\"brz-cp-color8\">Casa de Oraci\u00f3n Houston<\/span><\/p>\n<\/div>\n<\/div>\n<\/div>\n<\/div>\n<\/div>\n<div class=\"brz-columns brz-css-caya9o\" data-brz-custom-id=\"fWKwvBsuV50z\">\n<div class=\"brz-bg\"><\/div>\n<div class=\"brz-column__items brz-css-213v4f brz-css-1jq182n\">\n<div class=\"brz-wrapper-clone brz-css-oju3ay brz-css-92ba50\">\n<div class=\"brz-d-xs-flex brz-flex-xs-wrap brz-css-13b2r0i brz-css-adby4n\" data-brz-custom-id=\"\">\n<div class=\"brz-wrapper-clone__item\" id=\"gWhJbggAkWG5\">\n<div class=\"brz-icon__container\" data-brz-custom-id=\"gWhJbggAkWG5\"><a class=\"brz-a\" href=\"https:\/\/soundcloud.com\/casadeoracionhoustontexas\" target=\"_self\" rel=\"noopener\" data-brz-link-type=\"external\"><span class=\"brz-icon brz-span brz-css-1rhk1kj brz-css-12qurtu\"><\/span><\/a><\/div>\n<\/div>\n<div class=\"brz-wrapper-clone__item\" id=\"i76c2TFcv44a\">\n<div class=\"brz-icon__container\" data-brz-custom-id=\"i76c2TFcv44a\"><a class=\"brz-a\" href=\"https:\/\/www.facebook.com\/casadeoracionhoustontx\" target=\"_self\" rel=\"noopener\" data-brz-link-type=\"external\"><span class=\"brz-icon brz-span brz-css-1rhk1kj brz-css-t9o45\"><\/span><\/a><\/div>\n<\/div>\n<div class=\"brz-wrapper-clone__item\" id=\"c305XQ2Sjm1N\">\n<div class=\"brz-icon__container\" data-brz-custom-id=\"c305XQ2Sjm1N\"><a class=\"brz-a\" href=\"https:\/\/www.youtube.com\/@casadeoracionhoustontx-ofi656\" target=\"_self\" rel=\"noopener\" data-brz-link-type=\"external\"><span class=\"brz-icon brz-span brz-css-1rhk1kj brz-css-1fmv4zi\"><\/span><\/a><\/div>\n<\/div>\n<\/div>\n<\/div>\n<\/div>\n<\/div>\n<\/div>\n<\/div>\n<\/div>\n<\/div>\n<\/section>\n<\/div>\n<p>    <!-- version:1737153974 --><\/p>\n","protected":false},"excerpt":{"rendered":"<p>Home Declaraci\u00f3n de Fe Series Series en Audio Contacto Ser miembro Casa de Oraci\u00f3n Houston<\/p>\n","protected":false},"author":1,"featured_media":0,"parent":0,"menu_order":0,"comment_status":"closed","ping_status":"closed","template":"brizy-blank-template.php","meta":{"footnotes":""},"class_list":["post-1472","page","type-page","status-publish","hentry"],"aioseo_notices":[],"jetpack_sharing_enabled":true,"brizy_media":[],"_links":{"self":[{"href":"https:\/\/casadeoracionhouston.com\/index.php\/wp-json\/wp\/v2\/pages\/1472","targetHints":{"allow":["GET"]}}],"collection":[{"href":"https:\/\/casadeoracionhouston.com\/index.php\/wp-json\/wp\/v2\/pages"}],"about":[{"href":"https:\/\/casadeoracionhouston.com\/index.php\/wp-json\/wp\/v2\/types\/page"}],"author":[{"embeddable":true,"href":"https:\/\/casadeoracionhouston.com\/index.php\/wp-json\/wp\/v2\/users\/1"}],"replies":[{"embeddable":true,"href":"https:\/\/casadeoracionhouston.com\/index.php\/wp-json\/wp\/v2\/comments?post=1472"}],"version-history":[{"count":4,"href":"https:\/\/casadeoracionhouston.com\/index.php\/wp-json\/wp\/v2\/pages\/1472\/revisions"}],"predecessor-version":[{"id":1484,"href":"https:\/\/casadeoracionhouston.com\/index.php\/wp-json\/wp\/v2\/pages\/1472\/revisions\/1484"}],"wp:attachment":[{"href":"https:\/\/casadeoracionhouston.com\/index.php\/wp-json\/wp\/v2\/media?parent=1472"}],"curies":[{"name":"wp","href":"https:\/\/api.w.org\/{rel}","templated":true}]}}