{"id":1322,"date":"2023-12-13T23:21:27","date_gmt":"2023-12-13T23:21:27","guid":{"rendered":"https:\/\/casadeoracionhouston.com\/?page_id=1322"},"modified":"2026-04-08T16:38:06","modified_gmt":"2026-04-08T16:38:06","slug":"temas-para-mujeres","status":"publish","type":"page","link":"https:\/\/casadeoracionhouston.com\/index.php\/temas-para-mujeres\/","title":{"rendered":"Temas para mujeres"},"content":{"rendered":"<div class=\"brz-root__container brz-reset-all brz brz-root__container-page\">\n<section id=\"_tfh1rCGpPAWA\" class=\"brz-section brz-css-1yx0ahv brz-css-4qi2iq\">\n<div class=\"brz-section__content brz-section--boxed brz-css-1xmkgn1 brz-css-azvldo\" data-brz-custom-id=\"ngnYdD7tmFZQ\">\n<div class=\"brz-container brz-css-6thvi0\">\n<div class=\"brz-row__container brz-css-s7y78a\" data-brz-custom-id=\"syjZcrY4di7Y\">\n<div class=\"brz-bg\"><\/div>\n<div class=\"brz-row brz-css-1nziyv1 brz-css-ftjzqs\">\n<div class=\"brz-columns brz-css-1q9vwqo brz-css-95ddeb\" data-brz-custom-id=\"jqDNUlwyogSZ\">\n<div class=\"brz-bg\"><\/div>\n<div class=\"brz-column__items brz-css-17ekzb8 brz-css-izi3fd\">\n<div id=\"\" class=\"brz-css-1hvi9rn brz-css-19nv2nk brz-wrapper\">\n<div class=\"brz-image brz-css-17l1zx4\" data-brz-custom-id=\"fHW318qemQJ2\"><img data-recalc-dims=\"1\" decoding=\"async\" class=\"brz-img\" src=\"https:\/\/i0.wp.com\/casadeoracionhouston.com\/wp-content\/uploads\/2023\/11\/Transparent-Logo-Black.png?w=800&#038;ssl=1\" alt=\"\" loading=\"lazy\"><\/div>\n<\/div>\n<\/div>\n<\/div>\n<div class=\"brz-columns brz-css-1q9vwqo brz-css-ocy0mc\" data-brz-custom-id=\"h7WBSaaY64NN\">\n<div class=\"brz-bg\">\n<div class=\"brz-bg-color\"><\/div>\n<\/div>\n<div class=\"brz-column__items brz-css-17ekzb8 brz-css-1vevqlo\">\n<div class=\"brz-wrapper-clone brz-css-18ysdkn brz-css-11vu2gv\">\n<div class=\"brz-d-xs-flex brz-flex-xs-wrap brz-css-mss4yp brz-css-ktax1t\" data-brz-custom-id=\"\">\n<div class=\"brz-wrapper-clone__item\" id=\"mAxp5RSVTmn7\"><a class=\"brz-a brz-anchor brz-btn brz-css-1yaiuj8 brz-css-ordsg7 brz-css-1hzifqb brz-css-17qss3r\" href=\"#_\" target=\"_self\" rel=\"noopener\" data-brz-link-type=\"anchor\" data-brz-custom-id=\"mAxp5RSVTmn7\"><span data-brz-translate-text=\"1\" class=\"brz-span brz-text__editor\"><\/span><\/a><\/div>\n<div class=\"brz-wrapper-clone__item\" id=\"vdPsLGJupwNZ\"><a class=\"brz-a brz-btn brz-css-1yaiuj8 brz-css-1wxsc2h brz-css-1hzifqb brz-css-1bbj3ke\" href=\"https:\/\/casadeoracionhouston.com\/\" target=\"_self\" rel=\"noopener\" data-brz-link-type=\"external\" data-brz-custom-id=\"vdPsLGJupwNZ\"><span data-brz-translate-text=\"1\" class=\"brz-span brz-text__editor\">Home<\/span><\/a><\/div>\n<div class=\"brz-wrapper-clone__item\" id=\"d0KKPH9MmJPx\"><a class=\"brz-a brz-btn brz-css-1yaiuj8 brz-css-km4dg3 brz-css-1hzifqb brz-css-es5216\" href=\"https:\/\/casadeoracionhouston.com\/index.php\/declaracion-de-fe\/\" target=\"_self\" rel=\"noopener\" data-brz-link-type=\"external\" data-brz-custom-id=\"d0KKPH9MmJPx\"><span data-brz-translate-text=\"1\" class=\"brz-span brz-text__editor\">Declaraci\u00f3n de Fe<br \/>\n<\/span><\/a><\/div>\n<div class=\"brz-wrapper-clone__item\" id=\"ojyip9eAwUW9\"><a class=\"brz-a brz-btn brz-css-1yaiuj8 brz-css-7mhq9e brz-css-1hzifqb brz-css-rrx8n4\" href=\"https:\/\/casadeoracionhouston.com\/index.php\/series-completa\/\" target=\"_self\" rel=\"noopener\" data-brz-link-type=\"external\" data-brz-custom-id=\"ojyip9eAwUW9\"><span data-brz-translate-text=\"1\" class=\"brz-span brz-text__editor\">Series<\/span><\/a><\/div>\n<div class=\"brz-wrapper-clone__item\" id=\"c4nYR8ziXqmi\"><a class=\"brz-a brz-btn brz-css-1yaiuj8 brz-css-gua7ly brz-css-1hzifqb brz-css-ewkpyi\" href=\"https:\/\/casadeoracionhouston.com\/index.php\/series-en-audio\/\" target=\"_self\" rel=\"noopener\" data-brz-link-type=\"external\" data-brz-custom-id=\"c4nYR8ziXqmi\"><span data-brz-translate-text=\"1\" class=\"brz-span brz-text__editor\">Series en Audio<\/span><\/a><\/div>\n<div class=\"brz-wrapper-clone__item\" id=\"nZOabi_ddVcw\"><a class=\"brz-a brz-btn brz-css-1yaiuj8 brz-css-27jvi7 brz-css-1hzifqb brz-css-1ftjvzo\" href=\"https:\/\/casadeoracionhouston.com\/index.php\/contacto\/\" target=\"_self\" rel=\"noopener\" data-brz-link-type=\"external\" data-brz-custom-id=\"nZOabi_ddVcw\"><span data-brz-translate-text=\"1\" class=\"brz-span brz-text__editor\">Contacto<\/span><\/a><\/div>\n<div class=\"brz-wrapper-clone__item\" id=\"yh_BGB7b3tTR\"><a class=\"brz-a brz-btn brz-css-1yaiuj8 brz-css-41tj3m brz-css-1hzifqb brz-css-aje10u\" href=\"https:\/\/docs.google.com\/forms\/d\/e\/1FAIpQLSfuZf2lBFYOMT2oXWV5O12I_-M9YZXBWiHxJqMKzABX4j9lTQ\/viewform\" target=\"_blank\" rel=\"noopener\" data-brz-link-type=\"external\" data-brz-custom-id=\"yh_BGB7b3tTR\"><span data-brz-translate-text=\"1\" class=\"brz-span brz-text__editor\">Ser miembro<\/span><\/a><\/div>\n<\/div>\n<\/div>\n<\/div>\n<\/div>\n<\/div>\n<\/div>\n<\/div>\n<\/div>\n<\/section>\n<section id=\"_vGxXhPWOgNAH\" class=\"brz-section brz-css-1yx0ahv\">\n<div class=\"brz-section__content brz-section--boxed brz-css-1xmkgn1\" data-brz-custom-id=\"uAicm1ThaYdR\">\n<div class=\"brz-container brz-css-6thvi0\">\n<div id=\"\" class=\"brz-css-1hvi9rn brz-wrapper\">\n<div class=\"brz-wp-shortcode brz-css-g8b24j\" data-brz-custom-id=\"fCjUp6MVzwVN\">\n<div>\t\t\t<div \n\t\t\tclass=\"yotu-playlist yotuwp yotu-limit-min yotu-limit-max   yotu-thumb-169  yotu-template-list\" \n\t\t\tdata-page=\"1\"\n\t\t\tid=\"yotuwp-69e245c8696d7\"\n\t\t\tdata-yotu=\"69e245c89f61d\"\n\t\t\tdata-total=\"1\"\n\t\t\tdata-settings=\"eyJ0eXBlIjoicGxheWxpc3QiLCJpZCI6IlBMM2hLcktrMlpJcW9hWTZPZmpNNDFDYVNlbWZnVS03enEiLCJwYWdpbmF0aW9uIjoib24iLCJwYWdpdHlwZSI6InBhZ2VyIiwiY29sdW1uIjoiNiIsInBlcl9wYWdlIjoiNTAiLCJ0ZW1wbGF0ZSI6Imxpc3QiLCJ0aXRsZSI6Im9uIiwiZGVzY3JpcHRpb24iOiJvZmYiLCJ0aHVtYnJhdGlvIjoiMTY5IiwibWV0YSI6Im9mZiIsIm1ldGFfZGF0YSI6Im9mZiIsIm1ldGFfcG9zaXRpb24iOiJvZmYiLCJkYXRlX2Zvcm1hdCI6Im9mZiIsIm1ldGFfYWxpZ24iOiJvZmYiLCJzdWJzY3JpYmUiOiJvZmYiLCJkdXJhdGlvbiI6Im9mZiIsIm1ldGFfaWNvbiI6Im9mZiIsIm5leHR0ZXh0IjoiIiwicHJldnRleHQiOiIiLCJsb2FkbW9yZXRleHQiOiIiLCJwbGF5ZXIiOnsibW9kZSI6ImxhcmdlIiwid2lkdGgiOiI2MDAiLCJzY3JvbGxpbmciOiIxMDAiLCJhdXRvcGxheSI6MSwiY29udHJvbHMiOjEsIm1vZGVzdGJyYW5kaW5nIjoxLCJsb29wIjowLCJhdXRvbmV4dCI6MCwic2hvd2luZm8iOjEsInJlbCI6MSwicGxheWluZyI6MCwicGxheWluZ19kZXNjcmlwdGlvbiI6MCwidGh1bWJuYWlscyI6MCwiY2NfbG9hZF9wb2xpY3kiOiIxIiwiY2NfbGFuZ19wcmVmIjoiMSIsImhsIjoiIiwiaXZfbG9hZF9wb2xpY3kiOiIxIiwiYW1wO2F1dG9uZXh0IjoxfSwibGFzdF90YWIiOiJhcGkiLCJ1c2VfYXNfbW9kYWwiOiJvZmYiLCJtb2RhbF9pZCI6Im9mZiIsImxhc3RfdXBkYXRlIjoiMTcwMDU4OTkxMiIsInN0eWxpbmciOnsicGFnZXJfbGF5b3V0IjoiZGVmYXVsdCIsImJ1dHRvbiI6IjEiLCJidXR0b25fY29sb3IiOiIiLCJidXR0b25fYmdfY29sb3IiOiIiLCJidXR0b25fY29sb3JfaG92ZXIiOiIiLCJidXR0b25fYmdfY29sb3JfaG92ZXIiOiIiLCJ2aWRlb19zdHlsZSI6IiIsInBsYXlpY29uX2NvbG9yIjoiIiwiaG92ZXJfaWNvbiI6IiIsImdhbGxlcnlfYmciOiIifSwiZWZmZWN0cyI6eyJ2aWRlb19ib3giOiIiLCJmbGlwX2VmZmVjdCI6IiJ9LCJnYWxsZXJ5X2lkIjoiNjllMjQ1Yzg2OTZkNyIsIm5leHQiOiIiLCJwcmV2IjoiIn0=\"\n\t\t\tdata-player=\"large\"\n\t\t\tdata-showdesc=\"off\" >\n\t\t\t\t<div>\n\t\t\t\t\t\t\t\t\t\t<div class=\"yotu-wrapper-player\" style=\"width:600px\">\n\t\t\t\t\t\t\t\t\t\t\t\t<div class=\"yotu-player\">\n\t\t\t\t\t\t\t<div class=\"yotu-video-placeholder\" id=\"yotu-player-69e245c89f61d\"><\/div>\n\t\t\t\t\t\t<\/div>\n\t\t\t\t\t\t<div class=\"yotu-playing-status\"><\/div>\n\t\t\t\t\t\t\t\t\t\t\t<\/div>\n\n\t\t\t\t\t<div class=\"yotu-pagination yotu-hide yotu-pager_layout-default yotu-pagination-top\">\n<a href=\"#\" class=\"yotu-pagination-prev yotu-button-prs yotu-button-prs-1\" data-page=\"prev\">Prev<\/a>\n<span class=\"yotu-pagination-current\">1<\/span> <span>of<\/span> <span class=\"yotu-pagination-total\">1<\/span>\n<a href=\"#\" class=\"yotu-pagination-next yotu-button-prs yotu-button-prs-1\" data-page=\"next\">Next<\/a>\n<\/div>\n<div class=\"yotu-videos yotu-mode-list yotu-column-6 yotu-player-mode-large\">\n\t<ul>\n\t\t\t\t\t<li class=\" yotu-first\">\n\t\t\t\t\t\t\t\t<a href=\"#0JmqvoHKqAA\" class=\"yotu-video\" data-videoid=\"0JmqvoHKqAA\" data-title=\"Mireya Guevara | Ana: Un coraz\u00f3n rendido | Reuni\u00f3n para mujeres Casa de Oraci\u00f3n CDMX | 05\/15\/22\">\n\t\t\t\t\t<div class=\"yotu-video-thumb-wrp\">\n\t\t\t\t\t\t<div>\n\t\t\t\t\t\t\t\t\t\t\t\t\t\t<img data-recalc-dims=\"1\" decoding=\"async\" class=\"yotu-video-thumb\" src=\"https:\/\/i0.wp.com\/i.ytimg.com\/vi\/0JmqvoHKqAA\/sddefault.jpg?w=800&#038;ssl=1\" alt=\"Mireya Guevara | Ana: Un coraz\u00f3n rendido | Reuni\u00f3n para mujeres Casa de Oraci\u00f3n CDMX | 05\/15\/22\" \/>\n\t\t\t\t\t\t\t\t\t\t\t\t\t<\/div>\n\t\t\t\t\t<\/div>\n\t\t\t\t\t\t\t\t\t\t\t<h3 class=\"yotu-video-title\">Mireya Guevara | Ana: Un coraz\u00f3n rendido | Reuni\u00f3n para mujeres Casa de Oraci\u00f3n CDMX | 05\/15\/22<\/h3>\n\t\t\t\t\t\t\t\t\t\t\t\t\t\t\t\t\t\t\t<\/a>\n\t\t\t\t\t\t\t<\/li>\n\t\t\t\t\n\t\t\t\t\t\t<li class=\"\">\n\t\t\t\t\t\t\t\t<a href=\"#PDb8DErdTDA\" class=\"yotu-video\" data-videoid=\"PDb8DErdTDA\" data-title=\"Ra\u00fal Borboa | Hombres y mujeres sabios | 07\/14\/2021\">\n\t\t\t\t\t<div class=\"yotu-video-thumb-wrp\">\n\t\t\t\t\t\t<div>\n\t\t\t\t\t\t\t\t\t\t\t\t\t\t<img data-recalc-dims=\"1\" decoding=\"async\" class=\"yotu-video-thumb\" src=\"https:\/\/i0.wp.com\/i.ytimg.com\/vi\/PDb8DErdTDA\/sddefault.jpg?w=800&#038;ssl=1\" alt=\"Ra\u00fal Borboa | Hombres y mujeres sabios | 07\/14\/2021\" \/>\n\t\t\t\t\t\t\t\t\t\t\t\t\t<\/div>\n\t\t\t\t\t<\/div>\n\t\t\t\t\t\t\t\t\t\t\t<h3 class=\"yotu-video-title\">Ra\u00fal Borboa | Hombres y mujeres sabios | 07\/14\/2021<\/h3>\n\t\t\t\t\t\t\t\t\t\t\t\t\t\t\t\t\t\t\t<\/a>\n\t\t\t\t\t\t\t<\/li>\n\t\t\t\t\n\t\t\t\t\t\t<li class=\"\">\n\t\t\t\t\t\t\t\t<a href=\"#9GOOLLq2SKg\" class=\"yotu-video\" data-videoid=\"9GOOLLq2SKg\" data-title=\"Paola Ruvalcaba | Entendiendo los tiempos | Mensaje especial para mujeres | 08\/04\/21\">\n\t\t\t\t\t<div class=\"yotu-video-thumb-wrp\">\n\t\t\t\t\t\t<div>\n\t\t\t\t\t\t\t\t\t\t\t\t\t\t<img data-recalc-dims=\"1\" decoding=\"async\" class=\"yotu-video-thumb\" src=\"https:\/\/i0.wp.com\/i.ytimg.com\/vi\/9GOOLLq2SKg\/sddefault.jpg?w=800&#038;ssl=1\" alt=\"Paola Ruvalcaba | Entendiendo los tiempos | Mensaje especial para mujeres | 08\/04\/21\" \/>\n\t\t\t\t\t\t\t\t\t\t\t\t\t<\/div>\n\t\t\t\t\t<\/div>\n\t\t\t\t\t\t\t\t\t\t\t<h3 class=\"yotu-video-title\">Paola Ruvalcaba | Entendiendo los tiempos | Mensaje especial para mujeres | 08\/04\/21<\/h3>\n\t\t\t\t\t\t\t\t\t\t\t\t\t\t\t\t\t\t\t<\/a>\n\t\t\t\t\t\t\t<\/li>\n\t\t\t\t\n\t\t\t\t\t\t<li class=\"\">\n\t\t\t\t\t\t\t\t<a href=\"#giH3po3FbhE\" class=\"yotu-video\" data-videoid=\"giH3po3FbhE\" data-title=\"Vicky de Olivares | Familias fuertes, ministerio fuerte | 07\/28\/21\">\n\t\t\t\t\t<div class=\"yotu-video-thumb-wrp\">\n\t\t\t\t\t\t<div>\n\t\t\t\t\t\t\t\t\t\t\t\t\t\t<img data-recalc-dims=\"1\" decoding=\"async\" class=\"yotu-video-thumb\" src=\"https:\/\/i0.wp.com\/i.ytimg.com\/vi\/giH3po3FbhE\/sddefault.jpg?w=800&#038;ssl=1\" alt=\"Vicky de Olivares | Familias fuertes, ministerio fuerte | 07\/28\/21\" \/>\n\t\t\t\t\t\t\t\t\t\t\t\t\t<\/div>\n\t\t\t\t\t<\/div>\n\t\t\t\t\t\t\t\t\t\t\t<h3 class=\"yotu-video-title\">Vicky de Olivares | Familias fuertes, ministerio fuerte | 07\/28\/21<\/h3>\n\t\t\t\t\t\t\t\t\t\t\t\t\t\t\t\t\t\t\t<\/a>\n\t\t\t\t\t\t\t<\/li>\n\t\t\t\t\n\t\t\t\t\t\t<li class=\"\">\n\t\t\t\t\t\t\t\t<a href=\"#Ev26QNrV3eY\" class=\"yotu-video\" data-videoid=\"Ev26QNrV3eY\" data-title=\"Lizette Toscano | El prop\u00f3sito de Dios para la mujer | Servicio Online | 09\/08\/21\">\n\t\t\t\t\t<div class=\"yotu-video-thumb-wrp\">\n\t\t\t\t\t\t<div>\n\t\t\t\t\t\t\t\t\t\t\t\t\t\t<img data-recalc-dims=\"1\" decoding=\"async\" class=\"yotu-video-thumb\" src=\"https:\/\/i0.wp.com\/i.ytimg.com\/vi\/Ev26QNrV3eY\/sddefault.jpg?w=800&#038;ssl=1\" alt=\"Lizette Toscano | El prop\u00f3sito de Dios para la mujer | Servicio Online | 09\/08\/21\" \/>\n\t\t\t\t\t\t\t\t\t\t\t\t\t<\/div>\n\t\t\t\t\t<\/div>\n\t\t\t\t\t\t\t\t\t\t\t<h3 class=\"yotu-video-title\">Lizette Toscano | El prop\u00f3sito de Dios para la mujer | Servicio Online | 09\/08\/21<\/h3>\n\t\t\t\t\t\t\t\t\t\t\t\t\t\t\t\t\t\t\t<\/a>\n\t\t\t\t\t\t\t<\/li>\n\t\t\t\t\n\t\t\t\t\t\t<li class=\"\">\n\t\t\t\t\t\t\t\t<a href=\"#KpeNTIFnWiU\" class=\"yotu-video\" data-videoid=\"KpeNTIFnWiU\" data-title=\"Elida Monsiv\u00e1is | De la queja a la gratitud | 10\/27\/2021\">\n\t\t\t\t\t<div class=\"yotu-video-thumb-wrp\">\n\t\t\t\t\t\t<div>\n\t\t\t\t\t\t\t\t\t\t\t\t\t\t<img data-recalc-dims=\"1\" decoding=\"async\" class=\"yotu-video-thumb\" src=\"https:\/\/i0.wp.com\/i.ytimg.com\/vi\/KpeNTIFnWiU\/sddefault.jpg?w=800&#038;ssl=1\" alt=\"Elida Monsiv\u00e1is | De la queja a la gratitud | 10\/27\/2021\" \/>\n\t\t\t\t\t\t\t\t\t\t\t\t\t<\/div>\n\t\t\t\t\t<\/div>\n\t\t\t\t\t\t\t\t\t\t\t<h3 class=\"yotu-video-title\">Elida Monsiv\u00e1is | De la queja a la gratitud | 10\/27\/2021<\/h3>\n\t\t\t\t\t\t\t\t\t\t\t\t\t\t\t\t\t\t\t<\/a>\n\t\t\t\t\t\t\t<\/li>\n\t\t\t\t\n\t\t\t\t\t\t<li class=\"\">\n\t\t\t\t\t\t\t\t<a href=\"#A3I-g3cOLjA\" class=\"yotu-video\" data-videoid=\"A3I-g3cOLjA\" data-title=\"Lupita Due\u00f1as | Una mujer irresistible | 12\/01\/2021\">\n\t\t\t\t\t<div class=\"yotu-video-thumb-wrp\">\n\t\t\t\t\t\t<div>\n\t\t\t\t\t\t\t\t\t\t\t\t\t\t<img data-recalc-dims=\"1\" decoding=\"async\" class=\"yotu-video-thumb\" src=\"https:\/\/i0.wp.com\/i.ytimg.com\/vi\/A3I-g3cOLjA\/sddefault.jpg?w=800&#038;ssl=1\" alt=\"Lupita Due\u00f1as | Una mujer irresistible | 12\/01\/2021\" \/>\n\t\t\t\t\t\t\t\t\t\t\t\t\t<\/div>\n\t\t\t\t\t<\/div>\n\t\t\t\t\t\t\t\t\t\t\t<h3 class=\"yotu-video-title\">Lupita Due\u00f1as | Una mujer irresistible | 12\/01\/2021<\/h3>\n\t\t\t\t\t\t\t\t\t\t\t\t\t\t\t\t\t\t\t<\/a>\n\t\t\t\t\t\t\t<\/li>\n\t\t\t\t\n\t\t\t\t\t\t<li class=\"\">\n\t\t\t\t\t\t\t\t<a href=\"#aELUD1f6Y_c\" class=\"yotu-video\" data-videoid=\"aELUD1f6Y_c\" data-title=\"Escarlin Tejada | Asumiendo tu rol como Mujer | 02\/16\/2022\">\n\t\t\t\t\t<div class=\"yotu-video-thumb-wrp\">\n\t\t\t\t\t\t<div>\n\t\t\t\t\t\t\t\t\t\t\t\t\t\t<img data-recalc-dims=\"1\" decoding=\"async\" class=\"yotu-video-thumb\" src=\"https:\/\/i0.wp.com\/i.ytimg.com\/vi\/aELUD1f6Y_c\/sddefault.jpg?w=800&#038;ssl=1\" alt=\"Escarlin Tejada | Asumiendo tu rol como Mujer | 02\/16\/2022\" \/>\n\t\t\t\t\t\t\t\t\t\t\t\t\t<\/div>\n\t\t\t\t\t<\/div>\n\t\t\t\t\t\t\t\t\t\t\t<h3 class=\"yotu-video-title\">Escarlin Tejada | Asumiendo tu rol como Mujer | 02\/16\/2022<\/h3>\n\t\t\t\t\t\t\t\t\t\t\t\t\t\t\t\t\t\t\t<\/a>\n\t\t\t\t\t\t\t<\/li>\n\t\t\t\t\n\t\t\t\t\t\t<li class=\"\">\n\t\t\t\t\t\t\t\t<a href=\"#3sYGpVGy-Qs\" class=\"yotu-video\" data-videoid=\"3sYGpVGy-Qs\" data-title=\"Esperanza de Eguiluz | En el d\u00eda que temo en ti conf\u00edo | 04\/20\/2022\">\n\t\t\t\t\t<div class=\"yotu-video-thumb-wrp\">\n\t\t\t\t\t\t<div>\n\t\t\t\t\t\t\t\t\t\t\t\t\t\t<img data-recalc-dims=\"1\" decoding=\"async\" class=\"yotu-video-thumb\" src=\"https:\/\/i0.wp.com\/i.ytimg.com\/vi\/3sYGpVGy-Qs\/sddefault.jpg?w=800&#038;ssl=1\" alt=\"Esperanza de Eguiluz | En el d\u00eda que temo en ti conf\u00edo | 04\/20\/2022\" \/>\n\t\t\t\t\t\t\t\t\t\t\t\t\t<\/div>\n\t\t\t\t\t<\/div>\n\t\t\t\t\t\t\t\t\t\t\t<h3 class=\"yotu-video-title\">Esperanza de Eguiluz | En el d\u00eda que temo en ti conf\u00edo | 04\/20\/2022<\/h3>\n\t\t\t\t\t\t\t\t\t\t\t\t\t\t\t\t\t\t\t<\/a>\n\t\t\t\t\t\t\t<\/li>\n\t\t\t\t\n\t\t\t\t\t\t<li class=\"\">\n\t\t\t\t\t\t\t\t<a href=\"#Tgo9pr4JC_0\" class=\"yotu-video\" data-videoid=\"Tgo9pr4JC_0\" data-title=\"Mayte Garc\u00eda | Una mujer piadosa adora a Dios | 06\/01\/2022\">\n\t\t\t\t\t<div class=\"yotu-video-thumb-wrp\">\n\t\t\t\t\t\t<div>\n\t\t\t\t\t\t\t\t\t\t\t\t\t\t<img data-recalc-dims=\"1\" decoding=\"async\" class=\"yotu-video-thumb\" src=\"https:\/\/i0.wp.com\/i.ytimg.com\/vi\/Tgo9pr4JC_0\/sddefault.jpg?w=800&#038;ssl=1\" alt=\"Mayte Garc\u00eda | Una mujer piadosa adora a Dios | 06\/01\/2022\" \/>\n\t\t\t\t\t\t\t\t\t\t\t\t\t<\/div>\n\t\t\t\t\t<\/div>\n\t\t\t\t\t\t\t\t\t\t\t<h3 class=\"yotu-video-title\">Mayte Garc\u00eda | Una mujer piadosa adora a Dios | 06\/01\/2022<\/h3>\n\t\t\t\t\t\t\t\t\t\t\t\t\t\t\t\t\t\t\t<\/a>\n\t\t\t\t\t\t\t<\/li>\n\t\t\t\t\n\t\t\t\t\t\t<li class=\"\">\n\t\t\t\t\t\t\t\t<a href=\"#b0BUknIq1jQ\" class=\"yotu-video\" data-videoid=\"b0BUknIq1jQ\" data-title=\"Roxana Llamas | Cuidando y valorando la familia | Servicio Online | 08\/31\/22\">\n\t\t\t\t\t<div class=\"yotu-video-thumb-wrp\">\n\t\t\t\t\t\t<div>\n\t\t\t\t\t\t\t\t\t\t\t\t\t\t<img data-recalc-dims=\"1\" decoding=\"async\" class=\"yotu-video-thumb\" src=\"https:\/\/i0.wp.com\/i.ytimg.com\/vi\/b0BUknIq1jQ\/sddefault.jpg?w=800&#038;ssl=1\" alt=\"Roxana Llamas | Cuidando y valorando la familia | Servicio Online | 08\/31\/22\" \/>\n\t\t\t\t\t\t\t\t\t\t\t\t\t<\/div>\n\t\t\t\t\t<\/div>\n\t\t\t\t\t\t\t\t\t\t\t<h3 class=\"yotu-video-title\">Roxana Llamas | Cuidando y valorando la familia | Servicio Online | 08\/31\/22<\/h3>\n\t\t\t\t\t\t\t\t\t\t\t\t\t\t\t\t\t\t\t<\/a>\n\t\t\t\t\t\t\t<\/li>\n\t\t\t\t\n\t\t\t\t\t\t<li class=\"\">\n\t\t\t\t\t\t\t\t<a href=\"#gaQanQBof1U\" class=\"yotu-video\" data-videoid=\"gaQanQBof1U\" data-title=\"Bertha Olivares | Equilibrando mis prioridades | Servicio Online 10\/12\/22\">\n\t\t\t\t\t<div class=\"yotu-video-thumb-wrp\">\n\t\t\t\t\t\t<div>\n\t\t\t\t\t\t\t\t\t\t\t\t\t\t<img data-recalc-dims=\"1\" decoding=\"async\" class=\"yotu-video-thumb\" src=\"https:\/\/i0.wp.com\/i.ytimg.com\/vi\/gaQanQBof1U\/sddefault.jpg?w=800&#038;ssl=1\" alt=\"Bertha Olivares | Equilibrando mis prioridades | Servicio Online 10\/12\/22\" \/>\n\t\t\t\t\t\t\t\t\t\t\t\t\t<\/div>\n\t\t\t\t\t<\/div>\n\t\t\t\t\t\t\t\t\t\t\t<h3 class=\"yotu-video-title\">Bertha Olivares | Equilibrando mis prioridades | Servicio Online 10\/12\/22<\/h3>\n\t\t\t\t\t\t\t\t\t\t\t\t\t\t\t\t\t\t\t<\/a>\n\t\t\t\t\t\t\t<\/li>\n\t\t\t\t\n\t\t\t\t\t\t<li class=\"\">\n\t\t\t\t\t\t\t\t<a href=\"#Z9OHjKAovmk\" class=\"yotu-video\" data-videoid=\"Z9OHjKAovmk\" data-title=\"Sonia Yepez | Mujeres de honor | Servicio Online 11\/09\/22\">\n\t\t\t\t\t<div class=\"yotu-video-thumb-wrp\">\n\t\t\t\t\t\t<div>\n\t\t\t\t\t\t\t\t\t\t\t\t\t\t<img data-recalc-dims=\"1\" decoding=\"async\" class=\"yotu-video-thumb\" src=\"https:\/\/i0.wp.com\/i.ytimg.com\/vi\/Z9OHjKAovmk\/sddefault.jpg?w=800&#038;ssl=1\" alt=\"Sonia Yepez | Mujeres de honor | Servicio Online 11\/09\/22\" \/>\n\t\t\t\t\t\t\t\t\t\t\t\t\t<\/div>\n\t\t\t\t\t<\/div>\n\t\t\t\t\t\t\t\t\t\t\t<h3 class=\"yotu-video-title\">Sonia Yepez | Mujeres de honor | Servicio Online 11\/09\/22<\/h3>\n\t\t\t\t\t\t\t\t\t\t\t\t\t\t\t\t\t\t\t<\/a>\n\t\t\t\t\t\t\t<\/li>\n\t\t\t\t\n\t\t\t\t\t\t<li class=\"\">\n\t\t\t\t\t\t\t\t<a href=\"#Ymo4ZT87eb0\" class=\"yotu-video\" data-videoid=\"Ymo4ZT87eb0\" data-title=\"Luciana G\u00f3mez | Un fundamento inquebrantable | Servicio Online 03\/19\/25\">\n\t\t\t\t\t<div class=\"yotu-video-thumb-wrp\">\n\t\t\t\t\t\t<div>\n\t\t\t\t\t\t\t\t\t\t\t\t\t\t<img data-recalc-dims=\"1\" decoding=\"async\" class=\"yotu-video-thumb\" src=\"https:\/\/i0.wp.com\/i.ytimg.com\/vi\/Ymo4ZT87eb0\/sddefault.jpg?w=800&#038;ssl=1\" alt=\"Luciana G\u00f3mez | Un fundamento inquebrantable | Servicio Online 03\/19\/25\" \/>\n\t\t\t\t\t\t\t\t\t\t\t\t\t<\/div>\n\t\t\t\t\t<\/div>\n\t\t\t\t\t\t\t\t\t\t\t<h3 class=\"yotu-video-title\">Luciana G\u00f3mez | Un fundamento inquebrantable | Servicio Online 03\/19\/25<\/h3>\n\t\t\t\t\t\t\t\t\t\t\t\t\t\t\t\t\t\t\t<\/a>\n\t\t\t\t\t\t\t<\/li>\n\t\t\t\t\n\t\t\t\t\t\t<li class=\"\">\n\t\t\t\t\t\t\t\t<a href=\"#mQutT2LpBXs\" class=\"yotu-video\" data-videoid=\"mQutT2LpBXs\" data-title=\"Mariana Reynoso | Que bueno que soy mujer | Servicio Online 06\/25\/25\">\n\t\t\t\t\t<div class=\"yotu-video-thumb-wrp\">\n\t\t\t\t\t\t<div>\n\t\t\t\t\t\t\t\t\t\t\t\t\t\t<img data-recalc-dims=\"1\" decoding=\"async\" class=\"yotu-video-thumb\" src=\"https:\/\/i0.wp.com\/i.ytimg.com\/vi\/mQutT2LpBXs\/sddefault.jpg?w=800&#038;ssl=1\" alt=\"Mariana Reynoso | Que bueno que soy mujer | Servicio Online 06\/25\/25\" \/>\n\t\t\t\t\t\t\t\t\t\t\t\t\t<\/div>\n\t\t\t\t\t<\/div>\n\t\t\t\t\t\t\t\t\t\t\t<h3 class=\"yotu-video-title\">Mariana Reynoso | Que bueno que soy mujer | Servicio Online 06\/25\/25<\/h3>\n\t\t\t\t\t\t\t\t\t\t\t\t\t\t\t\t\t\t\t<\/a>\n\t\t\t\t\t\t\t<\/li>\n\t\t\t\t\n\t\t\t\t\t\t<li class=\"\">\n\t\t\t\t\t\t\t\t<a href=\"#pSctczFhoQE\" class=\"yotu-video\" data-videoid=\"pSctczFhoQE\" data-title=\"Romina Reynoso | Status actual: Satisfecha en Cristo | Servicio Online 09\/17\/25\">\n\t\t\t\t\t<div class=\"yotu-video-thumb-wrp\">\n\t\t\t\t\t\t<div>\n\t\t\t\t\t\t\t\t\t\t\t\t\t\t<img data-recalc-dims=\"1\" decoding=\"async\" class=\"yotu-video-thumb\" src=\"https:\/\/i0.wp.com\/i.ytimg.com\/vi\/pSctczFhoQE\/sddefault.jpg?w=800&#038;ssl=1\" alt=\"Romina Reynoso | Status actual: Satisfecha en Cristo | Servicio Online 09\/17\/25\" \/>\n\t\t\t\t\t\t\t\t\t\t\t\t\t<\/div>\n\t\t\t\t\t<\/div>\n\t\t\t\t\t\t\t\t\t\t\t<h3 class=\"yotu-video-title\">Romina Reynoso | Status actual: Satisfecha en Cristo | Servicio Online 09\/17\/25<\/h3>\n\t\t\t\t\t\t\t\t\t\t\t\t\t\t\t\t\t\t\t<\/a>\n\t\t\t\t\t\t\t<\/li>\n\t\t\t\t\n\t\t\t\t\t\t<li class=\"\">\n\t\t\t\t\t\t\t\t<a href=\"#Uz5DABq9kmI\" class=\"yotu-video\" data-videoid=\"Uz5DABq9kmI\" data-title=\"Monserrat P\u00e9rez | Vasos de barro | Servicio Online | 11\/12\/25\">\n\t\t\t\t\t<div class=\"yotu-video-thumb-wrp\">\n\t\t\t\t\t\t<div>\n\t\t\t\t\t\t\t\t\t\t\t\t\t\t<img data-recalc-dims=\"1\" decoding=\"async\" class=\"yotu-video-thumb\" src=\"https:\/\/i0.wp.com\/i.ytimg.com\/vi\/Uz5DABq9kmI\/sddefault.jpg?w=800&#038;ssl=1\" alt=\"Monserrat P\u00e9rez | Vasos de barro | Servicio Online | 11\/12\/25\" \/>\n\t\t\t\t\t\t\t\t\t\t\t\t\t<\/div>\n\t\t\t\t\t<\/div>\n\t\t\t\t\t\t\t\t\t\t\t<h3 class=\"yotu-video-title\">Monserrat P\u00e9rez | Vasos de barro | Servicio Online | 11\/12\/25<\/h3>\n\t\t\t\t\t\t\t\t\t\t\t\t\t\t\t\t\t\t\t<\/a>\n\t\t\t\t\t\t\t<\/li>\n\t\t\t\t\n\t\t\t\t<\/ul>\n<\/div><div class=\"yotu-pagination yotu-hide yotu-pager_layout-default yotu-pagination-bottom\">\n<a href=\"#\" class=\"yotu-pagination-prev yotu-button-prs yotu-button-prs-1\" data-page=\"prev\">Prev<\/a>\n<span class=\"yotu-pagination-current\">1<\/span> <span>of<\/span> <span class=\"yotu-pagination-total\">1<\/span>\n<a href=\"#\" class=\"yotu-pagination-next yotu-button-prs yotu-button-prs-1\" data-page=\"next\">Next<\/a>\n<\/div>\n\t\t\t\t<\/div>\n\t\t\t<\/div>\n\t\t\t<\/div>\n<\/div>\n<\/div>\n<\/div>\n<\/div>\n<\/section>\n<section id=\"_fZ79svkRQXw7\" class=\"brz-section brz-css-1yx0ahv\">\n<div class=\"brz-section__content brz-section--boxed brz-css-1xmkgn1 brz-css-jf42m5\" data-brz-custom-id=\"lE7piL_cDc5f\">\n<div class=\"brz-bg\">\n<div class=\"brz-bg-color\"><\/div>\n<\/div>\n<div class=\"brz-container brz-css-6thvi0\">\n<div class=\"brz-row__container brz-css-s7y78a brz-css-1gwvu46\" data-brz-custom-id=\"p4tckkB5vasx\">\n<div class=\"brz-bg\"><\/div>\n<div class=\"brz-row brz-css-1nziyv1 brz-css-ftjzqs\">\n<div class=\"brz-columns brz-css-1q9vwqo brz-css-1a1j5oy\" data-brz-custom-id=\"gPfk3O2BcoDm\">\n<div class=\"brz-bg\"><\/div>\n<div class=\"brz-column__items brz-css-17ekzb8 brz-css-17rh5ud\">\n<div id=\"\" class=\"brz-css-1hvi9rn brz-css-1iw6ftx brz-wrapper\">\n<div class=\"brz-rich-text brz-rich-text__custom brz-css-kbm7cy\" data-brz-custom-id=\"eRXWireyx55Q\">\n<div data-brz-translate-text=\"1\">\n<p class=\"brz-tp-lg-paragraph brz-tp-sm-paragraph brz-text-lg-left brz-text-xs-center brz-tp-xs-paragraph brz-css-p1Rb7\" data-generated-css=\"brz-css-tcdcw\" data-uniq-id=\"oqbtr\"><span class=\"brz-cp-color8\">Casa de Oraci\u00f3n Houston<\/span><\/p>\n<\/div>\n<\/div>\n<\/div>\n<\/div>\n<\/div>\n<div class=\"brz-columns brz-css-1q9vwqo\" data-brz-custom-id=\"rgpVXnNT4IFX\">\n<div class=\"brz-bg\"><\/div>\n<div class=\"brz-column__items brz-css-17ekzb8 brz-css-j3099d\">\n<div class=\"brz-wrapper-clone brz-css-18ysdkn brz-css-1p0enqj\">\n<div class=\"brz-d-xs-flex brz-flex-xs-wrap brz-css-mss4yp brz-css-3bz8a\" data-brz-custom-id=\"\">\n<div class=\"brz-wrapper-clone__item\" id=\"oG_wUuaD5xPY\">\n<div class=\"brz-icon__container\" data-brz-custom-id=\"oG_wUuaD5xPY\"><a class=\"brz-a\" href=\"https:\/\/soundcloud.com\/casadeoracionhoustontexas\" target=\"_self\" rel=\"noopener\" data-brz-link-type=\"external\"><span class=\"brz-icon brz-span brz-css-inbiz brz-css-8rnkp1\"><\/span><\/a><\/div>\n<\/div>\n<div class=\"brz-wrapper-clone__item\" id=\"xewHMFFtNn0h\">\n<div class=\"brz-icon__container\" data-brz-custom-id=\"xewHMFFtNn0h\"><a class=\"brz-a\" href=\"https:\/\/www.facebook.com\/casadeoracionhoustontx\" target=\"_self\" rel=\"noopener\" data-brz-link-type=\"external\"><span class=\"brz-icon brz-span brz-css-inbiz brz-css-92ub92\"><\/span><\/a><\/div>\n<\/div>\n<div class=\"brz-wrapper-clone__item\" id=\"wzbhNKqW6G7E\">\n<div class=\"brz-icon__container\" data-brz-custom-id=\"wzbhNKqW6G7E\"><a class=\"brz-a\" href=\"https:\/\/www.youtube.com\/@casadeoracionhoustontx-ofi656\" target=\"_self\" rel=\"noopener\" data-brz-link-type=\"external\"><span class=\"brz-icon brz-span brz-css-inbiz brz-css-10ggd9x\"><\/span><\/a><\/div>\n<\/div>\n<\/div>\n<\/div>\n<\/div>\n<\/div>\n<\/div>\n<\/div>\n<\/div>\n<\/div>\n<\/section>\n<\/div>\n<p>    <!-- version:1737135400 --><\/p>\n","protected":false},"excerpt":{"rendered":"<p>Home Declaraci\u00f3n de Fe Series Series en Audio Contacto Ser miembro Casa de Oraci\u00f3n Houston<\/p>\n","protected":false},"author":1,"featured_media":0,"parent":0,"menu_order":0,"comment_status":"closed","ping_status":"closed","template":"brizy-blank-template.php","meta":{"footnotes":""},"class_list":["post-1322","page","type-page","status-publish","hentry"],"aioseo_notices":[],"jetpack_sharing_enabled":true,"brizy_media":[],"_links":{"self":[{"href":"https:\/\/casadeoracionhouston.com\/index.php\/wp-json\/wp\/v2\/pages\/1322","targetHints":{"allow":["GET"]}}],"collection":[{"href":"https:\/\/casadeoracionhouston.com\/index.php\/wp-json\/wp\/v2\/pages"}],"about":[{"href":"https:\/\/casadeoracionhouston.com\/index.php\/wp-json\/wp\/v2\/types\/page"}],"author":[{"embeddable":true,"href":"https:\/\/casadeoracionhouston.com\/index.php\/wp-json\/wp\/v2\/users\/1"}],"replies":[{"embeddable":true,"href":"https:\/\/casadeoracionhouston.com\/index.php\/wp-json\/wp\/v2\/comments?post=1322"}],"version-history":[{"count":5,"href":"https:\/\/casadeoracionhouston.com\/index.php\/wp-json\/wp\/v2\/pages\/1322\/revisions"}],"predecessor-version":[{"id":1341,"href":"https:\/\/casadeoracionhouston.com\/index.php\/wp-json\/wp\/v2\/pages\/1322\/revisions\/1341"}],"wp:attachment":[{"href":"https:\/\/casadeoracionhouston.com\/index.php\/wp-json\/wp\/v2\/media?parent=1322"}],"curies":[{"name":"wp","href":"https:\/\/api.w.org\/{rel}","templated":true}]}}