{"id":1172,"date":"2023-12-13T22:46:33","date_gmt":"2023-12-13T22:46:33","guid":{"rendered":"https:\/\/casadeoracionhouston.com\/?page_id=1172"},"modified":"2026-04-07T01:57:31","modified_gmt":"2026-04-07T01:57:31","slug":"temas-para-varones","status":"publish","type":"page","link":"https:\/\/casadeoracionhouston.com\/index.php\/temas-para-varones\/","title":{"rendered":"Temas para varones"},"content":{"rendered":"<div class=\"brz-root__container brz-reset-all brz brz-root__container-page\">\n<section id=\"_fyeKJl_XJfIz\" class=\"brz-section brz-css-1593rvq brz-css-mxep5k\">\n<div class=\"brz-section__content brz-section--boxed brz-css-50pr2w brz-css-1t8qfk0\" data-brz-custom-id=\"hpeoxlcPB9tY\">\n<div class=\"brz-container brz-css-1dmzw6j\">\n<div class=\"brz-row__container brz-css-v28l4r\" data-brz-custom-id=\"fa58i4ruTcwC\">\n<div class=\"brz-bg\"><\/div>\n<div class=\"brz-row brz-css-1fsgz8o brz-css-1dxsihm\">\n<div class=\"brz-columns brz-css-1uf0lwj brz-css-rwwfnw\" data-brz-custom-id=\"jFlATygbmgaO\">\n<div class=\"brz-bg\"><\/div>\n<div class=\"brz-column__items brz-css-hkbw1b brz-css-u0uu43\">\n<div id=\"\" class=\"brz-css-s45zek brz-css-cievau brz-wrapper\">\n<div class=\"brz-image brz-css-tugja1\" data-brz-custom-id=\"pZElZRHHfji5\"><img data-recalc-dims=\"1\" decoding=\"async\" class=\"brz-img\" src=\"https:\/\/i0.wp.com\/casadeoracionhouston.com\/wp-content\/uploads\/2023\/11\/Transparent-Logo-Black.png?w=800&#038;ssl=1\" alt=\"\" loading=\"lazy\"><\/div>\n<\/div>\n<\/div>\n<\/div>\n<div class=\"brz-columns brz-css-1uf0lwj brz-css-1k1ef20\" data-brz-custom-id=\"afEldHvMy5_D\">\n<div class=\"brz-bg\">\n<div class=\"brz-bg-color\"><\/div>\n<\/div>\n<div class=\"brz-column__items brz-css-hkbw1b brz-css-xlsyoz\">\n<div class=\"brz-wrapper-clone brz-css-uw865o brz-css-aznm2f\">\n<div class=\"brz-d-xs-flex brz-flex-xs-wrap brz-css-1jc1n27 brz-css-omere2\" data-brz-custom-id=\"\">\n<div class=\"brz-wrapper-clone__item\" id=\"r2MIb4P_4xG6\"><a class=\"brz-a brz-anchor brz-btn brz-css-dkmanb brz-css-62rcy1 brz-css-iir4km brz-css-1pfvhfj\" href=\"#_\" target=\"_self\" rel=\"noopener\" data-brz-link-type=\"anchor\" data-brz-custom-id=\"r2MIb4P_4xG6\"><span data-brz-translate-text=\"1\" class=\"brz-span brz-text__editor\"><\/span><\/a><\/div>\n<div class=\"brz-wrapper-clone__item\" id=\"ejnYc1pAxata\"><a class=\"brz-a brz-btn brz-css-dkmanb brz-css-1rlh5yh brz-css-iir4km brz-css-13kvh32\" href=\"https:\/\/casadeoracionhouston.com\/\" target=\"_self\" rel=\"noopener\" data-brz-link-type=\"external\" data-brz-custom-id=\"ejnYc1pAxata\"><span data-brz-translate-text=\"1\" class=\"brz-span brz-text__editor\">Home<\/span><\/a><\/div>\n<div class=\"brz-wrapper-clone__item\" id=\"iw33wlcWiDEo\"><a class=\"brz-a brz-btn brz-css-dkmanb brz-css-1e50asb brz-css-iir4km brz-css-cp9hc6\" href=\"https:\/\/casadeoracionhouston.com\/index.php\/declaracion-de-fe\/\" target=\"_self\" rel=\"noopener\" data-brz-link-type=\"external\" data-brz-custom-id=\"iw33wlcWiDEo\"><span data-brz-translate-text=\"1\" class=\"brz-span brz-text__editor\">Declaraci\u00f3n de Fe<br \/>\n<\/span><\/a><\/div>\n<div class=\"brz-wrapper-clone__item\" id=\"xknXKUJtVUcs\"><a class=\"brz-a brz-btn brz-css-dkmanb brz-css-jfx4q9 brz-css-iir4km brz-css-fu6em2\" href=\"https:\/\/casadeoracionhouston.com\/index.php\/series-completa\/\" target=\"_self\" rel=\"noopener\" data-brz-link-type=\"external\" data-brz-custom-id=\"xknXKUJtVUcs\"><span data-brz-translate-text=\"1\" class=\"brz-span brz-text__editor\">Series<\/span><\/a><\/div>\n<div class=\"brz-wrapper-clone__item\" id=\"qVNMwsc_AaTF\"><a class=\"brz-a brz-btn brz-css-dkmanb brz-css-17zr0gc brz-css-iir4km brz-css-x2on4b\" href=\"https:\/\/casadeoracionhouston.com\/index.php\/series-en-audio\/\" target=\"_self\" rel=\"noopener\" data-brz-link-type=\"external\" data-brz-custom-id=\"qVNMwsc_AaTF\"><span data-brz-translate-text=\"1\" class=\"brz-span brz-text__editor\">Series en Audio<\/span><\/a><\/div>\n<div class=\"brz-wrapper-clone__item\" id=\"w97i1bDvmgG2\"><a class=\"brz-a brz-btn brz-css-dkmanb brz-css-11a9ryt brz-css-iir4km brz-css-v9zb24\" href=\"https:\/\/casadeoracionhouston.com\/index.php\/contacto\/\" target=\"_self\" rel=\"noopener\" data-brz-link-type=\"external\" data-brz-custom-id=\"w97i1bDvmgG2\"><span data-brz-translate-text=\"1\" class=\"brz-span brz-text__editor\">Contacto<\/span><\/a><\/div>\n<div class=\"brz-wrapper-clone__item\" id=\"qBcgDl6GVf9e\"><a class=\"brz-a brz-btn brz-css-dkmanb brz-css-1rjj2yn brz-css-iir4km brz-css-1768i8b\" href=\"https:\/\/docs.google.com\/forms\/d\/e\/1FAIpQLSfuZf2lBFYOMT2oXWV5O12I_-M9YZXBWiHxJqMKzABX4j9lTQ\/viewform\" target=\"_blank\" rel=\"noopener\" data-brz-link-type=\"external\" data-brz-custom-id=\"qBcgDl6GVf9e\"><span data-brz-translate-text=\"1\" class=\"brz-span brz-text__editor\">Ser miembro<\/span><\/a><\/div>\n<\/div>\n<\/div>\n<\/div>\n<\/div>\n<\/div>\n<\/div>\n<\/div>\n<\/div>\n<\/section>\n<section id=\"_inFcljcXfVdC\" class=\"brz-section brz-css-1593rvq\">\n<div class=\"brz-section__content brz-section--boxed brz-css-50pr2w\" data-brz-custom-id=\"fAcYt6nxiFg0\">\n<div class=\"brz-container brz-css-1dmzw6j\">\n<div id=\"\" class=\"brz-css-s45zek brz-wrapper\">\n<div class=\"brz-wp-shortcode brz-css-plzz0z\" data-brz-custom-id=\"pRsDAIbQxqO8\">\n<div>\t\t\t<div \n\t\t\tclass=\"yotu-playlist yotuwp yotu-limit-min yotu-limit-max   yotu-thumb-169  yotu-template-list\" \n\t\t\tdata-page=\"1\"\n\t\t\tid=\"yotuwp-69e2436f1e224\"\n\t\t\tdata-yotu=\"69e2436f4e7c2\"\n\t\t\tdata-total=\"1\"\n\t\t\tdata-settings=\"eyJ0eXBlIjoicGxheWxpc3QiLCJpZCI6IlBMM2hLcktrMlpJcXBacWVvRWtnWW1wZ3N4RGdvQUhFODciLCJwYWdpbmF0aW9uIjoib24iLCJwYWdpdHlwZSI6InBhZ2VyIiwiY29sdW1uIjoiNiIsInBlcl9wYWdlIjoiNTAiLCJ0ZW1wbGF0ZSI6Imxpc3QiLCJ0aXRsZSI6Im9uIiwiZGVzY3JpcHRpb24iOiJvZmYiLCJ0aHVtYnJhdGlvIjoiMTY5IiwibWV0YSI6Im9mZiIsIm1ldGFfZGF0YSI6Im9mZiIsIm1ldGFfcG9zaXRpb24iOiJvZmYiLCJkYXRlX2Zvcm1hdCI6Im9mZiIsIm1ldGFfYWxpZ24iOiJvZmYiLCJzdWJzY3JpYmUiOiJvZmYiLCJkdXJhdGlvbiI6Im9mZiIsIm1ldGFfaWNvbiI6Im9mZiIsIm5leHR0ZXh0IjoiIiwicHJldnRleHQiOiIiLCJsb2FkbW9yZXRleHQiOiIiLCJwbGF5ZXIiOnsibW9kZSI6ImxhcmdlIiwid2lkdGgiOiI2MDAiLCJzY3JvbGxpbmciOiIxMDAiLCJhdXRvcGxheSI6MSwiY29udHJvbHMiOjEsIm1vZGVzdGJyYW5kaW5nIjoxLCJsb29wIjowLCJhdXRvbmV4dCI6MCwic2hvd2luZm8iOjEsInJlbCI6MSwicGxheWluZyI6MCwicGxheWluZ19kZXNjcmlwdGlvbiI6MCwidGh1bWJuYWlscyI6MCwiY2NfbG9hZF9wb2xpY3kiOiIxIiwiY2NfbGFuZ19wcmVmIjoiMSIsImhsIjoiIiwiaXZfbG9hZF9wb2xpY3kiOiIxIiwiYW1wO2F1dG9uZXh0IjoxfSwibGFzdF90YWIiOiJhcGkiLCJ1c2VfYXNfbW9kYWwiOiJvZmYiLCJtb2RhbF9pZCI6Im9mZiIsImxhc3RfdXBkYXRlIjoiMTcwMDU4OTkxMiIsInN0eWxpbmciOnsicGFnZXJfbGF5b3V0IjoiZGVmYXVsdCIsImJ1dHRvbiI6IjEiLCJidXR0b25fY29sb3IiOiIiLCJidXR0b25fYmdfY29sb3IiOiIiLCJidXR0b25fY29sb3JfaG92ZXIiOiIiLCJidXR0b25fYmdfY29sb3JfaG92ZXIiOiIiLCJ2aWRlb19zdHlsZSI6IiIsInBsYXlpY29uX2NvbG9yIjoiIiwiaG92ZXJfaWNvbiI6IiIsImdhbGxlcnlfYmciOiIifSwiZWZmZWN0cyI6eyJ2aWRlb19ib3giOiIiLCJmbGlwX2VmZmVjdCI6IiJ9LCJnYWxsZXJ5X2lkIjoiNjllMjQzNmYxZTIyNCIsIm5leHQiOiIiLCJwcmV2IjoiIn0=\"\n\t\t\tdata-player=\"large\"\n\t\t\tdata-showdesc=\"off\" >\n\t\t\t\t<div>\n\t\t\t\t\t\t\t\t\t\t<div class=\"yotu-wrapper-player\" style=\"width:600px\">\n\t\t\t\t\t\t\t\t\t\t\t\t<div class=\"yotu-player\">\n\t\t\t\t\t\t\t<div class=\"yotu-video-placeholder\" id=\"yotu-player-69e2436f4e7c2\"><\/div>\n\t\t\t\t\t\t<\/div>\n\t\t\t\t\t\t<div class=\"yotu-playing-status\"><\/div>\n\t\t\t\t\t\t\t\t\t\t\t<\/div>\n\n\t\t\t\t\t<div class=\"yotu-pagination yotu-hide yotu-pager_layout-default yotu-pagination-top\">\n<a href=\"#\" class=\"yotu-pagination-prev yotu-button-prs yotu-button-prs-1\" data-page=\"prev\">Prev<\/a>\n<span class=\"yotu-pagination-current\">1<\/span> <span>of<\/span> <span class=\"yotu-pagination-total\">1<\/span>\n<a href=\"#\" class=\"yotu-pagination-next yotu-button-prs yotu-button-prs-1\" data-page=\"next\">Next<\/a>\n<\/div>\n<div class=\"yotu-videos yotu-mode-list yotu-column-6 yotu-player-mode-large\">\n\t<ul>\n\t\t\t\t\t<li class=\" yotu-first\">\n\t\t\t\t\t\t\t\t<a href=\"#fzp03RNyvQI\" class=\"yotu-video\" data-videoid=\"fzp03RNyvQI\" data-title=\"Ra\u00fal Borboa | \u00bfCon que muy hombre, no? | Tema especial para varones | 07\/07\/21\">\n\t\t\t\t\t<div class=\"yotu-video-thumb-wrp\">\n\t\t\t\t\t\t<div>\n\t\t\t\t\t\t\t\t\t\t\t\t\t\t<img data-recalc-dims=\"1\" decoding=\"async\" class=\"yotu-video-thumb\" src=\"https:\/\/i0.wp.com\/i.ytimg.com\/vi\/fzp03RNyvQI\/sddefault.jpg?w=800&#038;ssl=1\" alt=\"Ra\u00fal Borboa | \u00bfCon que muy hombre, no? | Tema especial para varones | 07\/07\/21\" \/>\n\t\t\t\t\t\t\t\t\t\t\t\t\t<\/div>\n\t\t\t\t\t<\/div>\n\t\t\t\t\t\t\t\t\t\t\t<h3 class=\"yotu-video-title\">Ra\u00fal Borboa | \u00bfCon que muy hombre, no? | Tema especial para varones | 07\/07\/21<\/h3>\n\t\t\t\t\t\t\t\t\t\t\t\t\t\t\t\t\t\t\t<\/a>\n\t\t\t\t\t\t\t<\/li>\n\t\t\t\t\n\t\t\t\t\t\t<li class=\"\">\n\t\t\t\t\t\t\t\t<a href=\"#PDb8DErdTDA\" class=\"yotu-video\" data-videoid=\"PDb8DErdTDA\" data-title=\"Ra\u00fal Borboa | Hombres y mujeres sabios | 07\/14\/2021\">\n\t\t\t\t\t<div class=\"yotu-video-thumb-wrp\">\n\t\t\t\t\t\t<div>\n\t\t\t\t\t\t\t\t\t\t\t\t\t\t<img data-recalc-dims=\"1\" decoding=\"async\" class=\"yotu-video-thumb\" src=\"https:\/\/i0.wp.com\/i.ytimg.com\/vi\/PDb8DErdTDA\/sddefault.jpg?w=800&#038;ssl=1\" alt=\"Ra\u00fal Borboa | Hombres y mujeres sabios | 07\/14\/2021\" \/>\n\t\t\t\t\t\t\t\t\t\t\t\t\t<\/div>\n\t\t\t\t\t<\/div>\n\t\t\t\t\t\t\t\t\t\t\t<h3 class=\"yotu-video-title\">Ra\u00fal Borboa | Hombres y mujeres sabios | 07\/14\/2021<\/h3>\n\t\t\t\t\t\t\t\t\t\t\t\t\t\t\t\t\t\t\t<\/a>\n\t\t\t\t\t\t\t<\/li>\n\t\t\t\t\n\t\t\t\t\t\t<li class=\"\">\n\t\t\t\t\t\t\t\t<a href=\"#TYtysAuv21U\" class=\"yotu-video\" data-videoid=\"TYtysAuv21U\" data-title=\"Adolfo Toscano | Los deberes de un hombre | Servicio Online 09\/15\/21\">\n\t\t\t\t\t<div class=\"yotu-video-thumb-wrp\">\n\t\t\t\t\t\t<div>\n\t\t\t\t\t\t\t\t\t\t\t\t\t\t<img data-recalc-dims=\"1\" decoding=\"async\" class=\"yotu-video-thumb\" src=\"https:\/\/i0.wp.com\/i.ytimg.com\/vi\/TYtysAuv21U\/sddefault.jpg?w=800&#038;ssl=1\" alt=\"Adolfo Toscano | Los deberes de un hombre | Servicio Online 09\/15\/21\" \/>\n\t\t\t\t\t\t\t\t\t\t\t\t\t<\/div>\n\t\t\t\t\t<\/div>\n\t\t\t\t\t\t\t\t\t\t\t<h3 class=\"yotu-video-title\">Adolfo Toscano | Los deberes de un hombre | Servicio Online 09\/15\/21<\/h3>\n\t\t\t\t\t\t\t\t\t\t\t\t\t\t\t\t\t\t\t<\/a>\n\t\t\t\t\t\t\t<\/li>\n\t\t\t\t\n\t\t\t\t\t\t<li class=\"\">\n\t\t\t\t\t\t\t\t<a href=\"#oVFLmfhD4Lc\" class=\"yotu-video\" data-videoid=\"oVFLmfhD4Lc\" data-title=\"Javier de Eguiluz | Siervo y l\u00edder | 11\/10\/2021\">\n\t\t\t\t\t<div class=\"yotu-video-thumb-wrp\">\n\t\t\t\t\t\t<div>\n\t\t\t\t\t\t\t\t\t\t\t\t\t\t<img data-recalc-dims=\"1\" decoding=\"async\" class=\"yotu-video-thumb\" src=\"https:\/\/i0.wp.com\/i.ytimg.com\/vi\/oVFLmfhD4Lc\/sddefault.jpg?w=800&#038;ssl=1\" alt=\"Javier de Eguiluz | Siervo y l\u00edder | 11\/10\/2021\" \/>\n\t\t\t\t\t\t\t\t\t\t\t\t\t<\/div>\n\t\t\t\t\t<\/div>\n\t\t\t\t\t\t\t\t\t\t\t<h3 class=\"yotu-video-title\">Javier de Eguiluz | Siervo y l\u00edder | 11\/10\/2021<\/h3>\n\t\t\t\t\t\t\t\t\t\t\t\t\t\t\t\t\t\t\t<\/a>\n\t\t\t\t\t\t\t<\/li>\n\t\t\t\t\n\t\t\t\t\t\t<li class=\"\">\n\t\t\t\t\t\t\t\t<a href=\"#fz3p-2US8xU\" class=\"yotu-video\" data-videoid=\"fz3p-2US8xU\" data-title=\"Sergio Due\u00f1as | Es tiempo de determinarte | 10\/06\/2021\">\n\t\t\t\t\t<div class=\"yotu-video-thumb-wrp\">\n\t\t\t\t\t\t<div>\n\t\t\t\t\t\t\t\t\t\t\t\t\t\t<img data-recalc-dims=\"1\" decoding=\"async\" class=\"yotu-video-thumb\" src=\"https:\/\/i0.wp.com\/i.ytimg.com\/vi\/fz3p-2US8xU\/sddefault.jpg?w=800&#038;ssl=1\" alt=\"Sergio Due\u00f1as | Es tiempo de determinarte | 10\/06\/2021\" \/>\n\t\t\t\t\t\t\t\t\t\t\t\t\t<\/div>\n\t\t\t\t\t<\/div>\n\t\t\t\t\t\t\t\t\t\t\t<h3 class=\"yotu-video-title\">Sergio Due\u00f1as | Es tiempo de determinarte | 10\/06\/2021<\/h3>\n\t\t\t\t\t\t\t\t\t\t\t\t\t\t\t\t\t\t\t<\/a>\n\t\t\t\t\t\t\t<\/li>\n\t\t\t\t\n\t\t\t\t\t\t<li class=\"\">\n\t\t\t\t\t\t\t\t<a href=\"#YmJ-9uXDRQ8\" class=\"yotu-video\" data-videoid=\"YmJ-9uXDRQ8\" data-title=\"Rigoberto V\u00e1squez | Los valientes de Dios | 01\/12\/2022\">\n\t\t\t\t\t<div class=\"yotu-video-thumb-wrp\">\n\t\t\t\t\t\t<div>\n\t\t\t\t\t\t\t\t\t\t\t\t\t\t<img data-recalc-dims=\"1\" decoding=\"async\" class=\"yotu-video-thumb\" src=\"https:\/\/i0.wp.com\/i.ytimg.com\/vi\/YmJ-9uXDRQ8\/sddefault.jpg?w=800&#038;ssl=1\" alt=\"Rigoberto V\u00e1squez | Los valientes de Dios | 01\/12\/2022\" \/>\n\t\t\t\t\t\t\t\t\t\t\t\t\t<\/div>\n\t\t\t\t\t<\/div>\n\t\t\t\t\t\t\t\t\t\t\t<h3 class=\"yotu-video-title\">Rigoberto V\u00e1squez | Los valientes de Dios | 01\/12\/2022<\/h3>\n\t\t\t\t\t\t\t\t\t\t\t\t\t\t\t\t\t\t\t<\/a>\n\t\t\t\t\t\t\t<\/li>\n\t\t\t\t\n\t\t\t\t\t\t<li class=\"\">\n\t\t\t\t\t\t\t\t<a href=\"#zk6v_Qrgabw\" class=\"yotu-video\" data-videoid=\"zk6v_Qrgabw\" data-title=\"Fleming Tejada | Asumiendo tu rol como var\u00f3n | 02\/09\/2022\">\n\t\t\t\t\t<div class=\"yotu-video-thumb-wrp\">\n\t\t\t\t\t\t<div>\n\t\t\t\t\t\t\t\t\t\t\t\t\t\t<img data-recalc-dims=\"1\" decoding=\"async\" class=\"yotu-video-thumb\" src=\"https:\/\/i0.wp.com\/i.ytimg.com\/vi\/zk6v_Qrgabw\/sddefault.jpg?w=800&#038;ssl=1\" alt=\"Fleming Tejada | Asumiendo tu rol como var\u00f3n | 02\/09\/2022\" \/>\n\t\t\t\t\t\t\t\t\t\t\t\t\t<\/div>\n\t\t\t\t\t<\/div>\n\t\t\t\t\t\t\t\t\t\t\t<h3 class=\"yotu-video-title\">Fleming Tejada | Asumiendo tu rol como var\u00f3n | 02\/09\/2022<\/h3>\n\t\t\t\t\t\t\t\t\t\t\t\t\t\t\t\t\t\t\t<\/a>\n\t\t\t\t\t\t\t<\/li>\n\t\t\t\t\n\t\t\t\t\t\t<li class=\"\">\n\t\t\t\t\t\t\t\t<a href=\"#51ExjZNvc24\" class=\"yotu-video\" data-videoid=\"51ExjZNvc24\" data-title=\"Michael Lim | Soldado, atleta y labrador | 04\/13\/2022.\">\n\t\t\t\t\t<div class=\"yotu-video-thumb-wrp\">\n\t\t\t\t\t\t<div>\n\t\t\t\t\t\t\t\t\t\t\t\t\t\t<img data-recalc-dims=\"1\" decoding=\"async\" class=\"yotu-video-thumb\" src=\"https:\/\/i0.wp.com\/i.ytimg.com\/vi\/51ExjZNvc24\/sddefault.jpg?w=800&#038;ssl=1\" alt=\"Michael Lim | Soldado, atleta y labrador | 04\/13\/2022.\" \/>\n\t\t\t\t\t\t\t\t\t\t\t\t\t<\/div>\n\t\t\t\t\t<\/div>\n\t\t\t\t\t\t\t\t\t\t\t<h3 class=\"yotu-video-title\">Michael Lim | Soldado, atleta y labrador | 04\/13\/2022.<\/h3>\n\t\t\t\t\t\t\t\t\t\t\t\t\t\t\t\t\t\t\t<\/a>\n\t\t\t\t\t\t\t<\/li>\n\t\t\t\t\n\t\t\t\t\t\t<li class=\"\">\n\t\t\t\t\t\t\t\t<a href=\"#HM7kDiicv1w\" class=\"yotu-video\" data-videoid=\"HM7kDiicv1w\" data-title=\"Joel Gonz\u00e1les | Libres para servir | 04\/06\/2022\">\n\t\t\t\t\t<div class=\"yotu-video-thumb-wrp\">\n\t\t\t\t\t\t<div>\n\t\t\t\t\t\t\t\t\t\t\t\t\t\t<img data-recalc-dims=\"1\" decoding=\"async\" class=\"yotu-video-thumb\" src=\"https:\/\/i0.wp.com\/i.ytimg.com\/vi\/HM7kDiicv1w\/sddefault.jpg?w=800&#038;ssl=1\" alt=\"Joel Gonz\u00e1les | Libres para servir | 04\/06\/2022\" \/>\n\t\t\t\t\t\t\t\t\t\t\t\t\t<\/div>\n\t\t\t\t\t<\/div>\n\t\t\t\t\t\t\t\t\t\t\t<h3 class=\"yotu-video-title\">Joel Gonz\u00e1les | Libres para servir | 04\/06\/2022<\/h3>\n\t\t\t\t\t\t\t\t\t\t\t\t\t\t\t\t\t\t\t<\/a>\n\t\t\t\t\t\t\t<\/li>\n\t\t\t\t\n\t\t\t\t\t\t<li class=\"\">\n\t\t\t\t\t\t\t\t<a href=\"#8IjnscOZ6rc\" class=\"yotu-video\" data-videoid=\"8IjnscOZ6rc\" data-title=\"Edson L\u00f3pez | Volviendo a tu primer amor |  Servicio Online 08\/24\/2022\">\n\t\t\t\t\t<div class=\"yotu-video-thumb-wrp\">\n\t\t\t\t\t\t<div>\n\t\t\t\t\t\t\t\t\t\t\t\t\t\t<img data-recalc-dims=\"1\" decoding=\"async\" class=\"yotu-video-thumb\" src=\"https:\/\/i0.wp.com\/i.ytimg.com\/vi\/8IjnscOZ6rc\/sddefault.jpg?w=800&#038;ssl=1\" alt=\"Edson L\u00f3pez | Volviendo a tu primer amor |  Servicio Online 08\/24\/2022\" \/>\n\t\t\t\t\t\t\t\t\t\t\t\t\t<\/div>\n\t\t\t\t\t<\/div>\n\t\t\t\t\t\t\t\t\t\t\t<h3 class=\"yotu-video-title\">Edson L\u00f3pez | Volviendo a tu primer amor |  Servicio Online 08\/24\/2022<\/h3>\n\t\t\t\t\t\t\t\t\t\t\t\t\t\t\t\t\t\t\t<\/a>\n\t\t\t\t\t\t\t<\/li>\n\t\t\t\t\n\t\t\t\t\t\t<li class=\"\">\n\t\t\t\t\t\t\t\t<a href=\"#2Jra-qw11xY\" class=\"yotu-video\" data-videoid=\"2Jra-qw11xY\" data-title=\"Josu\u00e9 G\u00f3mez | Hombre de verdad | Servicio Online 11\/2\/22\">\n\t\t\t\t\t<div class=\"yotu-video-thumb-wrp\">\n\t\t\t\t\t\t<div>\n\t\t\t\t\t\t\t\t\t\t\t\t\t\t<img data-recalc-dims=\"1\" decoding=\"async\" class=\"yotu-video-thumb\" src=\"https:\/\/i0.wp.com\/i.ytimg.com\/vi\/2Jra-qw11xY\/sddefault.jpg?w=800&#038;ssl=1\" alt=\"Josu\u00e9 G\u00f3mez | Hombre de verdad | Servicio Online 11\/2\/22\" \/>\n\t\t\t\t\t\t\t\t\t\t\t\t\t<\/div>\n\t\t\t\t\t<\/div>\n\t\t\t\t\t\t\t\t\t\t\t<h3 class=\"yotu-video-title\">Josu\u00e9 G\u00f3mez | Hombre de verdad | Servicio Online 11\/2\/22<\/h3>\n\t\t\t\t\t\t\t\t\t\t\t\t\t\t\t\t\t\t\t<\/a>\n\t\t\t\t\t\t\t<\/li>\n\t\t\t\t\n\t\t\t\t\t\t<li class=\"\">\n\t\t\t\t\t\t\t\t<a href=\"#91HboC_AxvQ\" class=\"yotu-video\" data-videoid=\"91HboC_AxvQ\" data-title=\"Heri V\u00e1zquez | Cambio de Direcci\u00f3n | Servicio Online | 04\/19\/23\">\n\t\t\t\t\t<div class=\"yotu-video-thumb-wrp\">\n\t\t\t\t\t\t<div>\n\t\t\t\t\t\t\t\t\t\t\t\t\t\t<img data-recalc-dims=\"1\" decoding=\"async\" class=\"yotu-video-thumb\" src=\"https:\/\/i0.wp.com\/i.ytimg.com\/vi\/91HboC_AxvQ\/sddefault.jpg?w=800&#038;ssl=1\" alt=\"Heri V\u00e1zquez | Cambio de Direcci\u00f3n | Servicio Online | 04\/19\/23\" \/>\n\t\t\t\t\t\t\t\t\t\t\t\t\t<\/div>\n\t\t\t\t\t<\/div>\n\t\t\t\t\t\t\t\t\t\t\t<h3 class=\"yotu-video-title\">Heri V\u00e1zquez | Cambio de Direcci\u00f3n | Servicio Online | 04\/19\/23<\/h3>\n\t\t\t\t\t\t\t\t\t\t\t\t\t\t\t\t\t\t\t<\/a>\n\t\t\t\t\t\t\t<\/li>\n\t\t\t\t\n\t\t\t\t\t\t<li class=\"\">\n\t\t\t\t\t\t\t\t<a href=\"#vI82Woo6zOc\" class=\"yotu-video\" data-videoid=\"vI82Woo6zOc\" data-title=\"Jos\u00e9 Almeida | Principios para ser un hombre de verdad | Servicio Online 10\/02\/24\">\n\t\t\t\t\t<div class=\"yotu-video-thumb-wrp\">\n\t\t\t\t\t\t<div>\n\t\t\t\t\t\t\t\t\t\t\t\t\t\t<img data-recalc-dims=\"1\" decoding=\"async\" class=\"yotu-video-thumb\" src=\"https:\/\/i0.wp.com\/i.ytimg.com\/vi\/vI82Woo6zOc\/sddefault.jpg?w=800&#038;ssl=1\" alt=\"Jos\u00e9 Almeida | Principios para ser un hombre de verdad | Servicio Online 10\/02\/24\" \/>\n\t\t\t\t\t\t\t\t\t\t\t\t\t<\/div>\n\t\t\t\t\t<\/div>\n\t\t\t\t\t\t\t\t\t\t\t<h3 class=\"yotu-video-title\">Jos\u00e9 Almeida | Principios para ser un hombre de verdad | Servicio Online 10\/02\/24<\/h3>\n\t\t\t\t\t\t\t\t\t\t\t\t\t\t\t\t\t\t\t<\/a>\n\t\t\t\t\t\t\t<\/li>\n\t\t\t\t\n\t\t\t\t\t\t<li class=\"\">\n\t\t\t\t\t\t\t\t<a href=\"#TmnA9x6ieVc\" class=\"yotu-video\" data-videoid=\"TmnA9x6ieVc\" data-title=\"Norman Rodr\u00edguez | No ignoremos las advertencias de Dios | Servicio Online 04\/02\/25\">\n\t\t\t\t\t<div class=\"yotu-video-thumb-wrp\">\n\t\t\t\t\t\t<div>\n\t\t\t\t\t\t\t\t\t\t\t\t\t\t<img data-recalc-dims=\"1\" decoding=\"async\" class=\"yotu-video-thumb\" src=\"https:\/\/i0.wp.com\/i.ytimg.com\/vi\/TmnA9x6ieVc\/sddefault.jpg?w=800&#038;ssl=1\" alt=\"Norman Rodr\u00edguez | No ignoremos las advertencias de Dios | Servicio Online 04\/02\/25\" \/>\n\t\t\t\t\t\t\t\t\t\t\t\t\t<\/div>\n\t\t\t\t\t<\/div>\n\t\t\t\t\t\t\t\t\t\t\t<h3 class=\"yotu-video-title\">Norman Rodr\u00edguez | No ignoremos las advertencias de Dios | Servicio Online 04\/02\/25<\/h3>\n\t\t\t\t\t\t\t\t\t\t\t\t\t\t\t\t\t\t\t<\/a>\n\t\t\t\t\t\t\t<\/li>\n\t\t\t\t\n\t\t\t\t\t\t<li class=\"\">\n\t\t\t\t\t\t\t\t<a href=\"#oAYxV5D-_EI\" class=\"yotu-video\" data-videoid=\"oAYxV5D-_EI\" data-title=\"Sergio Garc\u00eda | Hombre: \u00bfD\u00f3nde est\u00e1 el problema? | Servicio Online 06\/18\/25\">\n\t\t\t\t\t<div class=\"yotu-video-thumb-wrp\">\n\t\t\t\t\t\t<div>\n\t\t\t\t\t\t\t\t\t\t\t\t\t\t<img data-recalc-dims=\"1\" decoding=\"async\" class=\"yotu-video-thumb\" src=\"https:\/\/i0.wp.com\/i.ytimg.com\/vi\/oAYxV5D-_EI\/sddefault.jpg?w=800&#038;ssl=1\" alt=\"Sergio Garc\u00eda | Hombre: \u00bfD\u00f3nde est\u00e1 el problema? | Servicio Online 06\/18\/25\" \/>\n\t\t\t\t\t\t\t\t\t\t\t\t\t<\/div>\n\t\t\t\t\t<\/div>\n\t\t\t\t\t\t\t\t\t\t\t<h3 class=\"yotu-video-title\">Sergio Garc\u00eda | Hombre: \u00bfD\u00f3nde est\u00e1 el problema? | Servicio Online 06\/18\/25<\/h3>\n\t\t\t\t\t\t\t\t\t\t\t\t\t\t\t\t\t\t\t<\/a>\n\t\t\t\t\t\t\t<\/li>\n\t\t\t\t\n\t\t\t\t\t\t<li class=\"\">\n\t\t\t\t\t\t\t\t<a href=\"#LCGc4Q0lBnY\" class=\"yotu-video\" data-videoid=\"LCGc4Q0lBnY\" data-title=\"Vicente Gonz\u00e1lez | Var\u00f3n valiente y esforzado | Servicio Online 09\/24\/25\">\n\t\t\t\t\t<div class=\"yotu-video-thumb-wrp\">\n\t\t\t\t\t\t<div>\n\t\t\t\t\t\t\t\t\t\t\t\t\t\t<img data-recalc-dims=\"1\" decoding=\"async\" class=\"yotu-video-thumb\" src=\"https:\/\/i0.wp.com\/i.ytimg.com\/vi\/LCGc4Q0lBnY\/sddefault.jpg?w=800&#038;ssl=1\" alt=\"Vicente Gonz\u00e1lez | Var\u00f3n valiente y esforzado | Servicio Online 09\/24\/25\" \/>\n\t\t\t\t\t\t\t\t\t\t\t\t\t<\/div>\n\t\t\t\t\t<\/div>\n\t\t\t\t\t\t\t\t\t\t\t<h3 class=\"yotu-video-title\">Vicente Gonz\u00e1lez | Var\u00f3n valiente y esforzado | Servicio Online 09\/24\/25<\/h3>\n\t\t\t\t\t\t\t\t\t\t\t\t\t\t\t\t\t\t\t<\/a>\n\t\t\t\t\t\t\t<\/li>\n\t\t\t\t\n\t\t\t\t\t\t<li class=\"\">\n\t\t\t\t\t\t\t\t<a href=\"#GvSeUSHKzS4\" class=\"yotu-video\" data-videoid=\"GvSeUSHKzS4\" data-title=\"Sergio Niz | Hombre de Dios, hombre bienaventurado | Servicio Online 10\/08\/25\">\n\t\t\t\t\t<div class=\"yotu-video-thumb-wrp\">\n\t\t\t\t\t\t<div>\n\t\t\t\t\t\t\t\t\t\t\t\t\t\t<img data-recalc-dims=\"1\" decoding=\"async\" class=\"yotu-video-thumb\" src=\"https:\/\/i0.wp.com\/i.ytimg.com\/vi\/GvSeUSHKzS4\/sddefault.jpg?w=800&#038;ssl=1\" alt=\"Sergio Niz | Hombre de Dios, hombre bienaventurado | Servicio Online 10\/08\/25\" \/>\n\t\t\t\t\t\t\t\t\t\t\t\t\t<\/div>\n\t\t\t\t\t<\/div>\n\t\t\t\t\t\t\t\t\t\t\t<h3 class=\"yotu-video-title\">Sergio Niz | Hombre de Dios, hombre bienaventurado | Servicio Online 10\/08\/25<\/h3>\n\t\t\t\t\t\t\t\t\t\t\t\t\t\t\t\t\t\t\t<\/a>\n\t\t\t\t\t\t\t<\/li>\n\t\t\t\t\n\t\t\t\t\t\t<li class=\"\">\n\t\t\t\t\t\t\t\t<a href=\"#q7ikiPTz9_0\" class=\"yotu-video\" data-videoid=\"q7ikiPTz9_0\" data-title=\"\u00c1ngel Sol\u00eds | Var\u00f3n, afirma tu misi\u00f3n no tu posici\u00f3n | Servicio Online 11\/19\/25\">\n\t\t\t\t\t<div class=\"yotu-video-thumb-wrp\">\n\t\t\t\t\t\t<div>\n\t\t\t\t\t\t\t\t\t\t\t\t\t\t<img data-recalc-dims=\"1\" decoding=\"async\" class=\"yotu-video-thumb\" src=\"https:\/\/i0.wp.com\/i.ytimg.com\/vi\/q7ikiPTz9_0\/sddefault.jpg?w=800&#038;ssl=1\" alt=\"\u00c1ngel Sol\u00eds | Var\u00f3n, afirma tu misi\u00f3n no tu posici\u00f3n | Servicio Online 11\/19\/25\" \/>\n\t\t\t\t\t\t\t\t\t\t\t\t\t<\/div>\n\t\t\t\t\t<\/div>\n\t\t\t\t\t\t\t\t\t\t\t<h3 class=\"yotu-video-title\">\u00c1ngel Sol\u00eds | Var\u00f3n, afirma tu misi\u00f3n no tu posici\u00f3n | Servicio Online 11\/19\/25<\/h3>\n\t\t\t\t\t\t\t\t\t\t\t\t\t\t\t\t\t\t\t<\/a>\n\t\t\t\t\t\t\t<\/li>\n\t\t\t\t\n\t\t\t\t<\/ul>\n<\/div><div class=\"yotu-pagination yotu-hide yotu-pager_layout-default yotu-pagination-bottom\">\n<a href=\"#\" class=\"yotu-pagination-prev yotu-button-prs yotu-button-prs-1\" data-page=\"prev\">Prev<\/a>\n<span class=\"yotu-pagination-current\">1<\/span> <span>of<\/span> <span class=\"yotu-pagination-total\">1<\/span>\n<a href=\"#\" class=\"yotu-pagination-next yotu-button-prs yotu-button-prs-1\" data-page=\"next\">Next<\/a>\n<\/div>\n\t\t\t\t<\/div>\n\t\t\t<\/div>\n\t\t\t<\/div>\n<\/div>\n<\/div>\n<\/div>\n<\/div>\n<\/section>\n<section id=\"_xvs2I4_RX15j\" class=\"brz-section brz-css-1593rvq\">\n<div class=\"brz-section__content brz-section--boxed brz-css-50pr2w brz-css-wqp80d\" data-brz-custom-id=\"cmGynxUFwxWq\">\n<div class=\"brz-bg\">\n<div class=\"brz-bg-color\"><\/div>\n<\/div>\n<div class=\"brz-container brz-css-1dmzw6j\">\n<div class=\"brz-row__container brz-css-v28l4r brz-css-acb2zt\" data-brz-custom-id=\"yccVupdptTkq\">\n<div class=\"brz-bg\"><\/div>\n<div class=\"brz-row brz-css-1fsgz8o brz-css-1dxsihm\">\n<div class=\"brz-columns brz-css-1uf0lwj brz-css-1fijvlw\" data-brz-custom-id=\"xxe_M6vBa7UW\">\n<div class=\"brz-bg\"><\/div>\n<div class=\"brz-column__items brz-css-hkbw1b brz-css-1bvl05m\">\n<div id=\"\" class=\"brz-css-s45zek brz-css-5y4hib brz-wrapper\">\n<div class=\"brz-rich-text brz-rich-text__custom brz-css-1rhdv9i\" data-brz-custom-id=\"dsV7IKAfz2hj\">\n<div data-brz-translate-text=\"1\">\n<p class=\"brz-tp-lg-paragraph brz-tp-sm-paragraph brz-text-lg-left brz-text-xs-center brz-tp-xs-paragraph brz-css-g7MQG\" data-generated-css=\"brz-css-tcdcw\" data-uniq-id=\"oqbtr\"><span class=\"brz-cp-color8\">Casa de Oraci\u00f3n Houston<\/span><\/p>\n<\/div>\n<\/div>\n<\/div>\n<\/div>\n<\/div>\n<div class=\"brz-columns brz-css-1uf0lwj\" data-brz-custom-id=\"zOIU9WWCK2Ix\">\n<div class=\"brz-bg\"><\/div>\n<div class=\"brz-column__items brz-css-hkbw1b brz-css-blh07j\">\n<div class=\"brz-wrapper-clone brz-css-uw865o brz-css-lbrt1h\">\n<div class=\"brz-d-xs-flex brz-flex-xs-wrap brz-css-1jc1n27 brz-css-br0u9w\" data-brz-custom-id=\"\">\n<div class=\"brz-wrapper-clone__item\" id=\"qysAklzJoXWh\">\n<div class=\"brz-icon__container\" data-brz-custom-id=\"qysAklzJoXWh\"><a class=\"brz-a\" href=\"https:\/\/soundcloud.com\/casadeoracionhoustontexas\" target=\"_self\" rel=\"noopener\" data-brz-link-type=\"external\"><span class=\"brz-icon brz-span brz-css-1ql82zh brz-css-3cclbi\"><\/span><\/a><\/div>\n<\/div>\n<div class=\"brz-wrapper-clone__item\" id=\"hT5dVFmN7G1r\">\n<div class=\"brz-icon__container\" data-brz-custom-id=\"hT5dVFmN7G1r\"><a class=\"brz-a\" href=\"https:\/\/www.facebook.com\/casadeoracionhoustontx\" target=\"_self\" rel=\"noopener\" data-brz-link-type=\"external\"><span class=\"brz-icon brz-span brz-css-1ql82zh brz-css-bnhpx9\"><\/span><\/a><\/div>\n<\/div>\n<div class=\"brz-wrapper-clone__item\" id=\"e9Qg2qHQ3HqP\">\n<div class=\"brz-icon__container\" data-brz-custom-id=\"e9Qg2qHQ3HqP\"><a class=\"brz-a\" href=\"https:\/\/www.youtube.com\/@casadeoracionhoustontx-ofi656\" target=\"_self\" rel=\"noopener\" data-brz-link-type=\"external\"><span class=\"brz-icon brz-span brz-css-1ql82zh brz-css-h42xjg\"><\/span><\/a><\/div>\n<\/div>\n<\/div>\n<\/div>\n<\/div>\n<\/div>\n<\/div>\n<\/div>\n<\/div>\n<\/div>\n<\/section>\n<\/div>\n<p>    <!-- version:1737156259 --><\/p>\n","protected":false},"excerpt":{"rendered":"<p>Home Declaraci\u00f3n de Fe Series Series en Audio Contacto Ser miembro Casa de Oraci\u00f3n Houston<\/p>\n","protected":false},"author":1,"featured_media":0,"parent":0,"menu_order":0,"comment_status":"closed","ping_status":"closed","template":"brizy-blank-template.php","meta":{"footnotes":""},"class_list":["post-1172","page","type-page","status-publish","hentry"],"aioseo_notices":[],"jetpack_sharing_enabled":true,"brizy_media":[],"_links":{"self":[{"href":"https:\/\/casadeoracionhouston.com\/index.php\/wp-json\/wp\/v2\/pages\/1172","targetHints":{"allow":["GET"]}}],"collection":[{"href":"https:\/\/casadeoracionhouston.com\/index.php\/wp-json\/wp\/v2\/pages"}],"about":[{"href":"https:\/\/casadeoracionhouston.com\/index.php\/wp-json\/wp\/v2\/types\/page"}],"author":[{"embeddable":true,"href":"https:\/\/casadeoracionhouston.com\/index.php\/wp-json\/wp\/v2\/users\/1"}],"replies":[{"embeddable":true,"href":"https:\/\/casadeoracionhouston.com\/index.php\/wp-json\/wp\/v2\/comments?post=1172"}],"version-history":[{"count":15,"href":"https:\/\/casadeoracionhouston.com\/index.php\/wp-json\/wp\/v2\/pages\/1172\/revisions"}],"predecessor-version":[{"id":1219,"href":"https:\/\/casadeoracionhouston.com\/index.php\/wp-json\/wp\/v2\/pages\/1172\/revisions\/1219"}],"wp:attachment":[{"href":"https:\/\/casadeoracionhouston.com\/index.php\/wp-json\/wp\/v2\/media?parent=1172"}],"curies":[{"name":"wp","href":"https:\/\/api.w.org\/{rel}","templated":true}]}}