{"id":1157,"date":"2023-12-13T22:44:32","date_gmt":"2023-12-13T22:44:32","guid":{"rendered":"https:\/\/casadeoracionhouston.com\/?page_id=1157"},"modified":"2026-04-08T05:54:37","modified_gmt":"2026-04-08T05:54:37","slug":"temas-para-padres","status":"publish","type":"page","link":"https:\/\/casadeoracionhouston.com\/index.php\/temas-para-padres\/","title":{"rendered":"Temas para padres"},"content":{"rendered":"<div class=\"brz-root__container brz-reset-all brz brz-root__container-page\">\n<section id=\"_w0dz0lHj9Slb\" class=\"brz-section brz-css-v62ftm brz-css-1cku7fi\">\n<div class=\"brz-section__content brz-section--boxed brz-css-11jih brz-css-1tergqr\" data-brz-custom-id=\"rb8KYKT8uU4U\">\n<div class=\"brz-container brz-css-1kbdnlq\">\n<div class=\"brz-row__container brz-css-12nyv8g\" data-brz-custom-id=\"nT5gSRrfhVV5\">\n<div class=\"brz-bg\"><\/div>\n<div class=\"brz-row brz-css-95vlcc brz-css-p21n4r\">\n<div class=\"brz-columns brz-css-zwkr8b brz-css-1ar6xc9\" data-brz-custom-id=\"iGQPLAGmGhHl\">\n<div class=\"brz-bg\"><\/div>\n<div class=\"brz-column__items brz-css-q1eal brz-css-1loh6kb\">\n<div id=\"\" class=\"brz-css-13waelu brz-css-j2w3by brz-wrapper\">\n<div class=\"brz-image brz-css-1qi9mft\" data-brz-custom-id=\"sQYesfuTjdlS\"><img data-recalc-dims=\"1\" decoding=\"async\" class=\"brz-img\" src=\"https:\/\/i0.wp.com\/casadeoracionhouston.com\/wp-content\/uploads\/2023\/11\/Transparent-Logo-Black.png?w=800&#038;ssl=1\" alt=\"\" loading=\"lazy\"><\/div>\n<\/div>\n<\/div>\n<\/div>\n<div class=\"brz-columns brz-css-zwkr8b brz-css-1l3gy5c\" data-brz-custom-id=\"lXvTpTca6XXW\">\n<div class=\"brz-bg\">\n<div class=\"brz-bg-color\"><\/div>\n<\/div>\n<div class=\"brz-column__items brz-css-q1eal brz-css-9l0wrg\">\n<div class=\"brz-wrapper-clone brz-css-1gpr9nv brz-css-16wrd3a\">\n<div class=\"brz-d-xs-flex brz-flex-xs-wrap brz-css-4s25ne brz-css-18e7lm\" data-brz-custom-id=\"\">\n<div class=\"brz-wrapper-clone__item\" id=\"ad6R3XMe26jw\"><a class=\"brz-a brz-anchor brz-btn brz-css-1qpgbha brz-css-8vw8o brz-css-bkmsf6 brz-css-7ugmyc\" href=\"#_\" target=\"_self\" rel=\"noopener\" data-brz-link-type=\"anchor\" data-brz-custom-id=\"ad6R3XMe26jw\"><span data-brz-translate-text=\"1\" class=\"brz-span brz-text__editor\"><\/span><\/a><\/div>\n<div class=\"brz-wrapper-clone__item\" id=\"baU1wgihGoDB\"><a class=\"brz-a brz-btn brz-css-1qpgbha brz-css-uctbma brz-css-bkmsf6 brz-css-1vsxb9q\" href=\"https:\/\/casadeoracionhouston.com\/\" target=\"_self\" rel=\"noopener\" data-brz-link-type=\"external\" data-brz-custom-id=\"baU1wgihGoDB\"><span data-brz-translate-text=\"1\" class=\"brz-span brz-text__editor\">Home<\/span><\/a><\/div>\n<div class=\"brz-wrapper-clone__item\" id=\"tkRF_YWbBeAl\"><a class=\"brz-a brz-btn brz-css-1qpgbha brz-css-1bz3ooa brz-css-bkmsf6 brz-css-1p9k03y\" href=\"https:\/\/casadeoracionhouston.com\/index.php\/declaracion-de-fe\/\" target=\"_self\" rel=\"noopener\" data-brz-link-type=\"external\" data-brz-custom-id=\"tkRF_YWbBeAl\"><span data-brz-translate-text=\"1\" class=\"brz-span brz-text__editor\">Declaraci\u00f3n de Fe<br \/>\n<\/span><\/a><\/div>\n<div class=\"brz-wrapper-clone__item\" id=\"onAIewmah657\"><a class=\"brz-a brz-btn brz-css-1qpgbha brz-css-iv0bx0 brz-css-bkmsf6 brz-css-3wxzx5\" href=\"https:\/\/casadeoracionhouston.com\/index.php\/series-completa\/\" target=\"_self\" rel=\"noopener\" data-brz-link-type=\"external\" data-brz-custom-id=\"onAIewmah657\"><span data-brz-translate-text=\"1\" class=\"brz-span brz-text__editor\">Series<\/span><\/a><\/div>\n<div class=\"brz-wrapper-clone__item\" id=\"qPw5mORjNAzn\"><a class=\"brz-a brz-btn brz-css-1qpgbha brz-css-1qqpwm1 brz-css-bkmsf6 brz-css-ef4zzt\" href=\"https:\/\/casadeoracionhouston.com\/index.php\/series-en-audio\/\" target=\"_self\" rel=\"noopener\" data-brz-link-type=\"external\" data-brz-custom-id=\"qPw5mORjNAzn\"><span data-brz-translate-text=\"1\" class=\"brz-span brz-text__editor\">Series en Audio<\/span><\/a><\/div>\n<div class=\"brz-wrapper-clone__item\" id=\"ke03w3ndWqKC\"><a class=\"brz-a brz-btn brz-css-1qpgbha brz-css-1tafu02 brz-css-bkmsf6 brz-css-k7zo4c\" href=\"https:\/\/casadeoracionhouston.com\/index.php\/contacto\/\" target=\"_self\" rel=\"noopener\" data-brz-link-type=\"external\" data-brz-custom-id=\"ke03w3ndWqKC\"><span data-brz-translate-text=\"1\" class=\"brz-span brz-text__editor\">Contacto<\/span><\/a><\/div>\n<div class=\"brz-wrapper-clone__item\" id=\"eeEuXcfzGLYF\"><a class=\"brz-a brz-btn brz-css-1qpgbha brz-css-bigo2a brz-css-bkmsf6 brz-css-1hrfm8l\" href=\"https:\/\/docs.google.com\/forms\/d\/e\/1FAIpQLSfuZf2lBFYOMT2oXWV5O12I_-M9YZXBWiHxJqMKzABX4j9lTQ\/viewform\" target=\"_blank\" rel=\"noopener\" data-brz-link-type=\"external\" data-brz-custom-id=\"eeEuXcfzGLYF\"><span data-brz-translate-text=\"1\" class=\"brz-span brz-text__editor\">Ser miembro<\/span><\/a><\/div>\n<\/div>\n<\/div>\n<\/div>\n<\/div>\n<\/div>\n<\/div>\n<\/div>\n<\/div>\n<\/section>\n<section id=\"_weetOhayXxQ7\" class=\"brz-section brz-css-v62ftm\">\n<div class=\"brz-section__content brz-section--boxed brz-css-11jih\" data-brz-custom-id=\"jRNdG6OCjwvG\">\n<div class=\"brz-container brz-css-1kbdnlq\">\n<div id=\"\" class=\"brz-css-13waelu brz-wrapper\">\n<div class=\"brz-wp-shortcode brz-css-1q27kli\" data-brz-custom-id=\"d30XaxUvUX2f\">\n<div>\t\t\t<div \n\t\t\tclass=\"yotu-playlist yotuwp yotu-limit-min yotu-limit-max   yotu-thumb-169  yotu-template-list\" \n\t\t\tdata-page=\"1\"\n\t\t\tid=\"yotuwp-69e243ace98c2\"\n\t\t\tdata-yotu=\"69e243ad2baf8\"\n\t\t\tdata-total=\"1\"\n\t\t\tdata-settings=\"eyJ0eXBlIjoicGxheWxpc3QiLCJpZCI6IlBMM2hLcktrMlpJcXJkVWpHREJBZjlnX2FqVkV1M1loclYiLCJwYWdpbmF0aW9uIjoib24iLCJwYWdpdHlwZSI6InBhZ2VyIiwiY29sdW1uIjoiNiIsInBlcl9wYWdlIjoiNTAiLCJ0ZW1wbGF0ZSI6Imxpc3QiLCJ0aXRsZSI6Im9uIiwiZGVzY3JpcHRpb24iOiJvZmYiLCJ0aHVtYnJhdGlvIjoiMTY5IiwibWV0YSI6Im9mZiIsIm1ldGFfZGF0YSI6Im9mZiIsIm1ldGFfcG9zaXRpb24iOiJvZmYiLCJkYXRlX2Zvcm1hdCI6Im9mZiIsIm1ldGFfYWxpZ24iOiJvZmYiLCJzdWJzY3JpYmUiOiJvZmYiLCJkdXJhdGlvbiI6Im9mZiIsIm1ldGFfaWNvbiI6Im9mZiIsIm5leHR0ZXh0IjoiIiwicHJldnRleHQiOiIiLCJsb2FkbW9yZXRleHQiOiIiLCJwbGF5ZXIiOnsibW9kZSI6ImxhcmdlIiwid2lkdGgiOiI2MDAiLCJzY3JvbGxpbmciOiIxMDAiLCJhdXRvcGxheSI6MSwiY29udHJvbHMiOjEsIm1vZGVzdGJyYW5kaW5nIjoxLCJsb29wIjowLCJhdXRvbmV4dCI6MCwic2hvd2luZm8iOjEsInJlbCI6MSwicGxheWluZyI6MCwicGxheWluZ19kZXNjcmlwdGlvbiI6MCwidGh1bWJuYWlscyI6MCwiY2NfbG9hZF9wb2xpY3kiOiIxIiwiY2NfbGFuZ19wcmVmIjoiMSIsImhsIjoiIiwiaXZfbG9hZF9wb2xpY3kiOiIxIiwiYW1wO2F1dG9uZXh0IjoxfSwibGFzdF90YWIiOiJhcGkiLCJ1c2VfYXNfbW9kYWwiOiJvZmYiLCJtb2RhbF9pZCI6Im9mZiIsImxhc3RfdXBkYXRlIjoiMTcwMDU4OTkxMiIsInN0eWxpbmciOnsicGFnZXJfbGF5b3V0IjoiZGVmYXVsdCIsImJ1dHRvbiI6IjEiLCJidXR0b25fY29sb3IiOiIiLCJidXR0b25fYmdfY29sb3IiOiIiLCJidXR0b25fY29sb3JfaG92ZXIiOiIiLCJidXR0b25fYmdfY29sb3JfaG92ZXIiOiIiLCJ2aWRlb19zdHlsZSI6IiIsInBsYXlpY29uX2NvbG9yIjoiIiwiaG92ZXJfaWNvbiI6IiIsImdhbGxlcnlfYmciOiIifSwiZWZmZWN0cyI6eyJ2aWRlb19ib3giOiIiLCJmbGlwX2VmZmVjdCI6IiJ9LCJnYWxsZXJ5X2lkIjoiNjllMjQzYWNlOThjMiIsIm5leHQiOiIiLCJwcmV2IjoiIn0=\"\n\t\t\tdata-player=\"large\"\n\t\t\tdata-showdesc=\"off\" >\n\t\t\t\t<div>\n\t\t\t\t\t\t\t\t\t\t<div class=\"yotu-wrapper-player\" style=\"width:600px\">\n\t\t\t\t\t\t\t\t\t\t\t\t<div class=\"yotu-player\">\n\t\t\t\t\t\t\t<div class=\"yotu-video-placeholder\" id=\"yotu-player-69e243ad2baf8\"><\/div>\n\t\t\t\t\t\t<\/div>\n\t\t\t\t\t\t<div class=\"yotu-playing-status\"><\/div>\n\t\t\t\t\t\t\t\t\t\t\t<\/div>\n\n\t\t\t\t\t<div class=\"yotu-pagination yotu-hide yotu-pager_layout-default yotu-pagination-top\">\n<a href=\"#\" class=\"yotu-pagination-prev yotu-button-prs yotu-button-prs-1\" data-page=\"prev\">Prev<\/a>\n<span class=\"yotu-pagination-current\">1<\/span> <span>of<\/span> <span class=\"yotu-pagination-total\">1<\/span>\n<a href=\"#\" class=\"yotu-pagination-next yotu-button-prs yotu-button-prs-1\" data-page=\"next\">Next<\/a>\n<\/div>\n<div class=\"yotu-videos yotu-mode-list yotu-column-6 yotu-player-mode-large\">\n\t<ul>\n\t\t\t\t\t<li class=\" yotu-first\">\n\t\t\t\t\t\t\t\t<a href=\"#-WW_POOUfaM\" class=\"yotu-video\" data-videoid=\"-WW_POOUfaM\" data-title=\"Antonio Espinoza | Creciendo juntos | mensaje especial para padres | 06\/23\/2021\">\n\t\t\t\t\t<div class=\"yotu-video-thumb-wrp\">\n\t\t\t\t\t\t<div>\n\t\t\t\t\t\t\t\t\t\t\t\t\t\t<img data-recalc-dims=\"1\" decoding=\"async\" class=\"yotu-video-thumb\" src=\"https:\/\/i0.wp.com\/i.ytimg.com\/vi\/-WW_POOUfaM\/sddefault.jpg?w=800&#038;ssl=1\" alt=\"Antonio Espinoza | Creciendo juntos | mensaje especial para padres | 06\/23\/2021\" \/>\n\t\t\t\t\t\t\t\t\t\t\t\t\t<\/div>\n\t\t\t\t\t<\/div>\n\t\t\t\t\t\t\t\t\t\t\t<h3 class=\"yotu-video-title\">Antonio Espinoza | Creciendo juntos | mensaje especial para padres | 06\/23\/2021<\/h3>\n\t\t\t\t\t\t\t\t\t\t\t\t\t\t\t\t\t\t\t<\/a>\n\t\t\t\t\t\t\t<\/li>\n\t\t\t\t\n\t\t\t\t\t\t<li class=\"\">\n\t\t\t\t\t\t\t\t<a href=\"#nECfQ2kdoK0\" class=\"yotu-video\" data-videoid=\"nECfQ2kdoK0\" data-title=\"Daniel Ruvalcaba | Engendrando hijos sabios | Mensaje especial para padres | 08\/19\/21\">\n\t\t\t\t\t<div class=\"yotu-video-thumb-wrp\">\n\t\t\t\t\t\t<div>\n\t\t\t\t\t\t\t\t\t\t\t\t\t\t<img data-recalc-dims=\"1\" decoding=\"async\" class=\"yotu-video-thumb\" src=\"https:\/\/i0.wp.com\/i.ytimg.com\/vi\/nECfQ2kdoK0\/sddefault.jpg?w=800&#038;ssl=1\" alt=\"Daniel Ruvalcaba | Engendrando hijos sabios | Mensaje especial para padres | 08\/19\/21\" \/>\n\t\t\t\t\t\t\t\t\t\t\t\t\t<\/div>\n\t\t\t\t\t<\/div>\n\t\t\t\t\t\t\t\t\t\t\t<h3 class=\"yotu-video-title\">Daniel Ruvalcaba | Engendrando hijos sabios | Mensaje especial para padres | 08\/19\/21<\/h3>\n\t\t\t\t\t\t\t\t\t\t\t\t\t\t\t\t\t\t\t<\/a>\n\t\t\t\t\t\t\t<\/li>\n\t\t\t\t\n\t\t\t\t\t\t<li class=\"\">\n\t\t\t\t\t\t\t\t<a href=\"#giH3po3FbhE\" class=\"yotu-video\" data-videoid=\"giH3po3FbhE\" data-title=\"Vicky de Olivares | Familias fuertes, ministerio fuerte | 07\/28\/21\">\n\t\t\t\t\t<div class=\"yotu-video-thumb-wrp\">\n\t\t\t\t\t\t<div>\n\t\t\t\t\t\t\t\t\t\t\t\t\t\t<img data-recalc-dims=\"1\" decoding=\"async\" class=\"yotu-video-thumb\" src=\"https:\/\/i0.wp.com\/i.ytimg.com\/vi\/giH3po3FbhE\/sddefault.jpg?w=800&#038;ssl=1\" alt=\"Vicky de Olivares | Familias fuertes, ministerio fuerte | 07\/28\/21\" \/>\n\t\t\t\t\t\t\t\t\t\t\t\t\t<\/div>\n\t\t\t\t\t<\/div>\n\t\t\t\t\t\t\t\t\t\t\t<h3 class=\"yotu-video-title\">Vicky de Olivares | Familias fuertes, ministerio fuerte | 07\/28\/21<\/h3>\n\t\t\t\t\t\t\t\t\t\t\t\t\t\t\t\t\t\t\t<\/a>\n\t\t\t\t\t\t\t<\/li>\n\t\t\t\t\n\t\t\t\t\t\t<li class=\"\">\n\t\t\t\t\t\t\t\t<a href=\"#UFREe8P6xjo\" class=\"yotu-video\" data-videoid=\"UFREe8P6xjo\" data-title=\"Rito Llamas | Haciendo nuestro trabajo como padres | 10\/13\/2021\">\n\t\t\t\t\t<div class=\"yotu-video-thumb-wrp\">\n\t\t\t\t\t\t<div>\n\t\t\t\t\t\t\t\t\t\t\t\t\t\t<img data-recalc-dims=\"1\" decoding=\"async\" class=\"yotu-video-thumb\" src=\"https:\/\/i0.wp.com\/i.ytimg.com\/vi\/UFREe8P6xjo\/sddefault.jpg?w=800&#038;ssl=1\" alt=\"Rito Llamas | Haciendo nuestro trabajo como padres | 10\/13\/2021\" \/>\n\t\t\t\t\t\t\t\t\t\t\t\t\t<\/div>\n\t\t\t\t\t<\/div>\n\t\t\t\t\t\t\t\t\t\t\t<h3 class=\"yotu-video-title\">Rito Llamas | Haciendo nuestro trabajo como padres | 10\/13\/2021<\/h3>\n\t\t\t\t\t\t\t\t\t\t\t\t\t\t\t\t\t\t\t<\/a>\n\t\t\t\t\t\t\t<\/li>\n\t\t\t\t\n\t\t\t\t\t\t<li class=\"\">\n\t\t\t\t\t\t\t\t<a href=\"#oiDXpfrxYAk\" class=\"yotu-video\" data-videoid=\"oiDXpfrxYAk\" data-title=\"Jonathan Arcos | Un mensaje para padres que los hijos deben o\u00edr | 01\/26\/2022\">\n\t\t\t\t\t<div class=\"yotu-video-thumb-wrp\">\n\t\t\t\t\t\t<div>\n\t\t\t\t\t\t\t\t\t\t\t\t\t\t<img data-recalc-dims=\"1\" decoding=\"async\" class=\"yotu-video-thumb\" src=\"https:\/\/i0.wp.com\/i.ytimg.com\/vi\/oiDXpfrxYAk\/sddefault.jpg?w=800&#038;ssl=1\" alt=\"Jonathan Arcos | Un mensaje para padres que los hijos deben o\u00edr | 01\/26\/2022\" \/>\n\t\t\t\t\t\t\t\t\t\t\t\t\t<\/div>\n\t\t\t\t\t<\/div>\n\t\t\t\t\t\t\t\t\t\t\t<h3 class=\"yotu-video-title\">Jonathan Arcos | Un mensaje para padres que los hijos deben o\u00edr | 01\/26\/2022<\/h3>\n\t\t\t\t\t\t\t\t\t\t\t\t\t\t\t\t\t\t\t<\/a>\n\t\t\t\t\t\t\t<\/li>\n\t\t\t\t\n\t\t\t\t\t\t<li class=\"\">\n\t\t\t\t\t\t\t\t<a href=\"#9X-16yCkc_A\" class=\"yotu-video\" data-videoid=\"9X-16yCkc_A\" data-title=\"Benjam\u00edn L\u00e1zaro | Padres conforme al coraz\u00f3n de Dios | 02\/23\/2022\">\n\t\t\t\t\t<div class=\"yotu-video-thumb-wrp\">\n\t\t\t\t\t\t<div>\n\t\t\t\t\t\t\t\t\t\t\t\t\t\t<img data-recalc-dims=\"1\" decoding=\"async\" class=\"yotu-video-thumb\" src=\"https:\/\/i0.wp.com\/i.ytimg.com\/vi\/9X-16yCkc_A\/sddefault.jpg?w=800&#038;ssl=1\" alt=\"Benjam\u00edn L\u00e1zaro | Padres conforme al coraz\u00f3n de Dios | 02\/23\/2022\" \/>\n\t\t\t\t\t\t\t\t\t\t\t\t\t<\/div>\n\t\t\t\t\t<\/div>\n\t\t\t\t\t\t\t\t\t\t\t<h3 class=\"yotu-video-title\">Benjam\u00edn L\u00e1zaro | Padres conforme al coraz\u00f3n de Dios | 02\/23\/2022<\/h3>\n\t\t\t\t\t\t\t\t\t\t\t\t\t\t\t\t\t\t\t<\/a>\n\t\t\t\t\t\t\t<\/li>\n\t\t\t\t\n\t\t\t\t\t\t<li class=\"\">\n\t\t\t\t\t\t\t\t<a href=\"#XfnPYo-vpl8\" class=\"yotu-video\" data-videoid=\"XfnPYo-vpl8\" data-title=\"Isa\u00edas Mart\u00ednez | T\u00fa y tu casa, \u00bfA qui\u00e9n servir\u00e1n? | 02\/02\/2022\">\n\t\t\t\t\t<div class=\"yotu-video-thumb-wrp\">\n\t\t\t\t\t\t<div>\n\t\t\t\t\t\t\t\t\t\t\t\t\t\t<img data-recalc-dims=\"1\" decoding=\"async\" class=\"yotu-video-thumb\" src=\"https:\/\/i0.wp.com\/i.ytimg.com\/vi\/XfnPYo-vpl8\/sddefault.jpg?w=800&#038;ssl=1\" alt=\"Isa\u00edas Mart\u00ednez | T\u00fa y tu casa, \u00bfA qui\u00e9n servir\u00e1n? | 02\/02\/2022\" \/>\n\t\t\t\t\t\t\t\t\t\t\t\t\t<\/div>\n\t\t\t\t\t<\/div>\n\t\t\t\t\t\t\t\t\t\t\t<h3 class=\"yotu-video-title\">Isa\u00edas Mart\u00ednez | T\u00fa y tu casa, \u00bfA qui\u00e9n servir\u00e1n? | 02\/02\/2022<\/h3>\n\t\t\t\t\t\t\t\t\t\t\t\t\t\t\t\t\t\t\t<\/a>\n\t\t\t\t\t\t\t<\/li>\n\t\t\t\t\n\t\t\t\t\t\t<li class=\"\">\n\t\t\t\t\t\t\t\t<a href=\"#HdPl_JuKzLU\" class=\"yotu-video\" data-videoid=\"HdPl_JuKzLU\" data-title=\"Antonio Ort\u00edz | Una familia actual | 03\/23\/2022\">\n\t\t\t\t\t<div class=\"yotu-video-thumb-wrp\">\n\t\t\t\t\t\t<div>\n\t\t\t\t\t\t\t\t\t\t\t\t\t\t<img data-recalc-dims=\"1\" decoding=\"async\" class=\"yotu-video-thumb\" src=\"https:\/\/i0.wp.com\/i.ytimg.com\/vi\/HdPl_JuKzLU\/sddefault.jpg?w=800&#038;ssl=1\" alt=\"Antonio Ort\u00edz | Una familia actual | 03\/23\/2022\" \/>\n\t\t\t\t\t\t\t\t\t\t\t\t\t<\/div>\n\t\t\t\t\t<\/div>\n\t\t\t\t\t\t\t\t\t\t\t<h3 class=\"yotu-video-title\">Antonio Ort\u00edz | Una familia actual | 03\/23\/2022<\/h3>\n\t\t\t\t\t\t\t\t\t\t\t\t\t\t\t\t\t\t\t<\/a>\n\t\t\t\t\t\t\t<\/li>\n\t\t\t\t\n\t\t\t\t\t\t<li class=\"\">\n\t\t\t\t\t\t\t\t<a href=\"#IBjtSQppy-0\" class=\"yotu-video\" data-videoid=\"IBjtSQppy-0\" data-title=\"Miguel Zepeda | Consejos pr\u00e1cticos para la familia | 05\/11\/2022\">\n\t\t\t\t\t<div class=\"yotu-video-thumb-wrp\">\n\t\t\t\t\t\t<div>\n\t\t\t\t\t\t\t\t\t\t\t\t\t\t<img data-recalc-dims=\"1\" decoding=\"async\" class=\"yotu-video-thumb\" src=\"https:\/\/i0.wp.com\/i.ytimg.com\/vi\/IBjtSQppy-0\/sddefault.jpg?w=800&#038;ssl=1\" alt=\"Miguel Zepeda | Consejos pr\u00e1cticos para la familia | 05\/11\/2022\" \/>\n\t\t\t\t\t\t\t\t\t\t\t\t\t<\/div>\n\t\t\t\t\t<\/div>\n\t\t\t\t\t\t\t\t\t\t\t<h3 class=\"yotu-video-title\">Miguel Zepeda | Consejos pr\u00e1cticos para la familia | 05\/11\/2022<\/h3>\n\t\t\t\t\t\t\t\t\t\t\t\t\t\t\t\t\t\t\t<\/a>\n\t\t\t\t\t\t\t<\/li>\n\t\t\t\t\n\t\t\t\t\t\t<li class=\"\">\n\t\t\t\t\t\t\t\t<a href=\"#VpR51GzBC6g\" class=\"yotu-video\" data-videoid=\"VpR51GzBC6g\" data-title=\"Private video\">\n\t\t\t\t\t<div class=\"yotu-video-thumb-wrp\">\n\t\t\t\t\t\t<div>\n\t\t\t\t\t\t\t\t\t\t\t\t\t\t<img decoding=\"async\" class=\"yotu-video-thumb\" src=\"\" alt=\"Private video\" \/>\n\t\t\t\t\t\t\t\t\t\t\t\t\t<\/div>\n\t\t\t\t\t<\/div>\n\t\t\t\t\t\t\t\t\t\t\t<h3 class=\"yotu-video-title\">Private video<\/h3>\n\t\t\t\t\t\t\t\t\t\t\t\t\t\t\t\t\t\t\t<\/a>\n\t\t\t\t\t\t\t<\/li>\n\t\t\t\t\n\t\t\t\t\t\t<li class=\"\">\n\t\t\t\t\t\t\t\t<a href=\"#1opLTOBhS6o\" class=\"yotu-video\" data-videoid=\"1opLTOBhS6o\" data-title=\"Sergio Ch\u00e1vez | \u00a1Escuchen padres, escuchen hijos! | 09\/28\/22\">\n\t\t\t\t\t<div class=\"yotu-video-thumb-wrp\">\n\t\t\t\t\t\t<div>\n\t\t\t\t\t\t\t\t\t\t\t\t\t\t<img data-recalc-dims=\"1\" decoding=\"async\" class=\"yotu-video-thumb\" src=\"https:\/\/i0.wp.com\/i.ytimg.com\/vi\/1opLTOBhS6o\/sddefault.jpg?w=800&#038;ssl=1\" alt=\"Sergio Ch\u00e1vez | \u00a1Escuchen padres, escuchen hijos! | 09\/28\/22\" \/>\n\t\t\t\t\t\t\t\t\t\t\t\t\t<\/div>\n\t\t\t\t\t<\/div>\n\t\t\t\t\t\t\t\t\t\t\t<h3 class=\"yotu-video-title\">Sergio Ch\u00e1vez | \u00a1Escuchen padres, escuchen hijos! | 09\/28\/22<\/h3>\n\t\t\t\t\t\t\t\t\t\t\t\t\t\t\t\t\t\t\t<\/a>\n\t\t\t\t\t\t\t<\/li>\n\t\t\t\t\n\t\t\t\t\t\t<li class=\"\">\n\t\t\t\t\t\t\t\t<a href=\"#YEVXh1Bi0AQ\" class=\"yotu-video\" data-videoid=\"YEVXh1Bi0AQ\" data-title=\"Jes\u00fas Roa | El deber de los hijos en el hogar | Servicio Online | 10\/04\/2023\">\n\t\t\t\t\t<div class=\"yotu-video-thumb-wrp\">\n\t\t\t\t\t\t<div>\n\t\t\t\t\t\t\t\t\t\t\t\t\t\t<img data-recalc-dims=\"1\" decoding=\"async\" class=\"yotu-video-thumb\" src=\"https:\/\/i0.wp.com\/i.ytimg.com\/vi\/YEVXh1Bi0AQ\/sddefault.jpg?w=800&#038;ssl=1\" alt=\"Jes\u00fas Roa | El deber de los hijos en el hogar | Servicio Online | 10\/04\/2023\" \/>\n\t\t\t\t\t\t\t\t\t\t\t\t\t<\/div>\n\t\t\t\t\t<\/div>\n\t\t\t\t\t\t\t\t\t\t\t<h3 class=\"yotu-video-title\">Jes\u00fas Roa | El deber de los hijos en el hogar | Servicio Online | 10\/04\/2023<\/h3>\n\t\t\t\t\t\t\t\t\t\t\t\t\t\t\t\t\t\t\t<\/a>\n\t\t\t\t\t\t\t<\/li>\n\t\t\t\t\n\t\t\t\t\t\t<li class=\"\">\n\t\t\t\t\t\t\t\t<a href=\"#AiMt7YMnf5I\" class=\"yotu-video\" data-videoid=\"AiMt7YMnf5I\" data-title=\"Manuel Garci\u0301a | El gran desafi\u0301o de ser padres | Servicio Online 03\/12\/25\">\n\t\t\t\t\t<div class=\"yotu-video-thumb-wrp\">\n\t\t\t\t\t\t<div>\n\t\t\t\t\t\t\t\t\t\t\t\t\t\t<img data-recalc-dims=\"1\" decoding=\"async\" class=\"yotu-video-thumb\" src=\"https:\/\/i0.wp.com\/i.ytimg.com\/vi\/AiMt7YMnf5I\/sddefault.jpg?w=800&#038;ssl=1\" alt=\"Manuel Garci\u0301a | El gran desafi\u0301o de ser padres | Servicio Online 03\/12\/25\" \/>\n\t\t\t\t\t\t\t\t\t\t\t\t\t<\/div>\n\t\t\t\t\t<\/div>\n\t\t\t\t\t\t\t\t\t\t\t<h3 class=\"yotu-video-title\">Manuel Garci\u0301a | El gran desafi\u0301o de ser padres | Servicio Online 03\/12\/25<\/h3>\n\t\t\t\t\t\t\t\t\t\t\t\t\t\t\t\t\t\t\t<\/a>\n\t\t\t\t\t\t\t<\/li>\n\t\t\t\t\n\t\t\t\t\t\t<li class=\"\">\n\t\t\t\t\t\t\t\t<a href=\"#M1z-wGvLnWk\" class=\"yotu-video\" data-videoid=\"M1z-wGvLnWk\" data-title=\"Luis Nevarez | La familia en armon\u00eda | Servicio Online 03\/26\/25\">\n\t\t\t\t\t<div class=\"yotu-video-thumb-wrp\">\n\t\t\t\t\t\t<div>\n\t\t\t\t\t\t\t\t\t\t\t\t\t\t<img data-recalc-dims=\"1\" decoding=\"async\" class=\"yotu-video-thumb\" src=\"https:\/\/i0.wp.com\/i.ytimg.com\/vi\/M1z-wGvLnWk\/sddefault.jpg?w=800&#038;ssl=1\" alt=\"Luis Nevarez | La familia en armon\u00eda | Servicio Online 03\/26\/25\" \/>\n\t\t\t\t\t\t\t\t\t\t\t\t\t<\/div>\n\t\t\t\t\t<\/div>\n\t\t\t\t\t\t\t\t\t\t\t<h3 class=\"yotu-video-title\">Luis Nevarez | La familia en armon\u00eda | Servicio Online 03\/26\/25<\/h3>\n\t\t\t\t\t\t\t\t\t\t\t\t\t\t\t\t\t\t\t<\/a>\n\t\t\t\t\t\t\t<\/li>\n\t\t\t\t\n\t\t\t\t\t\t<li class=\"\">\n\t\t\t\t\t\t\t\t<a href=\"#V1fp5tJqAIM\" class=\"yotu-video\" data-videoid=\"V1fp5tJqAIM\" data-title=\"Mario Kim | El mundo quiere adoptar a tus hijos | Servicio Online 07\/02\/25\">\n\t\t\t\t\t<div class=\"yotu-video-thumb-wrp\">\n\t\t\t\t\t\t<div>\n\t\t\t\t\t\t\t\t\t\t\t\t\t\t<img data-recalc-dims=\"1\" decoding=\"async\" class=\"yotu-video-thumb\" src=\"https:\/\/i0.wp.com\/i.ytimg.com\/vi\/V1fp5tJqAIM\/sddefault.jpg?w=800&#038;ssl=1\" alt=\"Mario Kim | El mundo quiere adoptar a tus hijos | Servicio Online 07\/02\/25\" \/>\n\t\t\t\t\t\t\t\t\t\t\t\t\t<\/div>\n\t\t\t\t\t<\/div>\n\t\t\t\t\t\t\t\t\t\t\t<h3 class=\"yotu-video-title\">Mario Kim | El mundo quiere adoptar a tus hijos | Servicio Online 07\/02\/25<\/h3>\n\t\t\t\t\t\t\t\t\t\t\t\t\t\t\t\t\t\t\t<\/a>\n\t\t\t\t\t\t\t<\/li>\n\t\t\t\t\n\t\t\t\t\t\t<li class=\"\">\n\t\t\t\t\t\t\t\t<a href=\"#qSktfCewKCU\" class=\"yotu-video\" data-videoid=\"qSktfCewKCU\" data-title=\"Alex L\u00edas | El poder de las palabras | Servicio Online 10\/15\/25\">\n\t\t\t\t\t<div class=\"yotu-video-thumb-wrp\">\n\t\t\t\t\t\t<div>\n\t\t\t\t\t\t\t\t\t\t\t\t\t\t<img data-recalc-dims=\"1\" decoding=\"async\" class=\"yotu-video-thumb\" src=\"https:\/\/i0.wp.com\/i.ytimg.com\/vi\/qSktfCewKCU\/sddefault.jpg?w=800&#038;ssl=1\" alt=\"Alex L\u00edas | El poder de las palabras | Servicio Online 10\/15\/25\" \/>\n\t\t\t\t\t\t\t\t\t\t\t\t\t<\/div>\n\t\t\t\t\t<\/div>\n\t\t\t\t\t\t\t\t\t\t\t<h3 class=\"yotu-video-title\">Alex L\u00edas | El poder de las palabras | Servicio Online 10\/15\/25<\/h3>\n\t\t\t\t\t\t\t\t\t\t\t\t\t\t\t\t\t\t\t<\/a>\n\t\t\t\t\t\t\t<\/li>\n\t\t\t\t\n\t\t\t\t\t\t<li class=\"\">\n\t\t\t\t\t\t\t\t<a href=\"#1c0exwVz0fg\" class=\"yotu-video\" data-videoid=\"1c0exwVz0fg\" data-title=\"Andy Barr\u00f3n | La Familia y la tecnolog\u00eda, construyendo sobre la roca en un mundo digital | 02\/25\/26\">\n\t\t\t\t\t<div class=\"yotu-video-thumb-wrp\">\n\t\t\t\t\t\t<div>\n\t\t\t\t\t\t\t\t\t\t\t\t\t\t<img data-recalc-dims=\"1\" decoding=\"async\" class=\"yotu-video-thumb\" src=\"https:\/\/i0.wp.com\/i.ytimg.com\/vi\/1c0exwVz0fg\/sddefault.jpg?w=800&#038;ssl=1\" alt=\"Andy Barr\u00f3n | La Familia y la tecnolog\u00eda, construyendo sobre la roca en un mundo digital | 02\/25\/26\" \/>\n\t\t\t\t\t\t\t\t\t\t\t\t\t<\/div>\n\t\t\t\t\t<\/div>\n\t\t\t\t\t\t\t\t\t\t\t<h3 class=\"yotu-video-title\">Andy Barr\u00f3n | La Familia y la tecnolog\u00eda, construyendo sobre la roca en un mundo digital | 02\/25\/26<\/h3>\n\t\t\t\t\t\t\t\t\t\t\t\t\t\t\t\t\t\t\t<\/a>\n\t\t\t\t\t\t\t<\/li>\n\t\t\t\t\n\t\t\t\t<\/ul>\n<\/div><div class=\"yotu-pagination yotu-hide yotu-pager_layout-default yotu-pagination-bottom\">\n<a href=\"#\" class=\"yotu-pagination-prev yotu-button-prs yotu-button-prs-1\" data-page=\"prev\">Prev<\/a>\n<span class=\"yotu-pagination-current\">1<\/span> <span>of<\/span> <span class=\"yotu-pagination-total\">1<\/span>\n<a href=\"#\" class=\"yotu-pagination-next yotu-button-prs yotu-button-prs-1\" data-page=\"next\">Next<\/a>\n<\/div>\n\t\t\t\t<\/div>\n\t\t\t<\/div>\n\t\t\t<\/div>\n<\/div>\n<\/div>\n<\/div>\n<\/div>\n<\/section>\n<section id=\"_ryLH2zWN_KyJ\" class=\"brz-section brz-css-v62ftm\">\n<div class=\"brz-section__content brz-section--boxed brz-css-11jih brz-css-3c6ia4\" data-brz-custom-id=\"sX7D52vqAuHX\">\n<div class=\"brz-bg\">\n<div class=\"brz-bg-color\"><\/div>\n<\/div>\n<div class=\"brz-container brz-css-1kbdnlq\">\n<div class=\"brz-row__container brz-css-12nyv8g brz-css-srv76c\" data-brz-custom-id=\"dOAzbiDqkOZL\">\n<div class=\"brz-bg\"><\/div>\n<div class=\"brz-row brz-css-95vlcc brz-css-p21n4r\">\n<div class=\"brz-columns brz-css-zwkr8b brz-css-3ish40\" data-brz-custom-id=\"sYzz1Lf5P_ig\">\n<div class=\"brz-bg\"><\/div>\n<div class=\"brz-column__items brz-css-q1eal brz-css-1e5763d\">\n<div id=\"\" class=\"brz-css-13waelu brz-css-o70rx6 brz-wrapper\">\n<div class=\"brz-rich-text brz-rich-text__custom brz-css-jyjr27\" data-brz-custom-id=\"zYNb9LPmU6mr\">\n<div data-brz-translate-text=\"1\">\n<p class=\"brz-tp-lg-paragraph brz-tp-sm-paragraph brz-text-lg-left brz-text-xs-center brz-tp-xs-paragraph brz-css-eFc8q\" data-generated-css=\"brz-css-tcdcw\" data-uniq-id=\"oqbtr\"><span class=\"brz-cp-color8\">Casa de Oraci\u00f3n Houston<\/span><\/p>\n<\/div>\n<\/div>\n<\/div>\n<\/div>\n<\/div>\n<div class=\"brz-columns brz-css-zwkr8b\" data-brz-custom-id=\"nXAwkNYpuThv\">\n<div class=\"brz-bg\"><\/div>\n<div class=\"brz-column__items brz-css-q1eal brz-css-1e1znkm\">\n<div class=\"brz-wrapper-clone brz-css-1gpr9nv brz-css-qhlwjh\">\n<div class=\"brz-d-xs-flex brz-flex-xs-wrap brz-css-4s25ne brz-css-1xs0sr3\" data-brz-custom-id=\"\">\n<div class=\"brz-wrapper-clone__item\" id=\"hE59DEA51ybf\">\n<div class=\"brz-icon__container\" data-brz-custom-id=\"hE59DEA51ybf\"><a class=\"brz-a\" href=\"https:\/\/soundcloud.com\/casadeoracionhoustontexas\" target=\"_self\" rel=\"noopener\" data-brz-link-type=\"external\"><span class=\"brz-icon brz-span brz-css-15873kr brz-css-1ha6ty4\"><\/span><\/a><\/div>\n<\/div>\n<div class=\"brz-wrapper-clone__item\" id=\"kBNRo3Hacdvz\">\n<div class=\"brz-icon__container\" data-brz-custom-id=\"kBNRo3Hacdvz\"><a class=\"brz-a\" href=\"https:\/\/www.facebook.com\/casadeoracionhoustontx\" target=\"_self\" rel=\"noopener\" data-brz-link-type=\"external\"><span class=\"brz-icon brz-span brz-css-15873kr brz-css-14hrhz0\"><\/span><\/a><\/div>\n<\/div>\n<div class=\"brz-wrapper-clone__item\" id=\"d9zl7xlFPhn6\">\n<div class=\"brz-icon__container\" data-brz-custom-id=\"d9zl7xlFPhn6\"><a class=\"brz-a\" href=\"https:\/\/www.youtube.com\/@casadeoracionhoustontx-ofi656\" target=\"_self\" rel=\"noopener\" data-brz-link-type=\"external\"><span class=\"brz-icon brz-span brz-css-15873kr brz-css-7ry5yd\"><\/span><\/a><\/div>\n<\/div>\n<\/div>\n<\/div>\n<\/div>\n<\/div>\n<\/div>\n<\/div>\n<\/div>\n<\/div>\n<\/section>\n<\/div>\n<p>    <!-- version:1737068620 --><\/p>\n","protected":false},"excerpt":{"rendered":"<p>Home Declaraci\u00f3n de Fe Series Series en Audio Contacto Ser miembro Casa de Oraci\u00f3n Houston<\/p>\n","protected":false},"author":1,"featured_media":0,"parent":0,"menu_order":0,"comment_status":"closed","ping_status":"closed","template":"brizy-blank-template.php","meta":{"footnotes":""},"class_list":["post-1157","page","type-page","status-publish","hentry"],"aioseo_notices":[],"jetpack_sharing_enabled":true,"brizy_media":[],"_links":{"self":[{"href":"https:\/\/casadeoracionhouston.com\/index.php\/wp-json\/wp\/v2\/pages\/1157","targetHints":{"allow":["GET"]}}],"collection":[{"href":"https:\/\/casadeoracionhouston.com\/index.php\/wp-json\/wp\/v2\/pages"}],"about":[{"href":"https:\/\/casadeoracionhouston.com\/index.php\/wp-json\/wp\/v2\/types\/page"}],"author":[{"embeddable":true,"href":"https:\/\/casadeoracionhouston.com\/index.php\/wp-json\/wp\/v2\/users\/1"}],"replies":[{"embeddable":true,"href":"https:\/\/casadeoracionhouston.com\/index.php\/wp-json\/wp\/v2\/comments?post=1157"}],"version-history":[{"count":4,"href":"https:\/\/casadeoracionhouston.com\/index.php\/wp-json\/wp\/v2\/pages\/1157\/revisions"}],"predecessor-version":[{"id":1169,"href":"https:\/\/casadeoracionhouston.com\/index.php\/wp-json\/wp\/v2\/pages\/1157\/revisions\/1169"}],"wp:attachment":[{"href":"https:\/\/casadeoracionhouston.com\/index.php\/wp-json\/wp\/v2\/media?parent=1157"}],"curies":[{"name":"wp","href":"https:\/\/api.w.org\/{rel}","templated":true}]}}