{"id":1046,"date":"2023-12-13T22:10:13","date_gmt":"2023-12-13T22:10:13","guid":{"rendered":"https:\/\/casadeoracionhouston.com\/?page_id=1046"},"modified":"2026-04-08T05:56:08","modified_gmt":"2026-04-08T05:56:08","slug":"temas-para-jovenes","status":"publish","type":"page","link":"https:\/\/casadeoracionhouston.com\/index.php\/temas-para-jovenes\/","title":{"rendered":"Temas para j\u00f3venes"},"content":{"rendered":"<div class=\"brz-root__container brz-reset-all brz brz-root__container-page\">\n<section id=\"_hiOfHABmGaP0\" class=\"brz-section brz-css-1nmrv02 brz-css-10jzezi\">\n<div class=\"brz-section__content brz-section--boxed brz-css-zklno4 brz-css-10z474j\" data-brz-custom-id=\"eXKu_7Wym1Ve\">\n<div class=\"brz-container brz-css-yz3kqz\">\n<div class=\"brz-row__container brz-css-1pk5nwx\" data-brz-custom-id=\"iW6kE3c8cJtX\">\n<div class=\"brz-bg\"><\/div>\n<div class=\"brz-row brz-css-y8996m brz-css-kqupul\">\n<div class=\"brz-columns brz-css-dlyinc brz-css-1vv9mz1\" data-brz-custom-id=\"dHl3tK_e9EDr\">\n<div class=\"brz-bg\"><\/div>\n<div class=\"brz-column__items brz-css-1p4fkly brz-css-2jhhxz\">\n<div id=\"\" class=\"brz-css-zecuec brz-css-kagd53 brz-wrapper\">\n<div class=\"brz-image brz-css-1s5pgyh\" data-brz-custom-id=\"fj8meBq669gx\"><img data-recalc-dims=\"1\" decoding=\"async\" class=\"brz-img\" src=\"https:\/\/i0.wp.com\/casadeoracionhouston.com\/wp-content\/uploads\/2023\/11\/Transparent-Logo-Black.png?w=800&#038;ssl=1\" alt=\"\" loading=\"lazy\"><\/div>\n<\/div>\n<\/div>\n<\/div>\n<div class=\"brz-columns brz-css-dlyinc brz-css-p0g2qy\" data-brz-custom-id=\"uMUUpDaxim_g\">\n<div class=\"brz-bg\">\n<div class=\"brz-bg-color\"><\/div>\n<\/div>\n<div class=\"brz-column__items brz-css-1p4fkly brz-css-1cbk5kg\">\n<div class=\"brz-wrapper-clone brz-css-pfay8i brz-css-1blv7bu\">\n<div class=\"brz-d-xs-flex brz-flex-xs-wrap brz-css-18j44q8 brz-css-1vu1l5n\" data-brz-custom-id=\"\">\n<div class=\"brz-wrapper-clone__item\" id=\"eW4dCVo7AFm5\"><a class=\"brz-a brz-anchor brz-btn brz-css-1gbk5vt brz-css-1eyu7sc brz-css-gflopc brz-css-e9yz8w\" href=\"#_\" target=\"_self\" rel=\"noopener\" data-brz-link-type=\"anchor\" data-brz-custom-id=\"eW4dCVo7AFm5\"><span data-brz-translate-text=\"1\" class=\"brz-span brz-text__editor\"><\/span><\/a><\/div>\n<div class=\"brz-wrapper-clone__item\" id=\"nM1LQ_W5BK_d\"><a class=\"brz-a brz-btn brz-css-1gbk5vt brz-css-1i9o55r brz-css-gflopc brz-css-n9uro8\" href=\"https:\/\/casadeoracionhouston.com\/\" target=\"_self\" rel=\"noopener\" data-brz-link-type=\"external\" data-brz-custom-id=\"nM1LQ_W5BK_d\"><span data-brz-translate-text=\"1\" class=\"brz-span brz-text__editor\">Home<\/span><\/a><\/div>\n<div class=\"brz-wrapper-clone__item\" id=\"wZGiWlA2SikZ\"><a class=\"brz-a brz-btn brz-css-1gbk5vt brz-css-4y6cv brz-css-gflopc brz-css-x12vyo\" href=\"https:\/\/casadeoracionhouston.com\/index.php\/declaracion-de-fe\/\" target=\"_self\" rel=\"noopener\" data-brz-link-type=\"external\" data-brz-custom-id=\"wZGiWlA2SikZ\"><span data-brz-translate-text=\"1\" class=\"brz-span brz-text__editor\">Declaraci\u00f3n de Fe<br \/>\n<\/span><\/a><\/div>\n<div class=\"brz-wrapper-clone__item\" id=\"r5WyWXjku1hA\"><a class=\"brz-a brz-btn brz-css-1gbk5vt brz-css-1ruxmb9 brz-css-gflopc brz-css-uxl8f7\" href=\"https:\/\/casadeoracionhouston.com\/index.php\/series-completa\/\" target=\"_self\" rel=\"noopener\" data-brz-link-type=\"external\" data-brz-custom-id=\"r5WyWXjku1hA\"><span data-brz-translate-text=\"1\" class=\"brz-span brz-text__editor\">Series<\/span><\/a><\/div>\n<div class=\"brz-wrapper-clone__item\" id=\"sBnbXwUGZn0a\"><a class=\"brz-a brz-btn brz-css-1gbk5vt brz-css-i7ddh9 brz-css-gflopc brz-css-1il20nc\" href=\"https:\/\/casadeoracionhouston.com\/index.php\/series-en-audio\/\" target=\"_self\" rel=\"noopener\" data-brz-link-type=\"external\" data-brz-custom-id=\"sBnbXwUGZn0a\"><span data-brz-translate-text=\"1\" class=\"brz-span brz-text__editor\">Series en Audio<\/span><\/a><\/div>\n<div class=\"brz-wrapper-clone__item\" id=\"k3Agfd8xm84f\"><a class=\"brz-a brz-btn brz-css-1gbk5vt brz-css-eealh8 brz-css-gflopc brz-css-1ltc9gn\" href=\"https:\/\/casadeoracionhouston.com\/index.php\/contacto\/\" target=\"_self\" rel=\"noopener\" data-brz-link-type=\"external\" data-brz-custom-id=\"k3Agfd8xm84f\"><span data-brz-translate-text=\"1\" class=\"brz-span brz-text__editor\">Contacto<\/span><\/a><\/div>\n<div class=\"brz-wrapper-clone__item\" id=\"uhqfgUhBw7wD\"><a class=\"brz-a brz-btn brz-css-1gbk5vt brz-css-bkn382 brz-css-gflopc brz-css-1cr6b9i\" href=\"https:\/\/docs.google.com\/forms\/d\/e\/1FAIpQLSfuZf2lBFYOMT2oXWV5O12I_-M9YZXBWiHxJqMKzABX4j9lTQ\/viewform\" target=\"_blank\" rel=\"noopener\" data-brz-link-type=\"external\" data-brz-custom-id=\"uhqfgUhBw7wD\"><span data-brz-translate-text=\"1\" class=\"brz-span brz-text__editor\">Ser miembro<\/span><\/a><\/div>\n<\/div>\n<\/div>\n<\/div>\n<\/div>\n<\/div>\n<\/div>\n<\/div>\n<\/div>\n<\/section>\n<section id=\"_jmnKUFk7qARo\" class=\"brz-section brz-css-1nmrv02\">\n<div class=\"brz-section__content brz-section--boxed brz-css-zklno4\" data-brz-custom-id=\"dXDZhq64y3E4\">\n<div class=\"brz-container brz-css-yz3kqz\">\n<div id=\"\" class=\"brz-css-zecuec brz-wrapper\">\n<div class=\"brz-wp-shortcode brz-css-1hrof45\" data-brz-custom-id=\"cDdpbyJqhQzB\">\n<div>\t\t\t<div \n\t\t\tclass=\"yotu-playlist yotuwp yotu-limit-min yotu-limit-max   yotu-thumb-169  yotu-template-list\" \n\t\t\tdata-page=\"1\"\n\t\t\tid=\"yotuwp-69e2436b3216e\"\n\t\t\tdata-yotu=\"69e2436b661a2\"\n\t\t\tdata-total=\"1\"\n\t\t\tdata-settings=\"eyJ0eXBlIjoicGxheWxpc3QiLCJpZCI6IlBMM2hLcktrMlpJcXB3aW1DS0xFQ3JnVUd6Nkd0YXNONHoiLCJwYWdpbmF0aW9uIjoib24iLCJwYWdpdHlwZSI6InBhZ2VyIiwiY29sdW1uIjoiNiIsInBlcl9wYWdlIjoiNTAiLCJ0ZW1wbGF0ZSI6Imxpc3QiLCJ0aXRsZSI6Im9uIiwiZGVzY3JpcHRpb24iOiJvZmYiLCJ0aHVtYnJhdGlvIjoiMTY5IiwibWV0YSI6Im9mZiIsIm1ldGFfZGF0YSI6Im9mZiIsIm1ldGFfcG9zaXRpb24iOiJvZmYiLCJkYXRlX2Zvcm1hdCI6Im9mZiIsIm1ldGFfYWxpZ24iOiJvZmYiLCJzdWJzY3JpYmUiOiJvZmYiLCJkdXJhdGlvbiI6Im9mZiIsIm1ldGFfaWNvbiI6Im9mZiIsIm5leHR0ZXh0IjoiIiwicHJldnRleHQiOiIiLCJsb2FkbW9yZXRleHQiOiIiLCJwbGF5ZXIiOnsibW9kZSI6ImxhcmdlIiwid2lkdGgiOiI2MDAiLCJzY3JvbGxpbmciOiIxMDAiLCJhdXRvcGxheSI6MSwiY29udHJvbHMiOjEsIm1vZGVzdGJyYW5kaW5nIjoxLCJsb29wIjowLCJhdXRvbmV4dCI6MCwic2hvd2luZm8iOjEsInJlbCI6MSwicGxheWluZyI6MCwicGxheWluZ19kZXNjcmlwdGlvbiI6MCwidGh1bWJuYWlscyI6MCwiY2NfbG9hZF9wb2xpY3kiOiIxIiwiY2NfbGFuZ19wcmVmIjoiMSIsImhsIjoiIiwiaXZfbG9hZF9wb2xpY3kiOiIxIiwiYW1wO2F1dG9uZXh0IjoxfSwibGFzdF90YWIiOiJhcGkiLCJ1c2VfYXNfbW9kYWwiOiJvZmYiLCJtb2RhbF9pZCI6Im9mZiIsImxhc3RfdXBkYXRlIjoiMTcwMDU4OTkxMiIsInN0eWxpbmciOnsicGFnZXJfbGF5b3V0IjoiZGVmYXVsdCIsImJ1dHRvbiI6IjEiLCJidXR0b25fY29sb3IiOiIiLCJidXR0b25fYmdfY29sb3IiOiIiLCJidXR0b25fY29sb3JfaG92ZXIiOiIiLCJidXR0b25fYmdfY29sb3JfaG92ZXIiOiIiLCJ2aWRlb19zdHlsZSI6IiIsInBsYXlpY29uX2NvbG9yIjoiIiwiaG92ZXJfaWNvbiI6IiIsImdhbGxlcnlfYmciOiIifSwiZWZmZWN0cyI6eyJ2aWRlb19ib3giOiIiLCJmbGlwX2VmZmVjdCI6IiJ9LCJnYWxsZXJ5X2lkIjoiNjllMjQzNmIzMjE2ZSIsIm5leHQiOiIiLCJwcmV2IjoiIn0=\"\n\t\t\tdata-player=\"large\"\n\t\t\tdata-showdesc=\"off\" >\n\t\t\t\t<div>\n\t\t\t\t\t\t\t\t\t\t<div class=\"yotu-wrapper-player\" style=\"width:600px\">\n\t\t\t\t\t\t\t\t\t\t\t\t<div class=\"yotu-player\">\n\t\t\t\t\t\t\t<div class=\"yotu-video-placeholder\" id=\"yotu-player-69e2436b661a2\"><\/div>\n\t\t\t\t\t\t<\/div>\n\t\t\t\t\t\t<div class=\"yotu-playing-status\"><\/div>\n\t\t\t\t\t\t\t\t\t\t\t<\/div>\n\n\t\t\t\t\t<div class=\"yotu-pagination yotu-hide yotu-pager_layout-default yotu-pagination-top\">\n<a href=\"#\" class=\"yotu-pagination-prev yotu-button-prs yotu-button-prs-1\" data-page=\"prev\">Prev<\/a>\n<span class=\"yotu-pagination-current\">1<\/span> <span>of<\/span> <span class=\"yotu-pagination-total\">1<\/span>\n<a href=\"#\" class=\"yotu-pagination-next yotu-button-prs yotu-button-prs-1\" data-page=\"next\">Next<\/a>\n<\/div>\n<div class=\"yotu-videos yotu-mode-list yotu-column-6 yotu-player-mode-large\">\n\t<ul>\n\t\t\t\t\t<li class=\" yotu-first\">\n\t\t\t\t\t\t\t\t<a href=\"#Aoc2NEYazZ0\" class=\"yotu-video\" data-videoid=\"Aoc2NEYazZ0\" data-title=\"Arsenio Ram\u00edrez | La gu\u00eda de Dios en tu juventud | Mensaje especial para j\u00f3venes | 08\/25\/21\">\n\t\t\t\t\t<div class=\"yotu-video-thumb-wrp\">\n\t\t\t\t\t\t<div>\n\t\t\t\t\t\t\t\t\t\t\t\t\t\t<img data-recalc-dims=\"1\" decoding=\"async\" class=\"yotu-video-thumb\" src=\"https:\/\/i0.wp.com\/i.ytimg.com\/vi\/Aoc2NEYazZ0\/sddefault.jpg?w=800&#038;ssl=1\" alt=\"Arsenio Ram\u00edrez | La gu\u00eda de Dios en tu juventud | Mensaje especial para j\u00f3venes | 08\/25\/21\" \/>\n\t\t\t\t\t\t\t\t\t\t\t\t\t<\/div>\n\t\t\t\t\t<\/div>\n\t\t\t\t\t\t\t\t\t\t\t<h3 class=\"yotu-video-title\">Arsenio Ram\u00edrez | La gu\u00eda de Dios en tu juventud | Mensaje especial para j\u00f3venes | 08\/25\/21<\/h3>\n\t\t\t\t\t\t\t\t\t\t\t\t\t\t\t\t\t\t\t<\/a>\n\t\t\t\t\t\t\t<\/li>\n\t\t\t\t\n\t\t\t\t\t\t<li class=\"\">\n\t\t\t\t\t\t\t\t<a href=\"#I1AGZ0EJWqM\" class=\"yotu-video\" data-videoid=\"I1AGZ0EJWqM\" data-title=\"M\u00f3nica de Ram\u00edrez | Revoluci\u00f3n | Mensaje especial para j\u00f3venes | 08\/01\/21\">\n\t\t\t\t\t<div class=\"yotu-video-thumb-wrp\">\n\t\t\t\t\t\t<div>\n\t\t\t\t\t\t\t\t\t\t\t\t\t\t<img data-recalc-dims=\"1\" decoding=\"async\" class=\"yotu-video-thumb\" src=\"https:\/\/i0.wp.com\/i.ytimg.com\/vi\/I1AGZ0EJWqM\/sddefault.jpg?w=800&#038;ssl=1\" alt=\"M\u00f3nica de Ram\u00edrez | Revoluci\u00f3n | Mensaje especial para j\u00f3venes | 08\/01\/21\" \/>\n\t\t\t\t\t\t\t\t\t\t\t\t\t<\/div>\n\t\t\t\t\t<\/div>\n\t\t\t\t\t\t\t\t\t\t\t<h3 class=\"yotu-video-title\">M\u00f3nica de Ram\u00edrez | Revoluci\u00f3n | Mensaje especial para j\u00f3venes | 08\/01\/21<\/h3>\n\t\t\t\t\t\t\t\t\t\t\t\t\t\t\t\t\t\t\t<\/a>\n\t\t\t\t\t\t\t<\/li>\n\t\t\t\t\n\t\t\t\t\t\t<li class=\"\">\n\t\t\t\t\t\t\t\t<a href=\"#k_EJ9azHBDk\" class=\"yotu-video\" data-videoid=\"k_EJ9azHBDk\" data-title=\"Nadine Luis Barbosa | Perseverar en el temor de Jehov\u00e1 | 11\/03\/2021\">\n\t\t\t\t\t<div class=\"yotu-video-thumb-wrp\">\n\t\t\t\t\t\t<div>\n\t\t\t\t\t\t\t\t\t\t\t\t\t\t<img data-recalc-dims=\"1\" decoding=\"async\" class=\"yotu-video-thumb\" src=\"https:\/\/i0.wp.com\/i.ytimg.com\/vi\/k_EJ9azHBDk\/sddefault.jpg?w=800&#038;ssl=1\" alt=\"Nadine Luis Barbosa | Perseverar en el temor de Jehov\u00e1 | 11\/03\/2021\" \/>\n\t\t\t\t\t\t\t\t\t\t\t\t\t<\/div>\n\t\t\t\t\t<\/div>\n\t\t\t\t\t\t\t\t\t\t\t<h3 class=\"yotu-video-title\">Nadine Luis Barbosa | Perseverar en el temor de Jehov\u00e1 | 11\/03\/2021<\/h3>\n\t\t\t\t\t\t\t\t\t\t\t\t\t\t\t\t\t\t\t<\/a>\n\t\t\t\t\t\t\t<\/li>\n\t\t\t\t\n\t\t\t\t\t\t<li class=\"\">\n\t\t\t\t\t\t\t\t<a href=\"#7yPbaSZ6rm4\" class=\"yotu-video\" data-videoid=\"7yPbaSZ6rm4\" data-title=\"Juan Garc\u00eda | Viviendo en Santidad | 12\/09\/2021\">\n\t\t\t\t\t<div class=\"yotu-video-thumb-wrp\">\n\t\t\t\t\t\t<div>\n\t\t\t\t\t\t\t\t\t\t\t\t\t\t<img data-recalc-dims=\"1\" decoding=\"async\" class=\"yotu-video-thumb\" src=\"https:\/\/i0.wp.com\/i.ytimg.com\/vi\/7yPbaSZ6rm4\/sddefault.jpg?w=800&#038;ssl=1\" alt=\"Juan Garc\u00eda | Viviendo en Santidad | 12\/09\/2021\" \/>\n\t\t\t\t\t\t\t\t\t\t\t\t\t<\/div>\n\t\t\t\t\t<\/div>\n\t\t\t\t\t\t\t\t\t\t\t<h3 class=\"yotu-video-title\">Juan Garc\u00eda | Viviendo en Santidad | 12\/09\/2021<\/h3>\n\t\t\t\t\t\t\t\t\t\t\t\t\t\t\t\t\t\t\t<\/a>\n\t\t\t\t\t\t\t<\/li>\n\t\t\t\t\n\t\t\t\t\t\t<li class=\"\">\n\t\t\t\t\t\t\t\t<a href=\"#gC2BebwTWW0\" class=\"yotu-video\" data-videoid=\"gC2BebwTWW0\" data-title=\"\u00c1ngel S\u00e1nchez | Un llamado a la madurez | 03\/10\/2022\">\n\t\t\t\t\t<div class=\"yotu-video-thumb-wrp\">\n\t\t\t\t\t\t<div>\n\t\t\t\t\t\t\t\t\t\t\t\t\t\t<img data-recalc-dims=\"1\" decoding=\"async\" class=\"yotu-video-thumb\" src=\"https:\/\/i0.wp.com\/i.ytimg.com\/vi\/gC2BebwTWW0\/sddefault.jpg?w=800&#038;ssl=1\" alt=\"\u00c1ngel S\u00e1nchez | Un llamado a la madurez | 03\/10\/2022\" \/>\n\t\t\t\t\t\t\t\t\t\t\t\t\t<\/div>\n\t\t\t\t\t<\/div>\n\t\t\t\t\t\t\t\t\t\t\t<h3 class=\"yotu-video-title\">\u00c1ngel S\u00e1nchez | Un llamado a la madurez | 03\/10\/2022<\/h3>\n\t\t\t\t\t\t\t\t\t\t\t\t\t\t\t\t\t\t\t<\/a>\n\t\t\t\t\t\t\t<\/li>\n\t\t\t\t\n\t\t\t\t\t\t<li class=\"\">\n\t\t\t\t\t\t\t\t<a href=\"#d2FU3RZwZME\" class=\"yotu-video\" data-videoid=\"d2FU3RZwZME\" data-title=\"Michelle Ort\u00edz | J\u00f3venes de compromiso | 03\/30\/2022\">\n\t\t\t\t\t<div class=\"yotu-video-thumb-wrp\">\n\t\t\t\t\t\t<div>\n\t\t\t\t\t\t\t\t\t\t\t\t\t\t<img data-recalc-dims=\"1\" decoding=\"async\" class=\"yotu-video-thumb\" src=\"https:\/\/i0.wp.com\/i.ytimg.com\/vi\/d2FU3RZwZME\/sddefault.jpg?w=800&#038;ssl=1\" alt=\"Michelle Ort\u00edz | J\u00f3venes de compromiso | 03\/30\/2022\" \/>\n\t\t\t\t\t\t\t\t\t\t\t\t\t<\/div>\n\t\t\t\t\t<\/div>\n\t\t\t\t\t\t\t\t\t\t\t<h3 class=\"yotu-video-title\">Michelle Ort\u00edz | J\u00f3venes de compromiso | 03\/30\/2022<\/h3>\n\t\t\t\t\t\t\t\t\t\t\t\t\t\t\t\t\t\t\t<\/a>\n\t\t\t\t\t\t\t<\/li>\n\t\t\t\t\n\t\t\t\t\t\t<li class=\"\">\n\t\t\t\t\t\t\t\t<a href=\"#Kv8jlSNE4zc\" class=\"yotu-video\" data-videoid=\"Kv8jlSNE4zc\" data-title=\"Ceci Arias | Seguir a Jes\u00fas sin condiciones | 05\/25\/2022\">\n\t\t\t\t\t<div class=\"yotu-video-thumb-wrp\">\n\t\t\t\t\t\t<div>\n\t\t\t\t\t\t\t\t\t\t\t\t\t\t<img data-recalc-dims=\"1\" decoding=\"async\" class=\"yotu-video-thumb\" src=\"https:\/\/i0.wp.com\/i.ytimg.com\/vi\/Kv8jlSNE4zc\/sddefault.jpg?w=800&#038;ssl=1\" alt=\"Ceci Arias | Seguir a Jes\u00fas sin condiciones | 05\/25\/2022\" \/>\n\t\t\t\t\t\t\t\t\t\t\t\t\t<\/div>\n\t\t\t\t\t<\/div>\n\t\t\t\t\t\t\t\t\t\t\t<h3 class=\"yotu-video-title\">Ceci Arias | Seguir a Jes\u00fas sin condiciones | 05\/25\/2022<\/h3>\n\t\t\t\t\t\t\t\t\t\t\t\t\t\t\t\t\t\t\t<\/a>\n\t\t\t\t\t\t\t<\/li>\n\t\t\t\t\n\t\t\t\t\t\t<li class=\"\">\n\t\t\t\t\t\t\t\t<a href=\"#7ppvpUlaCN4\" class=\"yotu-video\" data-videoid=\"7ppvpUlaCN4\" data-title=\"Carlos L\u00f3pez | Buenas amistades | Servicio Online 09\/21\/22\">\n\t\t\t\t\t<div class=\"yotu-video-thumb-wrp\">\n\t\t\t\t\t\t<div>\n\t\t\t\t\t\t\t\t\t\t\t\t\t\t<img data-recalc-dims=\"1\" decoding=\"async\" class=\"yotu-video-thumb\" src=\"https:\/\/i0.wp.com\/i.ytimg.com\/vi\/7ppvpUlaCN4\/sddefault.jpg?w=800&#038;ssl=1\" alt=\"Carlos L\u00f3pez | Buenas amistades | Servicio Online 09\/21\/22\" \/>\n\t\t\t\t\t\t\t\t\t\t\t\t\t<\/div>\n\t\t\t\t\t<\/div>\n\t\t\t\t\t\t\t\t\t\t\t<h3 class=\"yotu-video-title\">Carlos L\u00f3pez | Buenas amistades | Servicio Online 09\/21\/22<\/h3>\n\t\t\t\t\t\t\t\t\t\t\t\t\t\t\t\t\t\t\t<\/a>\n\t\t\t\t\t\t\t<\/li>\n\t\t\t\t\n\t\t\t\t\t\t<li class=\"\">\n\t\t\t\t\t\t\t\t<a href=\"#xotK6qukTF0\" class=\"yotu-video\" data-videoid=\"xotK6qukTF0\" data-title=\"Sam Espinoza | Viviendo en obediencia | Servicio Online | 10\/26\/22\">\n\t\t\t\t\t<div class=\"yotu-video-thumb-wrp\">\n\t\t\t\t\t\t<div>\n\t\t\t\t\t\t\t\t\t\t\t\t\t\t<img data-recalc-dims=\"1\" decoding=\"async\" class=\"yotu-video-thumb\" src=\"https:\/\/i0.wp.com\/i.ytimg.com\/vi\/xotK6qukTF0\/sddefault.jpg?w=800&#038;ssl=1\" alt=\"Sam Espinoza | Viviendo en obediencia | Servicio Online | 10\/26\/22\" \/>\n\t\t\t\t\t\t\t\t\t\t\t\t\t<\/div>\n\t\t\t\t\t<\/div>\n\t\t\t\t\t\t\t\t\t\t\t<h3 class=\"yotu-video-title\">Sam Espinoza | Viviendo en obediencia | Servicio Online | 10\/26\/22<\/h3>\n\t\t\t\t\t\t\t\t\t\t\t\t\t\t\t\t\t\t\t<\/a>\n\t\t\t\t\t\t\t<\/li>\n\t\t\t\t\n\t\t\t\t<\/ul>\n<\/div><div class=\"yotu-pagination yotu-hide yotu-pager_layout-default yotu-pagination-bottom\">\n<a href=\"#\" class=\"yotu-pagination-prev yotu-button-prs yotu-button-prs-1\" data-page=\"prev\">Prev<\/a>\n<span class=\"yotu-pagination-current\">1<\/span> <span>of<\/span> <span class=\"yotu-pagination-total\">1<\/span>\n<a href=\"#\" class=\"yotu-pagination-next yotu-button-prs yotu-button-prs-1\" data-page=\"next\">Next<\/a>\n<\/div>\n\t\t\t\t<\/div>\n\t\t\t<\/div>\n\t\t\t<\/div>\n<\/div>\n<\/div>\n<\/div>\n<\/div>\n<\/section>\n<section id=\"_cyjTkMqFOisc\" class=\"brz-section brz-css-1nmrv02\">\n<div class=\"brz-section__content brz-section--boxed brz-css-zklno4 brz-css-1d3s9sw\" data-brz-custom-id=\"ucP25gJs_bUA\">\n<div class=\"brz-bg\">\n<div class=\"brz-bg-color\"><\/div>\n<\/div>\n<div class=\"brz-container brz-css-yz3kqz\">\n<div class=\"brz-row__container brz-css-1pk5nwx brz-css-1h70qg9\" data-brz-custom-id=\"hvf06MC8O2on\">\n<div class=\"brz-bg\"><\/div>\n<div class=\"brz-row brz-css-y8996m brz-css-kqupul\">\n<div class=\"brz-columns brz-css-dlyinc brz-css-1fj9n88\" data-brz-custom-id=\"pB4HoBK5DxGG\">\n<div class=\"brz-bg\"><\/div>\n<div class=\"brz-column__items brz-css-1p4fkly brz-css-6fuetm\">\n<div id=\"\" class=\"brz-css-zecuec brz-css-1rags03 brz-wrapper\">\n<div class=\"brz-rich-text brz-rich-text__custom brz-css-1eh9zht\" data-brz-custom-id=\"fSujFcxXaVLO\">\n<div data-brz-translate-text=\"1\">\n<p class=\"brz-tp-lg-paragraph brz-tp-sm-paragraph brz-text-lg-left brz-text-xs-center brz-tp-xs-paragraph brz-css-k6AJU\" data-generated-css=\"brz-css-tcdcw\" data-uniq-id=\"oqbtr\"><span class=\"brz-cp-color8\">Casa de Oraci\u00f3n Houston<\/span><\/p>\n<\/div>\n<\/div>\n<\/div>\n<\/div>\n<\/div>\n<div class=\"brz-columns brz-css-dlyinc\" data-brz-custom-id=\"tnI8Me2v6bVU\">\n<div class=\"brz-bg\"><\/div>\n<div class=\"brz-column__items brz-css-1p4fkly brz-css-8dynx3\">\n<div class=\"brz-wrapper-clone brz-css-pfay8i brz-css-w3c9a5\">\n<div class=\"brz-d-xs-flex brz-flex-xs-wrap brz-css-18j44q8 brz-css-1pq7dhr\" data-brz-custom-id=\"\">\n<div class=\"brz-wrapper-clone__item\" id=\"r0bBmwSnUCJv\">\n<div class=\"brz-icon__container\" data-brz-custom-id=\"r0bBmwSnUCJv\"><a class=\"brz-a\" href=\"https:\/\/soundcloud.com\/casadeoracionhoustontexas\" target=\"_self\" rel=\"noopener\" data-brz-link-type=\"external\"><span class=\"brz-icon brz-span brz-css-rky33n brz-css-qd40b3\"><\/span><\/a><\/div>\n<\/div>\n<div class=\"brz-wrapper-clone__item\" id=\"wsQdHhEPHawg\">\n<div class=\"brz-icon__container\" data-brz-custom-id=\"wsQdHhEPHawg\"><a class=\"brz-a\" href=\"https:\/\/www.facebook.com\/casadeoracionhoustontx\" target=\"_self\" rel=\"noopener\" data-brz-link-type=\"external\"><span class=\"brz-icon brz-span brz-css-rky33n brz-css-19qt916\"><\/span><\/a><\/div>\n<\/div>\n<div class=\"brz-wrapper-clone__item\" id=\"oP6JnyIr9jDx\">\n<div class=\"brz-icon__container\" data-brz-custom-id=\"oP6JnyIr9jDx\"><a class=\"brz-a\" href=\"https:\/\/www.youtube.com\/@casadeoracionhoustontx-ofi656\" target=\"_self\" rel=\"noopener\" data-brz-link-type=\"external\"><span class=\"brz-icon brz-span brz-css-rky33n brz-css-3kb9eu\"><\/span><\/a><\/div>\n<\/div>\n<\/div>\n<\/div>\n<\/div>\n<\/div>\n<\/div>\n<\/div>\n<\/div>\n<\/div>\n<\/section>\n<\/div>\n<p>    <!-- version:1737142464 --><\/p>\n","protected":false},"excerpt":{"rendered":"<p>Home Declaraci\u00f3n de Fe Series Series en Audio Contacto Ser miembro Casa de Oraci\u00f3n Houston<\/p>\n","protected":false},"author":1,"featured_media":0,"parent":0,"menu_order":0,"comment_status":"closed","ping_status":"closed","template":"brizy-blank-template.php","meta":{"footnotes":""},"class_list":["post-1046","page","type-page","status-publish","hentry"],"aioseo_notices":[],"jetpack_sharing_enabled":true,"brizy_media":[],"_links":{"self":[{"href":"https:\/\/casadeoracionhouston.com\/index.php\/wp-json\/wp\/v2\/pages\/1046","targetHints":{"allow":["GET"]}}],"collection":[{"href":"https:\/\/casadeoracionhouston.com\/index.php\/wp-json\/wp\/v2\/pages"}],"about":[{"href":"https:\/\/casadeoracionhouston.com\/index.php\/wp-json\/wp\/v2\/types\/page"}],"author":[{"embeddable":true,"href":"https:\/\/casadeoracionhouston.com\/index.php\/wp-json\/wp\/v2\/users\/1"}],"replies":[{"embeddable":true,"href":"https:\/\/casadeoracionhouston.com\/index.php\/wp-json\/wp\/v2\/comments?post=1046"}],"version-history":[{"count":5,"href":"https:\/\/casadeoracionhouston.com\/index.php\/wp-json\/wp\/v2\/pages\/1046\/revisions"}],"predecessor-version":[{"id":1059,"href":"https:\/\/casadeoracionhouston.com\/index.php\/wp-json\/wp\/v2\/pages\/1046\/revisions\/1059"}],"wp:attachment":[{"href":"https:\/\/casadeoracionhouston.com\/index.php\/wp-json\/wp\/v2\/media?parent=1046"}],"curies":[{"name":"wp","href":"https:\/\/api.w.org\/{rel}","templated":true}]}}